{"id":22112,"date":"2017-10-10T18:28:22","date_gmt":"2017-10-10T16:28:22","guid":{"rendered":"https:\/\/ilgiardinodicorten.it\/prodotto\/cuore\/"},"modified":"2017-10-10T18:28:22","modified_gmt":"2017-10-10T16:28:22","slug":"cuore","status":"publish","type":"product","link":"https:\/\/ilgiardinodicorten.it\/fr\/produit\/cuore\/","title":{"rendered":"Cuore"},"content":{"rendered":"<p>Il peut \u00eatre con\u00e7u comme \u00e9l\u00e9ment d\u00e9coratif, contenant, p\u00e9rim\u00e8tre : place \u00e0 l&#8217;imagination !<\/p>\n<p><strong>DIMENSIONS:<br \/>\n<\/strong><strong>Cuore S: <\/strong>50 cm<br \/>\n<strong>Cuore M: <\/strong>60 cm<br \/>\n<strong>Cuore L:<\/strong> 80 cm<br \/>\n<strong>Cuore porte-plante \u00e0 suspendre: <\/strong>40 cm<\/p>\n","protected":false},"excerpt":{"rendered":"<p>Cuore est n\u00e9 de l\u2019amour pour la nature et les m\u00e9taux nobles: un meuble polyvalent qui peut \u00eatre utilis\u00e9 aussi bien \u00e0 l\u2019int\u00e9rieur qu\u2019\u00e0 l\u2019ext\u00e9rieur, propos\u00e9 en 3 tailles et adapt\u00e9 \u00e0 mille usages diff\u00e9rents.<\/p>\n","protected":false},"featured_media":20819,"template":"","meta":{"_acf_changed":false},"product_brand":[],"product_cat":[298],"product_tag":[],"class_list":{"0":"post-22112","1":"product","2":"type-product","3":"status-publish","4":"has-post-thumbnail","6":"product_cat-fragments-desthetique","7":"product_shipping_class-spedizione-12-fr","10":"first","11":"instock","12":"taxable","13":"shipping-taxable","14":"purchasable","15":"product-type-variable"},"acf":[],"yoast_head":"<!-- This site is optimized with the Yoast SEO plugin v27.1.1 - https:\/\/yoast.com\/product\/yoast-seo-wordpress\/ -->\n<title>Cuore - Il Giardino di Corten<\/title>\n<meta name=\"robots\" content=\"index, follow, max-snippet:-1, max-image-preview:large, max-video-preview:-1\" \/>\n<link rel=\"canonical\" href=\"https:\/\/ilgiardinodicorten.it\/produit\/cuore\/\" \/>\n<meta property=\"og:locale\" content=\"fr_FR\" \/>\n<meta property=\"og:type\" content=\"article\" \/>\n<meta property=\"og:title\" content=\"Cuore - Il Giardino di Corten\" \/>\n<meta property=\"og:description\" content=\"Cuore est n\u00e9 de l\u2019amour pour la nature et les m\u00e9taux nobles: un meuble polyvalent qui peut \u00eatre utilis\u00e9 aussi bien \u00e0 l\u2019int\u00e9rieur qu\u2019\u00e0 l\u2019ext\u00e9rieur, propos\u00e9 en 3 tailles et adapt\u00e9 \u00e0 mille usages diff\u00e9rents.\" \/>\n<meta property=\"og:url\" content=\"https:\/\/ilgiardinodicorten.it\/produit\/cuore\/\" \/>\n<meta property=\"og:site_name\" content=\"Il Giardino di Corten\" \/>\n<meta property=\"og:image\" content=\"https:\/\/ilgiardinodicorten.it\/wp-content\/uploads\/2017\/10\/Cuori-5-1.jpg\" \/>\n\t<meta property=\"og:image:width\" content=\"780\" \/>\n\t<meta property=\"og:image:height\" content=\"619\" \/>\n\t<meta property=\"og:image:type\" content=\"image\/jpeg\" \/>\n<meta name=\"twitter:card\" content=\"summary_large_image\" \/>\n<script type=\"application\/ld+json\" class=\"yoast-schema-graph\">{\"@context\":\"https:\/\/schema.org\",\"@graph\":[{\"@type\":\"WebPage\",\"@id\":\"https:\/\/ilgiardinodicorten.it\/produit\/cuore\/\",\"url\":\"https:\/\/ilgiardinodicorten.it\/produit\/cuore\/\",\"name\":\"Cuore - Il Giardino di Corten\",\"isPartOf\":{\"@id\":\"https:\/\/ilgiardinodicorten.it\/#website\"},\"primaryImageOfPage\":{\"@id\":\"https:\/\/ilgiardinodicorten.it\/produit\/cuore\/#primaryimage\"},\"image\":{\"@id\":\"https:\/\/ilgiardinodicorten.it\/produit\/cuore\/#primaryimage\"},\"thumbnailUrl\":\"https:\/\/ilgiardinodicorten.it\/wp-content\/uploads\/2017\/10\/Cuori-5-1.jpg\",\"datePublished\":\"2017-10-10T16:28:22+00:00\",\"breadcrumb\":{\"@id\":\"https:\/\/ilgiardinodicorten.it\/produit\/cuore\/#breadcrumb\"},\"inLanguage\":\"fr-FR\",\"potentialAction\":[{\"@type\":\"ReadAction\",\"target\":[\"https:\/\/ilgiardinodicorten.it\/produit\/cuore\/\"]}]},{\"@type\":\"ImageObject\",\"inLanguage\":\"fr-FR\",\"@id\":\"https:\/\/ilgiardinodicorten.it\/produit\/cuore\/#primaryimage\",\"url\":\"https:\/\/ilgiardinodicorten.it\/wp-content\/uploads\/2017\/10\/Cuori-5-1.jpg\",\"contentUrl\":\"https:\/\/ilgiardinodicorten.it\/wp-content\/uploads\/2017\/10\/Cuori-5-1.jpg\",\"width\":780,\"height\":619},{\"@type\":\"BreadcrumbList\",\"@id\":\"https:\/\/ilgiardinodicorten.it\/produit\/cuore\/#breadcrumb\",\"itemListElement\":[{\"@type\":\"ListItem\",\"position\":1,\"name\":\"Home\",\"item\":\"https:\/\/ilgiardinodicorten.it\/fr\/\"},{\"@type\":\"ListItem\",\"position\":2,\"name\":\"Boutique\",\"item\":\"https:\/\/ilgiardinodicorten.it\/fr\/boutique\/\"},{\"@type\":\"ListItem\",\"position\":3,\"name\":\"Cuore\"}]},{\"@type\":\"WebSite\",\"@id\":\"https:\/\/ilgiardinodicorten.it\/#website\",\"url\":\"https:\/\/ilgiardinodicorten.it\/\",\"name\":\"Il Giardino di Corten\",\"description\":\"\",\"potentialAction\":[{\"@type\":\"SearchAction\",\"target\":{\"@type\":\"EntryPoint\",\"urlTemplate\":\"https:\/\/ilgiardinodicorten.it\/?s={search_term_string}\"},\"query-input\":{\"@type\":\"PropertyValueSpecification\",\"valueRequired\":true,\"valueName\":\"search_term_string\"}}],\"inLanguage\":\"fr-FR\"}]}<\/script>\n<!-- \/ Yoast SEO plugin. -->","yoast_head_json":{"title":"Cuore - Il Giardino di Corten","robots":{"index":"index","follow":"follow","max-snippet":"max-snippet:-1","max-image-preview":"max-image-preview:large","max-video-preview":"max-video-preview:-1"},"canonical":"https:\/\/ilgiardinodicorten.it\/produit\/cuore\/","og_locale":"fr_FR","og_type":"article","og_title":"Cuore - Il Giardino di Corten","og_description":"Cuore est n\u00e9 de l\u2019amour pour la nature et les m\u00e9taux nobles: un meuble polyvalent qui peut \u00eatre utilis\u00e9 aussi bien \u00e0 l\u2019int\u00e9rieur qu\u2019\u00e0 l\u2019ext\u00e9rieur, propos\u00e9 en 3 tailles et adapt\u00e9 \u00e0 mille usages diff\u00e9rents.","og_url":"https:\/\/ilgiardinodicorten.it\/produit\/cuore\/","og_site_name":"Il Giardino di Corten","og_image":[{"width":780,"height":619,"url":"https:\/\/ilgiardinodicorten.it\/wp-content\/uploads\/2017\/10\/Cuori-5-1.jpg","type":"image\/jpeg"}],"twitter_card":"summary_large_image","schema":{"@context":"https:\/\/schema.org","@graph":[{"@type":"WebPage","@id":"https:\/\/ilgiardinodicorten.it\/produit\/cuore\/","url":"https:\/\/ilgiardinodicorten.it\/produit\/cuore\/","name":"Cuore - Il Giardino di Corten","isPartOf":{"@id":"https:\/\/ilgiardinodicorten.it\/#website"},"primaryImageOfPage":{"@id":"https:\/\/ilgiardinodicorten.it\/produit\/cuore\/#primaryimage"},"image":{"@id":"https:\/\/ilgiardinodicorten.it\/produit\/cuore\/#primaryimage"},"thumbnailUrl":"https:\/\/ilgiardinodicorten.it\/wp-content\/uploads\/2017\/10\/Cuori-5-1.jpg","datePublished":"2017-10-10T16:28:22+00:00","breadcrumb":{"@id":"https:\/\/ilgiardinodicorten.it\/produit\/cuore\/#breadcrumb"},"inLanguage":"fr-FR","potentialAction":[{"@type":"ReadAction","target":["https:\/\/ilgiardinodicorten.it\/produit\/cuore\/"]}]},{"@type":"ImageObject","inLanguage":"fr-FR","@id":"https:\/\/ilgiardinodicorten.it\/produit\/cuore\/#primaryimage","url":"https:\/\/ilgiardinodicorten.it\/wp-content\/uploads\/2017\/10\/Cuori-5-1.jpg","contentUrl":"https:\/\/ilgiardinodicorten.it\/wp-content\/uploads\/2017\/10\/Cuori-5-1.jpg","width":780,"height":619},{"@type":"BreadcrumbList","@id":"https:\/\/ilgiardinodicorten.it\/produit\/cuore\/#breadcrumb","itemListElement":[{"@type":"ListItem","position":1,"name":"Home","item":"https:\/\/ilgiardinodicorten.it\/fr\/"},{"@type":"ListItem","position":2,"name":"Boutique","item":"https:\/\/ilgiardinodicorten.it\/fr\/boutique\/"},{"@type":"ListItem","position":3,"name":"Cuore"}]},{"@type":"WebSite","@id":"https:\/\/ilgiardinodicorten.it\/#website","url":"https:\/\/ilgiardinodicorten.it\/","name":"Il Giardino di Corten","description":"","potentialAction":[{"@type":"SearchAction","target":{"@type":"EntryPoint","urlTemplate":"https:\/\/ilgiardinodicorten.it\/?s={search_term_string}"},"query-input":{"@type":"PropertyValueSpecification","valueRequired":true,"valueName":"search_term_string"}}],"inLanguage":"fr-FR"}]}},"_links":{"self":[{"href":"https:\/\/ilgiardinodicorten.it\/fr\/wp-json\/wp\/v2\/product\/22112","targetHints":{"allow":["GET"]}}],"collection":[{"href":"https:\/\/ilgiardinodicorten.it\/fr\/wp-json\/wp\/v2\/product"}],"about":[{"href":"https:\/\/ilgiardinodicorten.it\/fr\/wp-json\/wp\/v2\/types\/product"}],"wp:featuredmedia":[{"embeddable":true,"href":"https:\/\/ilgiardinodicorten.it\/fr\/wp-json\/wp\/v2\/media\/20819"}],"wp:attachment":[{"href":"https:\/\/ilgiardinodicorten.it\/fr\/wp-json\/wp\/v2\/media?parent=22112"}],"wp:term":[{"taxonomy":"product_brand","embeddable":true,"href":"https:\/\/ilgiardinodicorten.it\/fr\/wp-json\/wp\/v2\/product_brand?post=22112"},{"taxonomy":"product_cat","embeddable":true,"href":"https:\/\/ilgiardinodicorten.it\/fr\/wp-json\/wp\/v2\/product_cat?post=22112"},{"taxonomy":"product_tag","embeddable":true,"href":"https:\/\/ilgiardinodicorten.it\/fr\/wp-json\/wp\/v2\/product_tag?post=22112"}],"curies":[{"name":"wp","href":"https:\/\/api.w.org\/{rel}","templated":true}]}}