{"id":22138,"date":"2017-10-09T08:51:26","date_gmt":"2017-10-09T06:51:26","guid":{"rendered":"https:\/\/ilgiardinodicorten.it\/prodotto\/tavolo-efeso\/"},"modified":"2017-10-09T08:51:26","modified_gmt":"2017-10-09T06:51:26","slug":"tavolo-efeso","status":"publish","type":"product","link":"https:\/\/ilgiardinodicorten.it\/fr\/produit\/tavolo-efeso\/","title":{"rendered":"Tavolo Efeso"},"content":{"rendered":"<p>Une cr\u00e9ation unique et raffin\u00e9e, qui fait de la sobri\u00e9t\u00e9, de la lin\u00e9arit\u00e9 et de l&#8217;\u00e9l\u00e9gance ses principales qualit\u00e9s.<br \/>\nUne table rectangulaire au nom mythologique : Eph\u00e8se tire en effet son nom du dieu grec du feu, de la technologie, de l&#8217;ing\u00e9nierie, de la sculpture et de la m\u00e9tallurgie, qui a forg\u00e9 la plupart des magnifiques objets utilis\u00e9s par les dieux. <\/p>\n<p>Efeso est disponible sur demande avec des montants internes ou externes, d&#8217;une longueur de 240 ou 270 cm et peut \u00eatre personnalis\u00e9 avec une surface en bronze, cuivre ou laiton.<\/p>\n<p><strong>DIMENSIONS\u00a0:<\/strong><\/p>\n<p><strong>Efeto avec montants ext\u00e9rieurs\u00a0:<br \/>\n<\/strong>Hauteur\u00a0: 80\u00a0cm<br \/>\nLongueur : 210, 240 ou 270 cm<br \/>\nLargeur\u00a0: 90\u00a0cm<br \/>\nPoids : 52, 58 ou 62 kg<\/p>\n<p><strong>Efeso avec montants int\u00e9rieurs\u00a0:<br \/>\n<\/strong>Hauteur\u00a0: 80\u00a0cm<br \/>\nLongueur : 210, 240 ou 270 cm<br \/>\nLargeur\u00a0: 90\u00a0cm<br \/>\nPoids : 52, 58 ou 62 kg<\/p>\n","protected":false},"excerpt":{"rendered":"<p>Des lignes g\u00e9om\u00e9triques \u00e9pur\u00e9es et \u00e9paisses, con\u00e7ues pour s&#8217;adapter \u00e0 tout type d&#8217;architecture ext\u00e9rieure, garantissant robustesse et confort.<\/p>\n","protected":false},"featured_media":20882,"template":"","meta":{"_acf_changed":false},"product_brand":[],"product_cat":[351],"product_tag":[],"class_list":{"0":"post-22138","1":"product","2":"type-product","3":"status-publish","4":"has-post-thumbnail","6":"product_cat-tables-et-sieges","7":"product_shipping_class-spedizione-140-fr","10":"first","11":"instock","12":"taxable","13":"shipping-taxable","14":"purchasable","15":"product-type-variable"},"acf":[],"yoast_head":"<!-- This site is optimized with the Yoast SEO plugin v27.1.1 - https:\/\/yoast.com\/product\/yoast-seo-wordpress\/ -->\n<title>Tavolo Efeso - Il Giardino di Corten<\/title>\n<meta name=\"robots\" content=\"index, follow, max-snippet:-1, max-image-preview:large, max-video-preview:-1\" \/>\n<link rel=\"canonical\" href=\"https:\/\/ilgiardinodicorten.it\/produit\/tavolo-efeso\/\" \/>\n<meta property=\"og:locale\" content=\"fr_FR\" \/>\n<meta property=\"og:type\" content=\"article\" \/>\n<meta property=\"og:title\" content=\"Tavolo Efeso - Il Giardino di Corten\" \/>\n<meta property=\"og:description\" content=\"Des lignes g\u00e9om\u00e9triques \u00e9pur\u00e9es et \u00e9paisses, con\u00e7ues pour s&#039;adapter \u00e0 tout type d&#039;architecture ext\u00e9rieure, garantissant robustesse et confort.\" \/>\n<meta property=\"og:url\" content=\"https:\/\/ilgiardinodicorten.it\/produit\/tavolo-efeso\/\" \/>\n<meta property=\"og:site_name\" content=\"Il Giardino di Corten\" \/>\n<meta property=\"og:image\" content=\"https:\/\/ilgiardinodicorten.it\/wp-content\/uploads\/2017\/10\/Tavolo-Efeso-2.jpg\" \/>\n\t<meta property=\"og:image:width\" content=\"780\" \/>\n\t<meta property=\"og:image:height\" content=\"619\" \/>\n\t<meta property=\"og:image:type\" content=\"image\/jpeg\" \/>\n<meta name=\"twitter:card\" content=\"summary_large_image\" \/>\n<meta name=\"twitter:label1\" content=\"Dur\u00e9e de lecture estim\u00e9e\" \/>\n\t<meta name=\"twitter:data1\" content=\"1 minute\" \/>\n<script type=\"application\/ld+json\" class=\"yoast-schema-graph\">{\"@context\":\"https:\/\/schema.org\",\"@graph\":[{\"@type\":\"WebPage\",\"@id\":\"https:\/\/ilgiardinodicorten.it\/produit\/tavolo-efeso\/\",\"url\":\"https:\/\/ilgiardinodicorten.it\/produit\/tavolo-efeso\/\",\"name\":\"Tavolo Efeso - Il Giardino di Corten\",\"isPartOf\":{\"@id\":\"https:\/\/ilgiardinodicorten.it\/#website\"},\"primaryImageOfPage\":{\"@id\":\"https:\/\/ilgiardinodicorten.it\/produit\/tavolo-efeso\/#primaryimage\"},\"image\":{\"@id\":\"https:\/\/ilgiardinodicorten.it\/produit\/tavolo-efeso\/#primaryimage\"},\"thumbnailUrl\":\"https:\/\/ilgiardinodicorten.it\/wp-content\/uploads\/2017\/10\/Tavolo-Efeso-2.jpg\",\"datePublished\":\"2017-10-09T06:51:26+00:00\",\"breadcrumb\":{\"@id\":\"https:\/\/ilgiardinodicorten.it\/produit\/tavolo-efeso\/#breadcrumb\"},\"inLanguage\":\"fr-FR\",\"potentialAction\":[{\"@type\":\"ReadAction\",\"target\":[\"https:\/\/ilgiardinodicorten.it\/produit\/tavolo-efeso\/\"]}]},{\"@type\":\"ImageObject\",\"inLanguage\":\"fr-FR\",\"@id\":\"https:\/\/ilgiardinodicorten.it\/produit\/tavolo-efeso\/#primaryimage\",\"url\":\"https:\/\/ilgiardinodicorten.it\/wp-content\/uploads\/2017\/10\/Tavolo-Efeso-2.jpg\",\"contentUrl\":\"https:\/\/ilgiardinodicorten.it\/wp-content\/uploads\/2017\/10\/Tavolo-Efeso-2.jpg\",\"width\":780,\"height\":619},{\"@type\":\"BreadcrumbList\",\"@id\":\"https:\/\/ilgiardinodicorten.it\/produit\/tavolo-efeso\/#breadcrumb\",\"itemListElement\":[{\"@type\":\"ListItem\",\"position\":1,\"name\":\"Home\",\"item\":\"https:\/\/ilgiardinodicorten.it\/fr\/\"},{\"@type\":\"ListItem\",\"position\":2,\"name\":\"Boutique\",\"item\":\"https:\/\/ilgiardinodicorten.it\/fr\/boutique\/\"},{\"@type\":\"ListItem\",\"position\":3,\"name\":\"Tavolo Efeso\"}]},{\"@type\":\"WebSite\",\"@id\":\"https:\/\/ilgiardinodicorten.it\/#website\",\"url\":\"https:\/\/ilgiardinodicorten.it\/\",\"name\":\"Il Giardino di Corten\",\"description\":\"\",\"potentialAction\":[{\"@type\":\"SearchAction\",\"target\":{\"@type\":\"EntryPoint\",\"urlTemplate\":\"https:\/\/ilgiardinodicorten.it\/?s={search_term_string}\"},\"query-input\":{\"@type\":\"PropertyValueSpecification\",\"valueRequired\":true,\"valueName\":\"search_term_string\"}}],\"inLanguage\":\"fr-FR\"}]}<\/script>\n<!-- \/ Yoast SEO plugin. -->","yoast_head_json":{"title":"Tavolo Efeso - Il Giardino di Corten","robots":{"index":"index","follow":"follow","max-snippet":"max-snippet:-1","max-image-preview":"max-image-preview:large","max-video-preview":"max-video-preview:-1"},"canonical":"https:\/\/ilgiardinodicorten.it\/produit\/tavolo-efeso\/","og_locale":"fr_FR","og_type":"article","og_title":"Tavolo Efeso - Il Giardino di Corten","og_description":"Des lignes g\u00e9om\u00e9triques \u00e9pur\u00e9es et \u00e9paisses, con\u00e7ues pour s'adapter \u00e0 tout type d'architecture ext\u00e9rieure, garantissant robustesse et confort.","og_url":"https:\/\/ilgiardinodicorten.it\/produit\/tavolo-efeso\/","og_site_name":"Il Giardino di Corten","og_image":[{"width":780,"height":619,"url":"https:\/\/ilgiardinodicorten.it\/wp-content\/uploads\/2017\/10\/Tavolo-Efeso-2.jpg","type":"image\/jpeg"}],"twitter_card":"summary_large_image","twitter_misc":{"Dur\u00e9e de lecture estim\u00e9e":"1 minute"},"schema":{"@context":"https:\/\/schema.org","@graph":[{"@type":"WebPage","@id":"https:\/\/ilgiardinodicorten.it\/produit\/tavolo-efeso\/","url":"https:\/\/ilgiardinodicorten.it\/produit\/tavolo-efeso\/","name":"Tavolo Efeso - Il Giardino di Corten","isPartOf":{"@id":"https:\/\/ilgiardinodicorten.it\/#website"},"primaryImageOfPage":{"@id":"https:\/\/ilgiardinodicorten.it\/produit\/tavolo-efeso\/#primaryimage"},"image":{"@id":"https:\/\/ilgiardinodicorten.it\/produit\/tavolo-efeso\/#primaryimage"},"thumbnailUrl":"https:\/\/ilgiardinodicorten.it\/wp-content\/uploads\/2017\/10\/Tavolo-Efeso-2.jpg","datePublished":"2017-10-09T06:51:26+00:00","breadcrumb":{"@id":"https:\/\/ilgiardinodicorten.it\/produit\/tavolo-efeso\/#breadcrumb"},"inLanguage":"fr-FR","potentialAction":[{"@type":"ReadAction","target":["https:\/\/ilgiardinodicorten.it\/produit\/tavolo-efeso\/"]}]},{"@type":"ImageObject","inLanguage":"fr-FR","@id":"https:\/\/ilgiardinodicorten.it\/produit\/tavolo-efeso\/#primaryimage","url":"https:\/\/ilgiardinodicorten.it\/wp-content\/uploads\/2017\/10\/Tavolo-Efeso-2.jpg","contentUrl":"https:\/\/ilgiardinodicorten.it\/wp-content\/uploads\/2017\/10\/Tavolo-Efeso-2.jpg","width":780,"height":619},{"@type":"BreadcrumbList","@id":"https:\/\/ilgiardinodicorten.it\/produit\/tavolo-efeso\/#breadcrumb","itemListElement":[{"@type":"ListItem","position":1,"name":"Home","item":"https:\/\/ilgiardinodicorten.it\/fr\/"},{"@type":"ListItem","position":2,"name":"Boutique","item":"https:\/\/ilgiardinodicorten.it\/fr\/boutique\/"},{"@type":"ListItem","position":3,"name":"Tavolo Efeso"}]},{"@type":"WebSite","@id":"https:\/\/ilgiardinodicorten.it\/#website","url":"https:\/\/ilgiardinodicorten.it\/","name":"Il Giardino di Corten","description":"","potentialAction":[{"@type":"SearchAction","target":{"@type":"EntryPoint","urlTemplate":"https:\/\/ilgiardinodicorten.it\/?s={search_term_string}"},"query-input":{"@type":"PropertyValueSpecification","valueRequired":true,"valueName":"search_term_string"}}],"inLanguage":"fr-FR"}]}},"_links":{"self":[{"href":"https:\/\/ilgiardinodicorten.it\/fr\/wp-json\/wp\/v2\/product\/22138","targetHints":{"allow":["GET"]}}],"collection":[{"href":"https:\/\/ilgiardinodicorten.it\/fr\/wp-json\/wp\/v2\/product"}],"about":[{"href":"https:\/\/ilgiardinodicorten.it\/fr\/wp-json\/wp\/v2\/types\/product"}],"wp:featuredmedia":[{"embeddable":true,"href":"https:\/\/ilgiardinodicorten.it\/fr\/wp-json\/wp\/v2\/media\/20882"}],"wp:attachment":[{"href":"https:\/\/ilgiardinodicorten.it\/fr\/wp-json\/wp\/v2\/media?parent=22138"}],"wp:term":[{"taxonomy":"product_brand","embeddable":true,"href":"https:\/\/ilgiardinodicorten.it\/fr\/wp-json\/wp\/v2\/product_brand?post=22138"},{"taxonomy":"product_cat","embeddable":true,"href":"https:\/\/ilgiardinodicorten.it\/fr\/wp-json\/wp\/v2\/product_cat?post=22138"},{"taxonomy":"product_tag","embeddable":true,"href":"https:\/\/ilgiardinodicorten.it\/fr\/wp-json\/wp\/v2\/product_tag?post=22138"}],"curies":[{"name":"wp","href":"https:\/\/api.w.org\/{rel}","templated":true}]}}