{"id":22159,"date":"2017-10-10T17:40:36","date_gmt":"2017-10-10T15:40:36","guid":{"rendered":"https:\/\/ilgiardinodicorten.it\/prodotto\/panca-venere\/"},"modified":"2017-10-10T17:40:36","modified_gmt":"2017-10-10T15:40:36","slug":"panca-venere","status":"publish","type":"product","link":"https:\/\/ilgiardinodicorten.it\/fr\/produit\/panca-venere\/","title":{"rendered":"Panca Venere"},"content":{"rendered":"<p>Le banc Venere peut se tenir seul ou en plusieurs compositions, en harmonie avec l&#8217;environnement naturel et l&#8217;architecture de la maison.<br \/>\nLes bancs peuvent \u00eatre personnalis\u00e9s avec des finitions en cuivre, laiton ou bronze et sont disponibles en version artiste avec une surface en mosa\u00efque.<br \/>\nLe banc Venere a une forme simple et lin\u00e9aire et est parfait en combinaison avec la table <a href=\"\/prodotto\/tavolo-efeso\/\"><strong>Efeso<\/strong><\/a>. Il a des formes volontairement simples et lin\u00e9aires, il est robuste et l\u00e9ger \u00e0 la fois.<\/p>\n<p>&nbsp;<\/p>\n<p><strong>DIMENSIONS\u00a0:\u00a0<\/strong><\/p>\n<p><strong>Banc Venere M\u00a0:<br \/>\n<\/strong>Longueur\u00a0: 120\u00a0cm<br \/>\nLargeur\u00a0: 40\u00a0cm<br \/>\nHauteur\u00a0: 45\u00a0cm<br \/>\nPoids\u00a0: 13\u00a0kg<\/p>\n<p><strong>Banc Venere L\u00a0:<br \/>\n<\/strong>Longueur\u00a0: 140\u00a0cm<br \/>\nLargeur\u00a0: 40\u00a0cm<br \/>\nHauteur\u00a0: 45\u00a0cm<br \/>\nPoids\u00a0: 16\u00a0kg<\/p>\n<p><strong>Banc Venere XL\u00a0:<br \/>\n<\/strong>Longueur\u00a0: 160\u00a0cm<br \/>\nLargeur\u00a0: 40\u00a0cm<br \/>\nHauteur\u00a0: 45\u00a0cm<br \/>\nPoids\u00a0: 19\u00a0kg<\/p>\n","protected":false},"excerpt":{"rendered":"<p>Compl\u00e9ments id\u00e9aux de la table Efeso, les bancs Venere peuvent \u00e9galement exister seuls ou en plusieurs compositions, en parfaite harmonie avec l&#8217;environnement naturel et l&#8217;architecture de la maison.<\/p>\n","protected":false},"featured_media":20861,"template":"","meta":{"_acf_changed":false},"product_brand":[],"product_cat":[351],"product_tag":[],"class_list":{"0":"post-22159","1":"product","2":"type-product","3":"status-publish","4":"has-post-thumbnail","6":"product_cat-tables-et-sieges","7":"product_shipping_class-spedizione-24-fr","10":"first","11":"instock","12":"taxable","13":"shipping-taxable","14":"purchasable","15":"product-type-variable"},"acf":[],"yoast_head":"<!-- This site is optimized with the Yoast SEO plugin v27.1.1 - https:\/\/yoast.com\/product\/yoast-seo-wordpress\/ -->\n<title>Panca Venere - Il Giardino di Corten<\/title>\n<meta name=\"robots\" content=\"index, follow, max-snippet:-1, max-image-preview:large, max-video-preview:-1\" \/>\n<link rel=\"canonical\" href=\"https:\/\/ilgiardinodicorten.it\/produit\/panca-venere\/\" \/>\n<meta property=\"og:locale\" content=\"fr_FR\" \/>\n<meta property=\"og:type\" content=\"article\" \/>\n<meta property=\"og:title\" content=\"Panca Venere - Il Giardino di Corten\" \/>\n<meta property=\"og:description\" content=\"Compl\u00e9ments id\u00e9aux de la table Efeso, les bancs Venere peuvent \u00e9galement exister seuls ou en plusieurs compositions, en parfaite harmonie avec l&#039;environnement naturel et l&#039;architecture de la maison.\" \/>\n<meta property=\"og:url\" content=\"https:\/\/ilgiardinodicorten.it\/produit\/panca-venere\/\" \/>\n<meta property=\"og:site_name\" content=\"Il Giardino di Corten\" \/>\n<meta property=\"og:image\" content=\"https:\/\/ilgiardinodicorten.it\/wp-content\/uploads\/2017\/10\/Panca-Venere-4.jpg\" \/>\n\t<meta property=\"og:image:width\" content=\"780\" \/>\n\t<meta property=\"og:image:height\" content=\"619\" \/>\n\t<meta property=\"og:image:type\" content=\"image\/jpeg\" \/>\n<meta name=\"twitter:card\" content=\"summary_large_image\" \/>\n<meta name=\"twitter:label1\" content=\"Dur\u00e9e de lecture estim\u00e9e\" \/>\n\t<meta name=\"twitter:data1\" content=\"1 minute\" \/>\n<script type=\"application\/ld+json\" class=\"yoast-schema-graph\">{\"@context\":\"https:\/\/schema.org\",\"@graph\":[{\"@type\":\"WebPage\",\"@id\":\"https:\/\/ilgiardinodicorten.it\/produit\/panca-venere\/\",\"url\":\"https:\/\/ilgiardinodicorten.it\/produit\/panca-venere\/\",\"name\":\"Panca Venere - Il Giardino di Corten\",\"isPartOf\":{\"@id\":\"https:\/\/ilgiardinodicorten.it\/#website\"},\"primaryImageOfPage\":{\"@id\":\"https:\/\/ilgiardinodicorten.it\/produit\/panca-venere\/#primaryimage\"},\"image\":{\"@id\":\"https:\/\/ilgiardinodicorten.it\/produit\/panca-venere\/#primaryimage\"},\"thumbnailUrl\":\"https:\/\/ilgiardinodicorten.it\/wp-content\/uploads\/2017\/10\/Panca-Venere-4.jpg\",\"datePublished\":\"2017-10-10T15:40:36+00:00\",\"breadcrumb\":{\"@id\":\"https:\/\/ilgiardinodicorten.it\/produit\/panca-venere\/#breadcrumb\"},\"inLanguage\":\"fr-FR\",\"potentialAction\":[{\"@type\":\"ReadAction\",\"target\":[\"https:\/\/ilgiardinodicorten.it\/produit\/panca-venere\/\"]}]},{\"@type\":\"ImageObject\",\"inLanguage\":\"fr-FR\",\"@id\":\"https:\/\/ilgiardinodicorten.it\/produit\/panca-venere\/#primaryimage\",\"url\":\"https:\/\/ilgiardinodicorten.it\/wp-content\/uploads\/2017\/10\/Panca-Venere-4.jpg\",\"contentUrl\":\"https:\/\/ilgiardinodicorten.it\/wp-content\/uploads\/2017\/10\/Panca-Venere-4.jpg\",\"width\":780,\"height\":619},{\"@type\":\"BreadcrumbList\",\"@id\":\"https:\/\/ilgiardinodicorten.it\/produit\/panca-venere\/#breadcrumb\",\"itemListElement\":[{\"@type\":\"ListItem\",\"position\":1,\"name\":\"Home\",\"item\":\"https:\/\/ilgiardinodicorten.it\/fr\/\"},{\"@type\":\"ListItem\",\"position\":2,\"name\":\"Boutique\",\"item\":\"https:\/\/ilgiardinodicorten.it\/fr\/boutique\/\"},{\"@type\":\"ListItem\",\"position\":3,\"name\":\"Panca Venere\"}]},{\"@type\":\"WebSite\",\"@id\":\"https:\/\/ilgiardinodicorten.it\/#website\",\"url\":\"https:\/\/ilgiardinodicorten.it\/\",\"name\":\"Il Giardino di Corten\",\"description\":\"\",\"potentialAction\":[{\"@type\":\"SearchAction\",\"target\":{\"@type\":\"EntryPoint\",\"urlTemplate\":\"https:\/\/ilgiardinodicorten.it\/?s={search_term_string}\"},\"query-input\":{\"@type\":\"PropertyValueSpecification\",\"valueRequired\":true,\"valueName\":\"search_term_string\"}}],\"inLanguage\":\"fr-FR\"}]}<\/script>\n<!-- \/ Yoast SEO plugin. -->","yoast_head_json":{"title":"Panca Venere - Il Giardino di Corten","robots":{"index":"index","follow":"follow","max-snippet":"max-snippet:-1","max-image-preview":"max-image-preview:large","max-video-preview":"max-video-preview:-1"},"canonical":"https:\/\/ilgiardinodicorten.it\/produit\/panca-venere\/","og_locale":"fr_FR","og_type":"article","og_title":"Panca Venere - Il Giardino di Corten","og_description":"Compl\u00e9ments id\u00e9aux de la table Efeso, les bancs Venere peuvent \u00e9galement exister seuls ou en plusieurs compositions, en parfaite harmonie avec l'environnement naturel et l'architecture de la maison.","og_url":"https:\/\/ilgiardinodicorten.it\/produit\/panca-venere\/","og_site_name":"Il Giardino di Corten","og_image":[{"width":780,"height":619,"url":"https:\/\/ilgiardinodicorten.it\/wp-content\/uploads\/2017\/10\/Panca-Venere-4.jpg","type":"image\/jpeg"}],"twitter_card":"summary_large_image","twitter_misc":{"Dur\u00e9e de lecture estim\u00e9e":"1 minute"},"schema":{"@context":"https:\/\/schema.org","@graph":[{"@type":"WebPage","@id":"https:\/\/ilgiardinodicorten.it\/produit\/panca-venere\/","url":"https:\/\/ilgiardinodicorten.it\/produit\/panca-venere\/","name":"Panca Venere - Il Giardino di Corten","isPartOf":{"@id":"https:\/\/ilgiardinodicorten.it\/#website"},"primaryImageOfPage":{"@id":"https:\/\/ilgiardinodicorten.it\/produit\/panca-venere\/#primaryimage"},"image":{"@id":"https:\/\/ilgiardinodicorten.it\/produit\/panca-venere\/#primaryimage"},"thumbnailUrl":"https:\/\/ilgiardinodicorten.it\/wp-content\/uploads\/2017\/10\/Panca-Venere-4.jpg","datePublished":"2017-10-10T15:40:36+00:00","breadcrumb":{"@id":"https:\/\/ilgiardinodicorten.it\/produit\/panca-venere\/#breadcrumb"},"inLanguage":"fr-FR","potentialAction":[{"@type":"ReadAction","target":["https:\/\/ilgiardinodicorten.it\/produit\/panca-venere\/"]}]},{"@type":"ImageObject","inLanguage":"fr-FR","@id":"https:\/\/ilgiardinodicorten.it\/produit\/panca-venere\/#primaryimage","url":"https:\/\/ilgiardinodicorten.it\/wp-content\/uploads\/2017\/10\/Panca-Venere-4.jpg","contentUrl":"https:\/\/ilgiardinodicorten.it\/wp-content\/uploads\/2017\/10\/Panca-Venere-4.jpg","width":780,"height":619},{"@type":"BreadcrumbList","@id":"https:\/\/ilgiardinodicorten.it\/produit\/panca-venere\/#breadcrumb","itemListElement":[{"@type":"ListItem","position":1,"name":"Home","item":"https:\/\/ilgiardinodicorten.it\/fr\/"},{"@type":"ListItem","position":2,"name":"Boutique","item":"https:\/\/ilgiardinodicorten.it\/fr\/boutique\/"},{"@type":"ListItem","position":3,"name":"Panca Venere"}]},{"@type":"WebSite","@id":"https:\/\/ilgiardinodicorten.it\/#website","url":"https:\/\/ilgiardinodicorten.it\/","name":"Il Giardino di Corten","description":"","potentialAction":[{"@type":"SearchAction","target":{"@type":"EntryPoint","urlTemplate":"https:\/\/ilgiardinodicorten.it\/?s={search_term_string}"},"query-input":{"@type":"PropertyValueSpecification","valueRequired":true,"valueName":"search_term_string"}}],"inLanguage":"fr-FR"}]}},"_links":{"self":[{"href":"https:\/\/ilgiardinodicorten.it\/fr\/wp-json\/wp\/v2\/product\/22159","targetHints":{"allow":["GET"]}}],"collection":[{"href":"https:\/\/ilgiardinodicorten.it\/fr\/wp-json\/wp\/v2\/product"}],"about":[{"href":"https:\/\/ilgiardinodicorten.it\/fr\/wp-json\/wp\/v2\/types\/product"}],"wp:featuredmedia":[{"embeddable":true,"href":"https:\/\/ilgiardinodicorten.it\/fr\/wp-json\/wp\/v2\/media\/20861"}],"wp:attachment":[{"href":"https:\/\/ilgiardinodicorten.it\/fr\/wp-json\/wp\/v2\/media?parent=22159"}],"wp:term":[{"taxonomy":"product_brand","embeddable":true,"href":"https:\/\/ilgiardinodicorten.it\/fr\/wp-json\/wp\/v2\/product_brand?post=22159"},{"taxonomy":"product_cat","embeddable":true,"href":"https:\/\/ilgiardinodicorten.it\/fr\/wp-json\/wp\/v2\/product_cat?post=22159"},{"taxonomy":"product_tag","embeddable":true,"href":"https:\/\/ilgiardinodicorten.it\/fr\/wp-json\/wp\/v2\/product_tag?post=22159"}],"curies":[{"name":"wp","href":"https:\/\/api.w.org\/{rel}","templated":true}]}}