{"id":22173,"date":"2022-12-13T16:37:15","date_gmt":"2022-12-13T15:37:15","guid":{"rendered":"https:\/\/ilgiardinodicorten.it\/prodotto\/tebe-euclide\/"},"modified":"2022-12-13T16:37:15","modified_gmt":"2022-12-13T15:37:15","slug":"tebe-euclide","status":"publish","type":"product","link":"https:\/\/ilgiardinodicorten.it\/fr\/produit\/tebe-euclide\/","title":{"rendered":"Tebe Euclide"},"content":{"rendered":"<p>Vases verticaux aux formes carr\u00e9es, disponibles en deux tailles, pouvant \u00eatre utilis\u00e9s seuls ou en plusieurs compositions. Ils sont \u00e9quip\u00e9s d&#8217;un syst\u00e8me interne pour stocker l&#8217;eau et la restituer progressivement dans le sol.<\/p>\n<p><strong>Tebe Euclide 100<\/strong><br \/>\nCode : 10406C10<br \/>\nDimensions : 40x40x94 60cm<br \/>\nPoids\u00a0: 12\u00a0kg<\/p>\n<p><strong>Tebe Euclide 160<\/strong><br \/>\nCode : 10406C16<br \/>\nDimensions : 84x84x160cm<br \/>\nPoids\u00a0: 30\u00a0kg<\/p>\n","protected":false},"excerpt":{"rendered":"<p>La jardini\u00e8re d&#8217;angle a des lignes essentielles et rigoureuses, et dispose d&#8217;un syst\u00e8me interne pour stocker l&#8217;eau et la lib\u00e9rer progressivement dans le sol.<\/p>\n","protected":false},"featured_media":21462,"template":"","meta":{"_acf_changed":false},"product_brand":[],"product_cat":[283],"product_tag":[],"class_list":{"0":"post-22173","1":"product","2":"type-product","3":"status-publish","4":"has-post-thumbnail","6":"product_cat-jardinieres","7":"product_shipping_class-spedizione-48-fr","10":"first","11":"instock","12":"taxable","13":"shipping-taxable","14":"purchasable","15":"product-type-variable"},"acf":[],"yoast_head":"<!-- This site is optimized with the Yoast SEO plugin v27.1.1 - https:\/\/yoast.com\/product\/yoast-seo-wordpress\/ -->\n<title>Tebe Euclide - Il Giardino di Corten<\/title>\n<meta name=\"robots\" content=\"index, follow, max-snippet:-1, max-image-preview:large, max-video-preview:-1\" \/>\n<link rel=\"canonical\" href=\"https:\/\/ilgiardinodicorten.it\/produit\/tebe-euclide\/\" \/>\n<meta property=\"og:locale\" content=\"fr_FR\" \/>\n<meta property=\"og:type\" content=\"article\" \/>\n<meta property=\"og:title\" content=\"Tebe Euclide - Il Giardino di Corten\" \/>\n<meta property=\"og:description\" content=\"La jardini\u00e8re d&#039;angle a des lignes essentielles et rigoureuses, et dispose d&#039;un syst\u00e8me interne pour stocker l&#039;eau et la lib\u00e9rer progressivement dans le sol.\" \/>\n<meta property=\"og:url\" content=\"https:\/\/ilgiardinodicorten.it\/produit\/tebe-euclide\/\" \/>\n<meta property=\"og:site_name\" content=\"Il Giardino di Corten\" \/>\n<meta property=\"og:image\" content=\"https:\/\/ilgiardinodicorten.it\/wp-content\/uploads\/2022\/12\/fioriera-tebe-euclide.jpg\" \/>\n\t<meta property=\"og:image:width\" content=\"546\" \/>\n\t<meta property=\"og:image:height\" content=\"711\" \/>\n\t<meta property=\"og:image:type\" content=\"image\/jpeg\" \/>\n<meta name=\"twitter:card\" content=\"summary_large_image\" \/>\n<script type=\"application\/ld+json\" class=\"yoast-schema-graph\">{\"@context\":\"https:\/\/schema.org\",\"@graph\":[{\"@type\":\"WebPage\",\"@id\":\"https:\/\/ilgiardinodicorten.it\/produit\/tebe-euclide\/\",\"url\":\"https:\/\/ilgiardinodicorten.it\/produit\/tebe-euclide\/\",\"name\":\"Tebe Euclide - Il Giardino di Corten\",\"isPartOf\":{\"@id\":\"https:\/\/ilgiardinodicorten.it\/#website\"},\"primaryImageOfPage\":{\"@id\":\"https:\/\/ilgiardinodicorten.it\/produit\/tebe-euclide\/#primaryimage\"},\"image\":{\"@id\":\"https:\/\/ilgiardinodicorten.it\/produit\/tebe-euclide\/#primaryimage\"},\"thumbnailUrl\":\"https:\/\/ilgiardinodicorten.it\/wp-content\/uploads\/2022\/12\/fioriera-tebe-euclide.jpg\",\"datePublished\":\"2022-12-13T15:37:15+00:00\",\"breadcrumb\":{\"@id\":\"https:\/\/ilgiardinodicorten.it\/produit\/tebe-euclide\/#breadcrumb\"},\"inLanguage\":\"fr-FR\",\"potentialAction\":[{\"@type\":\"ReadAction\",\"target\":[\"https:\/\/ilgiardinodicorten.it\/produit\/tebe-euclide\/\"]}]},{\"@type\":\"ImageObject\",\"inLanguage\":\"fr-FR\",\"@id\":\"https:\/\/ilgiardinodicorten.it\/produit\/tebe-euclide\/#primaryimage\",\"url\":\"https:\/\/ilgiardinodicorten.it\/wp-content\/uploads\/2022\/12\/fioriera-tebe-euclide.jpg\",\"contentUrl\":\"https:\/\/ilgiardinodicorten.it\/wp-content\/uploads\/2022\/12\/fioriera-tebe-euclide.jpg\",\"width\":546,\"height\":711},{\"@type\":\"BreadcrumbList\",\"@id\":\"https:\/\/ilgiardinodicorten.it\/produit\/tebe-euclide\/#breadcrumb\",\"itemListElement\":[{\"@type\":\"ListItem\",\"position\":1,\"name\":\"Home\",\"item\":\"https:\/\/ilgiardinodicorten.it\/fr\/\"},{\"@type\":\"ListItem\",\"position\":2,\"name\":\"Boutique\",\"item\":\"https:\/\/ilgiardinodicorten.it\/fr\/boutique\/\"},{\"@type\":\"ListItem\",\"position\":3,\"name\":\"Tebe Euclide\"}]},{\"@type\":\"WebSite\",\"@id\":\"https:\/\/ilgiardinodicorten.it\/#website\",\"url\":\"https:\/\/ilgiardinodicorten.it\/\",\"name\":\"Il Giardino di Corten\",\"description\":\"\",\"potentialAction\":[{\"@type\":\"SearchAction\",\"target\":{\"@type\":\"EntryPoint\",\"urlTemplate\":\"https:\/\/ilgiardinodicorten.it\/?s={search_term_string}\"},\"query-input\":{\"@type\":\"PropertyValueSpecification\",\"valueRequired\":true,\"valueName\":\"search_term_string\"}}],\"inLanguage\":\"fr-FR\"}]}<\/script>\n<!-- \/ Yoast SEO plugin. -->","yoast_head_json":{"title":"Tebe Euclide - Il Giardino di Corten","robots":{"index":"index","follow":"follow","max-snippet":"max-snippet:-1","max-image-preview":"max-image-preview:large","max-video-preview":"max-video-preview:-1"},"canonical":"https:\/\/ilgiardinodicorten.it\/produit\/tebe-euclide\/","og_locale":"fr_FR","og_type":"article","og_title":"Tebe Euclide - Il Giardino di Corten","og_description":"La jardini\u00e8re d'angle a des lignes essentielles et rigoureuses, et dispose d'un syst\u00e8me interne pour stocker l'eau et la lib\u00e9rer progressivement dans le sol.","og_url":"https:\/\/ilgiardinodicorten.it\/produit\/tebe-euclide\/","og_site_name":"Il Giardino di Corten","og_image":[{"width":546,"height":711,"url":"https:\/\/ilgiardinodicorten.it\/wp-content\/uploads\/2022\/12\/fioriera-tebe-euclide.jpg","type":"image\/jpeg"}],"twitter_card":"summary_large_image","schema":{"@context":"https:\/\/schema.org","@graph":[{"@type":"WebPage","@id":"https:\/\/ilgiardinodicorten.it\/produit\/tebe-euclide\/","url":"https:\/\/ilgiardinodicorten.it\/produit\/tebe-euclide\/","name":"Tebe Euclide - Il Giardino di Corten","isPartOf":{"@id":"https:\/\/ilgiardinodicorten.it\/#website"},"primaryImageOfPage":{"@id":"https:\/\/ilgiardinodicorten.it\/produit\/tebe-euclide\/#primaryimage"},"image":{"@id":"https:\/\/ilgiardinodicorten.it\/produit\/tebe-euclide\/#primaryimage"},"thumbnailUrl":"https:\/\/ilgiardinodicorten.it\/wp-content\/uploads\/2022\/12\/fioriera-tebe-euclide.jpg","datePublished":"2022-12-13T15:37:15+00:00","breadcrumb":{"@id":"https:\/\/ilgiardinodicorten.it\/produit\/tebe-euclide\/#breadcrumb"},"inLanguage":"fr-FR","potentialAction":[{"@type":"ReadAction","target":["https:\/\/ilgiardinodicorten.it\/produit\/tebe-euclide\/"]}]},{"@type":"ImageObject","inLanguage":"fr-FR","@id":"https:\/\/ilgiardinodicorten.it\/produit\/tebe-euclide\/#primaryimage","url":"https:\/\/ilgiardinodicorten.it\/wp-content\/uploads\/2022\/12\/fioriera-tebe-euclide.jpg","contentUrl":"https:\/\/ilgiardinodicorten.it\/wp-content\/uploads\/2022\/12\/fioriera-tebe-euclide.jpg","width":546,"height":711},{"@type":"BreadcrumbList","@id":"https:\/\/ilgiardinodicorten.it\/produit\/tebe-euclide\/#breadcrumb","itemListElement":[{"@type":"ListItem","position":1,"name":"Home","item":"https:\/\/ilgiardinodicorten.it\/fr\/"},{"@type":"ListItem","position":2,"name":"Boutique","item":"https:\/\/ilgiardinodicorten.it\/fr\/boutique\/"},{"@type":"ListItem","position":3,"name":"Tebe Euclide"}]},{"@type":"WebSite","@id":"https:\/\/ilgiardinodicorten.it\/#website","url":"https:\/\/ilgiardinodicorten.it\/","name":"Il Giardino di Corten","description":"","potentialAction":[{"@type":"SearchAction","target":{"@type":"EntryPoint","urlTemplate":"https:\/\/ilgiardinodicorten.it\/?s={search_term_string}"},"query-input":{"@type":"PropertyValueSpecification","valueRequired":true,"valueName":"search_term_string"}}],"inLanguage":"fr-FR"}]}},"_links":{"self":[{"href":"https:\/\/ilgiardinodicorten.it\/fr\/wp-json\/wp\/v2\/product\/22173","targetHints":{"allow":["GET"]}}],"collection":[{"href":"https:\/\/ilgiardinodicorten.it\/fr\/wp-json\/wp\/v2\/product"}],"about":[{"href":"https:\/\/ilgiardinodicorten.it\/fr\/wp-json\/wp\/v2\/types\/product"}],"wp:featuredmedia":[{"embeddable":true,"href":"https:\/\/ilgiardinodicorten.it\/fr\/wp-json\/wp\/v2\/media\/21462"}],"wp:attachment":[{"href":"https:\/\/ilgiardinodicorten.it\/fr\/wp-json\/wp\/v2\/media?parent=22173"}],"wp:term":[{"taxonomy":"product_brand","embeddable":true,"href":"https:\/\/ilgiardinodicorten.it\/fr\/wp-json\/wp\/v2\/product_brand?post=22173"},{"taxonomy":"product_cat","embeddable":true,"href":"https:\/\/ilgiardinodicorten.it\/fr\/wp-json\/wp\/v2\/product_cat?post=22173"},{"taxonomy":"product_tag","embeddable":true,"href":"https:\/\/ilgiardinodicorten.it\/fr\/wp-json\/wp\/v2\/product_tag?post=22173"}],"curies":[{"name":"wp","href":"https:\/\/api.w.org\/{rel}","templated":true}]}}