{"id":22183,"date":"2022-07-12T10:37:27","date_gmt":"2022-07-12T08:37:27","guid":{"rendered":"https:\/\/ilgiardinodicorten.it\/prodotto\/set-tebe-archimede\/"},"modified":"2022-07-12T10:37:27","modified_gmt":"2022-07-12T08:37:27","slug":"set-tebe-archimede","status":"publish","type":"product","link":"https:\/\/ilgiardinodicorten.it\/fr\/produit\/set-tebe-archimede\/","title":{"rendered":"Set Tebe Archimede"},"content":{"rendered":"<p><strong>DIMENSIONS<\/strong><br \/>\n<strong>Ensemble Archim\u00e8de Th\u00e8bes<\/strong> &#8211; Poids : 72 kg<br \/>\n<strong>Archim\u00e8de 40, Petit<\/strong>\u00a0: 40 x 130 cm (Poids\u00a0: 16\u00a0kg)<br \/>\n<strong>Archim\u00e8de 60, Moyen<\/strong>\u00a0: 60 x 110 cm (Poids\u00a0: 24\u00a0kg)<br \/>\n<strong>Archim\u00e8de 80, Grande<\/strong>\u00a0: 80 x 80 cm (Poids\u00a0: 32\u00a0kg)<\/p>\n","protected":false},"excerpt":{"rendered":"<p><em>Syst\u00e8me de jardini\u00e8re<\/em><br \/>\nUne g\u00e9om\u00e9trie pure et essentielle caract\u00e9rise cette famille de jardini\u00e8res cylindriques, disponibles en trois diam\u00e8tres et hauteurs diff\u00e9rents \u2013 40\u00d7130 cm, 60\u00d7110 cm et 80\u00d780 cm \u2013 qui semblent suspendues aux fines structures porteuses. La g\u00e9om\u00e9trie particuli\u00e8re des structures de support est con\u00e7ue pour permettre des combinaisons entre diff\u00e9rentes jardini\u00e8res pour cr\u00e9er des compositions originales en harmonie avec chaque espace et besoin.<br \/>\nGr\u00e2ce \u00e0 un syst\u00e8me sp\u00e9cial qui collecte l&#8217;eau et maintient l&#8217;humidit\u00e9 de la terre dans le vase, il est possible de placer les jardini\u00e8res \u00e9galement \u00e0 l&#8217;int\u00e9rieur.<\/p>\n","protected":false},"featured_media":21139,"template":"","meta":{"_acf_changed":false},"product_brand":[],"product_cat":[283],"product_tag":[],"class_list":{"0":"post-22183","1":"product","2":"type-product","3":"status-publish","4":"has-post-thumbnail","6":"product_cat-jardinieres","9":"first","10":"instock","11":"taxable","12":"shipping-taxable","13":"purchasable","14":"product-type-simple"},"acf":[],"yoast_head":"<!-- This site is optimized with the Yoast SEO plugin v27.1.1 - https:\/\/yoast.com\/product\/yoast-seo-wordpress\/ -->\n<title>Set Tebe Archimede - Il Giardino di Corten<\/title>\n<meta name=\"robots\" content=\"index, follow, max-snippet:-1, max-image-preview:large, max-video-preview:-1\" \/>\n<link rel=\"canonical\" href=\"https:\/\/ilgiardinodicorten.it\/produit\/set-tebe-archimede\/\" \/>\n<meta property=\"og:locale\" content=\"fr_FR\" \/>\n<meta property=\"og:type\" content=\"article\" \/>\n<meta property=\"og:title\" content=\"Set Tebe Archimede - Il Giardino di Corten\" \/>\n<meta property=\"og:description\" content=\"Syst\u00e8me de jardini\u00e8re Une g\u00e9om\u00e9trie pure et essentielle caract\u00e9rise cette famille de jardini\u00e8res cylindriques, disponibles en trois diam\u00e8tres et hauteurs diff\u00e9rents \u2013 40\u00d7130 cm, 60\u00d7110 cm et 80\u00d780 cm \u2013 qui semblent suspendues aux fines structures porteuses. La g\u00e9om\u00e9trie particuli\u00e8re des structures de support est con\u00e7ue pour permettre des combinaisons entre diff\u00e9rentes jardini\u00e8res pour cr\u00e9er des compositions originales en harmonie avec chaque espace et besoin. Gr\u00e2ce \u00e0 un syst\u00e8me sp\u00e9cial qui collecte l&#039;eau et maintient l&#039;humidit\u00e9 de la terre dans le vase, il est possible de placer les jardini\u00e8res \u00e9galement \u00e0 l&#039;int\u00e9rieur.\" \/>\n<meta property=\"og:url\" content=\"https:\/\/ilgiardinodicorten.it\/produit\/set-tebe-archimede\/\" \/>\n<meta property=\"og:site_name\" content=\"Il Giardino di Corten\" \/>\n<meta property=\"og:image\" content=\"https:\/\/ilgiardinodicorten.it\/wp-content\/uploads\/2022\/07\/set-tebe-archimede_3.jpg\" \/>\n\t<meta property=\"og:image:width\" content=\"668\" \/>\n\t<meta property=\"og:image:height\" content=\"1000\" \/>\n\t<meta property=\"og:image:type\" content=\"image\/jpeg\" \/>\n<meta name=\"twitter:card\" content=\"summary_large_image\" \/>\n<script type=\"application\/ld+json\" class=\"yoast-schema-graph\">{\"@context\":\"https:\/\/schema.org\",\"@graph\":[{\"@type\":\"WebPage\",\"@id\":\"https:\/\/ilgiardinodicorten.it\/produit\/set-tebe-archimede\/\",\"url\":\"https:\/\/ilgiardinodicorten.it\/produit\/set-tebe-archimede\/\",\"name\":\"Set Tebe Archimede - Il Giardino di Corten\",\"isPartOf\":{\"@id\":\"https:\/\/ilgiardinodicorten.it\/#website\"},\"primaryImageOfPage\":{\"@id\":\"https:\/\/ilgiardinodicorten.it\/produit\/set-tebe-archimede\/#primaryimage\"},\"image\":{\"@id\":\"https:\/\/ilgiardinodicorten.it\/produit\/set-tebe-archimede\/#primaryimage\"},\"thumbnailUrl\":\"https:\/\/ilgiardinodicorten.it\/wp-content\/uploads\/2022\/07\/set-tebe-archimede_3.jpg\",\"datePublished\":\"2022-07-12T08:37:27+00:00\",\"breadcrumb\":{\"@id\":\"https:\/\/ilgiardinodicorten.it\/produit\/set-tebe-archimede\/#breadcrumb\"},\"inLanguage\":\"fr-FR\",\"potentialAction\":[{\"@type\":\"ReadAction\",\"target\":[\"https:\/\/ilgiardinodicorten.it\/produit\/set-tebe-archimede\/\"]}]},{\"@type\":\"ImageObject\",\"inLanguage\":\"fr-FR\",\"@id\":\"https:\/\/ilgiardinodicorten.it\/produit\/set-tebe-archimede\/#primaryimage\",\"url\":\"https:\/\/ilgiardinodicorten.it\/wp-content\/uploads\/2022\/07\/set-tebe-archimede_3.jpg\",\"contentUrl\":\"https:\/\/ilgiardinodicorten.it\/wp-content\/uploads\/2022\/07\/set-tebe-archimede_3.jpg\",\"width\":668,\"height\":1000},{\"@type\":\"BreadcrumbList\",\"@id\":\"https:\/\/ilgiardinodicorten.it\/produit\/set-tebe-archimede\/#breadcrumb\",\"itemListElement\":[{\"@type\":\"ListItem\",\"position\":1,\"name\":\"Home\",\"item\":\"https:\/\/ilgiardinodicorten.it\/fr\/\"},{\"@type\":\"ListItem\",\"position\":2,\"name\":\"Boutique\",\"item\":\"https:\/\/ilgiardinodicorten.it\/fr\/boutique\/\"},{\"@type\":\"ListItem\",\"position\":3,\"name\":\"Set Tebe Archimede\"}]},{\"@type\":\"WebSite\",\"@id\":\"https:\/\/ilgiardinodicorten.it\/#website\",\"url\":\"https:\/\/ilgiardinodicorten.it\/\",\"name\":\"Il Giardino di Corten\",\"description\":\"\",\"potentialAction\":[{\"@type\":\"SearchAction\",\"target\":{\"@type\":\"EntryPoint\",\"urlTemplate\":\"https:\/\/ilgiardinodicorten.it\/?s={search_term_string}\"},\"query-input\":{\"@type\":\"PropertyValueSpecification\",\"valueRequired\":true,\"valueName\":\"search_term_string\"}}],\"inLanguage\":\"fr-FR\"}]}<\/script>\n<!-- \/ Yoast SEO plugin. -->","yoast_head_json":{"title":"Set Tebe Archimede - Il Giardino di Corten","robots":{"index":"index","follow":"follow","max-snippet":"max-snippet:-1","max-image-preview":"max-image-preview:large","max-video-preview":"max-video-preview:-1"},"canonical":"https:\/\/ilgiardinodicorten.it\/produit\/set-tebe-archimede\/","og_locale":"fr_FR","og_type":"article","og_title":"Set Tebe Archimede - Il Giardino di Corten","og_description":"Syst\u00e8me de jardini\u00e8re Une g\u00e9om\u00e9trie pure et essentielle caract\u00e9rise cette famille de jardini\u00e8res cylindriques, disponibles en trois diam\u00e8tres et hauteurs diff\u00e9rents \u2013 40\u00d7130 cm, 60\u00d7110 cm et 80\u00d780 cm \u2013 qui semblent suspendues aux fines structures porteuses. La g\u00e9om\u00e9trie particuli\u00e8re des structures de support est con\u00e7ue pour permettre des combinaisons entre diff\u00e9rentes jardini\u00e8res pour cr\u00e9er des compositions originales en harmonie avec chaque espace et besoin. Gr\u00e2ce \u00e0 un syst\u00e8me sp\u00e9cial qui collecte l'eau et maintient l'humidit\u00e9 de la terre dans le vase, il est possible de placer les jardini\u00e8res \u00e9galement \u00e0 l'int\u00e9rieur.","og_url":"https:\/\/ilgiardinodicorten.it\/produit\/set-tebe-archimede\/","og_site_name":"Il Giardino di Corten","og_image":[{"width":668,"height":1000,"url":"https:\/\/ilgiardinodicorten.it\/wp-content\/uploads\/2022\/07\/set-tebe-archimede_3.jpg","type":"image\/jpeg"}],"twitter_card":"summary_large_image","schema":{"@context":"https:\/\/schema.org","@graph":[{"@type":"WebPage","@id":"https:\/\/ilgiardinodicorten.it\/produit\/set-tebe-archimede\/","url":"https:\/\/ilgiardinodicorten.it\/produit\/set-tebe-archimede\/","name":"Set Tebe Archimede - Il Giardino di Corten","isPartOf":{"@id":"https:\/\/ilgiardinodicorten.it\/#website"},"primaryImageOfPage":{"@id":"https:\/\/ilgiardinodicorten.it\/produit\/set-tebe-archimede\/#primaryimage"},"image":{"@id":"https:\/\/ilgiardinodicorten.it\/produit\/set-tebe-archimede\/#primaryimage"},"thumbnailUrl":"https:\/\/ilgiardinodicorten.it\/wp-content\/uploads\/2022\/07\/set-tebe-archimede_3.jpg","datePublished":"2022-07-12T08:37:27+00:00","breadcrumb":{"@id":"https:\/\/ilgiardinodicorten.it\/produit\/set-tebe-archimede\/#breadcrumb"},"inLanguage":"fr-FR","potentialAction":[{"@type":"ReadAction","target":["https:\/\/ilgiardinodicorten.it\/produit\/set-tebe-archimede\/"]}]},{"@type":"ImageObject","inLanguage":"fr-FR","@id":"https:\/\/ilgiardinodicorten.it\/produit\/set-tebe-archimede\/#primaryimage","url":"https:\/\/ilgiardinodicorten.it\/wp-content\/uploads\/2022\/07\/set-tebe-archimede_3.jpg","contentUrl":"https:\/\/ilgiardinodicorten.it\/wp-content\/uploads\/2022\/07\/set-tebe-archimede_3.jpg","width":668,"height":1000},{"@type":"BreadcrumbList","@id":"https:\/\/ilgiardinodicorten.it\/produit\/set-tebe-archimede\/#breadcrumb","itemListElement":[{"@type":"ListItem","position":1,"name":"Home","item":"https:\/\/ilgiardinodicorten.it\/fr\/"},{"@type":"ListItem","position":2,"name":"Boutique","item":"https:\/\/ilgiardinodicorten.it\/fr\/boutique\/"},{"@type":"ListItem","position":3,"name":"Set Tebe Archimede"}]},{"@type":"WebSite","@id":"https:\/\/ilgiardinodicorten.it\/#website","url":"https:\/\/ilgiardinodicorten.it\/","name":"Il Giardino di Corten","description":"","potentialAction":[{"@type":"SearchAction","target":{"@type":"EntryPoint","urlTemplate":"https:\/\/ilgiardinodicorten.it\/?s={search_term_string}"},"query-input":{"@type":"PropertyValueSpecification","valueRequired":true,"valueName":"search_term_string"}}],"inLanguage":"fr-FR"}]}},"_links":{"self":[{"href":"https:\/\/ilgiardinodicorten.it\/fr\/wp-json\/wp\/v2\/product\/22183","targetHints":{"allow":["GET"]}}],"collection":[{"href":"https:\/\/ilgiardinodicorten.it\/fr\/wp-json\/wp\/v2\/product"}],"about":[{"href":"https:\/\/ilgiardinodicorten.it\/fr\/wp-json\/wp\/v2\/types\/product"}],"wp:featuredmedia":[{"embeddable":true,"href":"https:\/\/ilgiardinodicorten.it\/fr\/wp-json\/wp\/v2\/media\/21139"}],"wp:attachment":[{"href":"https:\/\/ilgiardinodicorten.it\/fr\/wp-json\/wp\/v2\/media?parent=22183"}],"wp:term":[{"taxonomy":"product_brand","embeddable":true,"href":"https:\/\/ilgiardinodicorten.it\/fr\/wp-json\/wp\/v2\/product_brand?post=22183"},{"taxonomy":"product_cat","embeddable":true,"href":"https:\/\/ilgiardinodicorten.it\/fr\/wp-json\/wp\/v2\/product_cat?post=22183"},{"taxonomy":"product_tag","embeddable":true,"href":"https:\/\/ilgiardinodicorten.it\/fr\/wp-json\/wp\/v2\/product_tag?post=22183"}],"curies":[{"name":"wp","href":"https:\/\/api.w.org\/{rel}","templated":true}]}}