{"id":22195,"date":"2022-07-12T10:31:47","date_gmt":"2022-07-12T08:31:47","guid":{"rendered":"https:\/\/ilgiardinodicorten.it\/prodotto\/set-tebe-pitagora\/"},"modified":"2022-07-12T10:31:47","modified_gmt":"2022-07-12T08:31:47","slug":"set-tebe-pitagora","status":"publish","type":"product","link":"https:\/\/ilgiardinodicorten.it\/fr\/produit\/set-tebe-pitagora\/","title":{"rendered":"Set Tebe Pitagora"},"content":{"rendered":"<p><strong>DIMENSIONS<\/strong><\/p>\n<p><strong>Ensemble complet<\/strong> &#8211; Poids\u00a0: 72\u00a0kg<\/p>\n<p><strong>Petit Pythagore<\/strong>\u00a0: 40 x 110 cm (Poids\u00a0: 16\u00a0kg)<\/p>\n<p><strong>Pythagore moyen<\/strong>\u00a0: 60 x 95 cm (Poids\u00a0: 24\u00a0kg)<\/p>\n<p><strong>Grand Pythagore<\/strong>\u00a0: 80 x 80 cm (Poids\u00a0: 32\u00a0kg)<\/p>\n","protected":false},"excerpt":{"rendered":"<p><em>Syst\u00e8me de jardini\u00e8re<\/em><\/p>\n<p>Une famille de jardini\u00e8res en forme de c\u00f4ne en acier Corten disponible en trois tailles diff\u00e9rentes &#8211; 40\u00d7110 cm, 60\u00d795 cm et 80\u00d780 cm &#8211; pour satisfaire tous les besoins d&#8217;utilisation, de mise en place et de composition. Le volume sup\u00e9rieur cr\u00e9e un contraste dynamique avec la l\u00e9g\u00e8ret\u00e9 de la structure porteuse.<\/p>\n<p>L&#8217;int\u00e9rieur de la jardini\u00e8re est \u00e9quip\u00e9 d&#8217;un syst\u00e8me qui collecte l&#8217;eau et maintient l&#8217;humidit\u00e9 de la terre dans le vase, ce qui permet de l&#8217;utiliser \u00e9galement \u00e0 l&#8217;int\u00e9rieur.<\/p>\n<p>La g\u00e9om\u00e9trie des structures de support vous permet de combiner librement plusieurs jardini\u00e8res, avec un agr\u00e9able effet visuel de lignes superpos\u00e9es.<\/p>\n","protected":false},"featured_media":21143,"template":"","meta":{"_acf_changed":false},"product_brand":[],"product_cat":[283],"product_tag":[],"class_list":{"0":"post-22195","1":"product","2":"type-product","3":"status-publish","4":"has-post-thumbnail","6":"product_cat-jardinieres","9":"first","10":"instock","11":"taxable","12":"shipping-taxable","13":"purchasable","14":"product-type-simple"},"acf":[],"yoast_head":"<!-- This site is optimized with the Yoast SEO plugin v27.1.1 - https:\/\/yoast.com\/product\/yoast-seo-wordpress\/ -->\n<title>Set Tebe Pitagora - Il Giardino di Corten<\/title>\n<meta name=\"robots\" content=\"index, follow, max-snippet:-1, max-image-preview:large, max-video-preview:-1\" \/>\n<link rel=\"canonical\" href=\"https:\/\/ilgiardinodicorten.it\/produit\/set-tebe-pitagora\/\" \/>\n<meta property=\"og:locale\" content=\"fr_FR\" \/>\n<meta property=\"og:type\" content=\"article\" \/>\n<meta property=\"og:title\" content=\"Set Tebe Pitagora - Il Giardino di Corten\" \/>\n<meta property=\"og:description\" content=\"Syst\u00e8me de jardini\u00e8re Une famille de jardini\u00e8res en forme de c\u00f4ne en acier Corten disponible en trois tailles diff\u00e9rentes - 40\u00d7110 cm, 60\u00d795 cm et 80\u00d780 cm - pour satisfaire tous les besoins d&#039;utilisation, de mise en place et de composition. Le volume sup\u00e9rieur cr\u00e9e un contraste dynamique avec la l\u00e9g\u00e8ret\u00e9 de la structure porteuse. L&#039;int\u00e9rieur de la jardini\u00e8re est \u00e9quip\u00e9 d&#039;un syst\u00e8me qui collecte l&#039;eau et maintient l&#039;humidit\u00e9 de la terre dans le vase, ce qui permet de l&#039;utiliser \u00e9galement \u00e0 l&#039;int\u00e9rieur. La g\u00e9om\u00e9trie des structures de support vous permet de combiner librement plusieurs jardini\u00e8res, avec un agr\u00e9able effet visuel de lignes superpos\u00e9es.\" \/>\n<meta property=\"og:url\" content=\"https:\/\/ilgiardinodicorten.it\/produit\/set-tebe-pitagora\/\" \/>\n<meta property=\"og:site_name\" content=\"Il Giardino di Corten\" \/>\n<meta property=\"og:image\" content=\"https:\/\/ilgiardinodicorten.it\/wp-content\/uploads\/2022\/07\/set-tebe-pitagora_0-e1690468129390.jpg\" \/>\n\t<meta property=\"og:image:width\" content=\"1000\" \/>\n\t<meta property=\"og:image:height\" content=\"666\" \/>\n\t<meta property=\"og:image:type\" content=\"image\/jpeg\" \/>\n<meta name=\"twitter:card\" content=\"summary_large_image\" \/>\n<script type=\"application\/ld+json\" class=\"yoast-schema-graph\">{\"@context\":\"https:\/\/schema.org\",\"@graph\":[{\"@type\":\"WebPage\",\"@id\":\"https:\/\/ilgiardinodicorten.it\/produit\/set-tebe-pitagora\/\",\"url\":\"https:\/\/ilgiardinodicorten.it\/produit\/set-tebe-pitagora\/\",\"name\":\"Set Tebe Pitagora - Il Giardino di Corten\",\"isPartOf\":{\"@id\":\"https:\/\/ilgiardinodicorten.it\/#website\"},\"primaryImageOfPage\":{\"@id\":\"https:\/\/ilgiardinodicorten.it\/produit\/set-tebe-pitagora\/#primaryimage\"},\"image\":{\"@id\":\"https:\/\/ilgiardinodicorten.it\/produit\/set-tebe-pitagora\/#primaryimage\"},\"thumbnailUrl\":\"https:\/\/ilgiardinodicorten.it\/wp-content\/uploads\/2022\/07\/set-tebe-pitagora_0-e1690468129390.jpg\",\"datePublished\":\"2022-07-12T08:31:47+00:00\",\"breadcrumb\":{\"@id\":\"https:\/\/ilgiardinodicorten.it\/produit\/set-tebe-pitagora\/#breadcrumb\"},\"inLanguage\":\"fr-FR\",\"potentialAction\":[{\"@type\":\"ReadAction\",\"target\":[\"https:\/\/ilgiardinodicorten.it\/produit\/set-tebe-pitagora\/\"]}]},{\"@type\":\"ImageObject\",\"inLanguage\":\"fr-FR\",\"@id\":\"https:\/\/ilgiardinodicorten.it\/produit\/set-tebe-pitagora\/#primaryimage\",\"url\":\"https:\/\/ilgiardinodicorten.it\/wp-content\/uploads\/2022\/07\/set-tebe-pitagora_0-e1690468129390.jpg\",\"contentUrl\":\"https:\/\/ilgiardinodicorten.it\/wp-content\/uploads\/2022\/07\/set-tebe-pitagora_0-e1690468129390.jpg\",\"width\":1000,\"height\":666},{\"@type\":\"BreadcrumbList\",\"@id\":\"https:\/\/ilgiardinodicorten.it\/produit\/set-tebe-pitagora\/#breadcrumb\",\"itemListElement\":[{\"@type\":\"ListItem\",\"position\":1,\"name\":\"Home\",\"item\":\"https:\/\/ilgiardinodicorten.it\/fr\/\"},{\"@type\":\"ListItem\",\"position\":2,\"name\":\"Boutique\",\"item\":\"https:\/\/ilgiardinodicorten.it\/fr\/boutique\/\"},{\"@type\":\"ListItem\",\"position\":3,\"name\":\"Set Tebe Pitagora\"}]},{\"@type\":\"WebSite\",\"@id\":\"https:\/\/ilgiardinodicorten.it\/#website\",\"url\":\"https:\/\/ilgiardinodicorten.it\/\",\"name\":\"Il Giardino di Corten\",\"description\":\"\",\"potentialAction\":[{\"@type\":\"SearchAction\",\"target\":{\"@type\":\"EntryPoint\",\"urlTemplate\":\"https:\/\/ilgiardinodicorten.it\/?s={search_term_string}\"},\"query-input\":{\"@type\":\"PropertyValueSpecification\",\"valueRequired\":true,\"valueName\":\"search_term_string\"}}],\"inLanguage\":\"fr-FR\"}]}<\/script>\n<!-- \/ Yoast SEO plugin. -->","yoast_head_json":{"title":"Set Tebe Pitagora - Il Giardino di Corten","robots":{"index":"index","follow":"follow","max-snippet":"max-snippet:-1","max-image-preview":"max-image-preview:large","max-video-preview":"max-video-preview:-1"},"canonical":"https:\/\/ilgiardinodicorten.it\/produit\/set-tebe-pitagora\/","og_locale":"fr_FR","og_type":"article","og_title":"Set Tebe Pitagora - Il Giardino di Corten","og_description":"Syst\u00e8me de jardini\u00e8re Une famille de jardini\u00e8res en forme de c\u00f4ne en acier Corten disponible en trois tailles diff\u00e9rentes - 40\u00d7110 cm, 60\u00d795 cm et 80\u00d780 cm - pour satisfaire tous les besoins d'utilisation, de mise en place et de composition. Le volume sup\u00e9rieur cr\u00e9e un contraste dynamique avec la l\u00e9g\u00e8ret\u00e9 de la structure porteuse. L'int\u00e9rieur de la jardini\u00e8re est \u00e9quip\u00e9 d'un syst\u00e8me qui collecte l'eau et maintient l'humidit\u00e9 de la terre dans le vase, ce qui permet de l'utiliser \u00e9galement \u00e0 l'int\u00e9rieur. La g\u00e9om\u00e9trie des structures de support vous permet de combiner librement plusieurs jardini\u00e8res, avec un agr\u00e9able effet visuel de lignes superpos\u00e9es.","og_url":"https:\/\/ilgiardinodicorten.it\/produit\/set-tebe-pitagora\/","og_site_name":"Il Giardino di Corten","og_image":[{"width":1000,"height":666,"url":"https:\/\/ilgiardinodicorten.it\/wp-content\/uploads\/2022\/07\/set-tebe-pitagora_0-e1690468129390.jpg","type":"image\/jpeg"}],"twitter_card":"summary_large_image","schema":{"@context":"https:\/\/schema.org","@graph":[{"@type":"WebPage","@id":"https:\/\/ilgiardinodicorten.it\/produit\/set-tebe-pitagora\/","url":"https:\/\/ilgiardinodicorten.it\/produit\/set-tebe-pitagora\/","name":"Set Tebe Pitagora - Il Giardino di Corten","isPartOf":{"@id":"https:\/\/ilgiardinodicorten.it\/#website"},"primaryImageOfPage":{"@id":"https:\/\/ilgiardinodicorten.it\/produit\/set-tebe-pitagora\/#primaryimage"},"image":{"@id":"https:\/\/ilgiardinodicorten.it\/produit\/set-tebe-pitagora\/#primaryimage"},"thumbnailUrl":"https:\/\/ilgiardinodicorten.it\/wp-content\/uploads\/2022\/07\/set-tebe-pitagora_0-e1690468129390.jpg","datePublished":"2022-07-12T08:31:47+00:00","breadcrumb":{"@id":"https:\/\/ilgiardinodicorten.it\/produit\/set-tebe-pitagora\/#breadcrumb"},"inLanguage":"fr-FR","potentialAction":[{"@type":"ReadAction","target":["https:\/\/ilgiardinodicorten.it\/produit\/set-tebe-pitagora\/"]}]},{"@type":"ImageObject","inLanguage":"fr-FR","@id":"https:\/\/ilgiardinodicorten.it\/produit\/set-tebe-pitagora\/#primaryimage","url":"https:\/\/ilgiardinodicorten.it\/wp-content\/uploads\/2022\/07\/set-tebe-pitagora_0-e1690468129390.jpg","contentUrl":"https:\/\/ilgiardinodicorten.it\/wp-content\/uploads\/2022\/07\/set-tebe-pitagora_0-e1690468129390.jpg","width":1000,"height":666},{"@type":"BreadcrumbList","@id":"https:\/\/ilgiardinodicorten.it\/produit\/set-tebe-pitagora\/#breadcrumb","itemListElement":[{"@type":"ListItem","position":1,"name":"Home","item":"https:\/\/ilgiardinodicorten.it\/fr\/"},{"@type":"ListItem","position":2,"name":"Boutique","item":"https:\/\/ilgiardinodicorten.it\/fr\/boutique\/"},{"@type":"ListItem","position":3,"name":"Set Tebe Pitagora"}]},{"@type":"WebSite","@id":"https:\/\/ilgiardinodicorten.it\/#website","url":"https:\/\/ilgiardinodicorten.it\/","name":"Il Giardino di Corten","description":"","potentialAction":[{"@type":"SearchAction","target":{"@type":"EntryPoint","urlTemplate":"https:\/\/ilgiardinodicorten.it\/?s={search_term_string}"},"query-input":{"@type":"PropertyValueSpecification","valueRequired":true,"valueName":"search_term_string"}}],"inLanguage":"fr-FR"}]}},"_links":{"self":[{"href":"https:\/\/ilgiardinodicorten.it\/fr\/wp-json\/wp\/v2\/product\/22195","targetHints":{"allow":["GET"]}}],"collection":[{"href":"https:\/\/ilgiardinodicorten.it\/fr\/wp-json\/wp\/v2\/product"}],"about":[{"href":"https:\/\/ilgiardinodicorten.it\/fr\/wp-json\/wp\/v2\/types\/product"}],"wp:featuredmedia":[{"embeddable":true,"href":"https:\/\/ilgiardinodicorten.it\/fr\/wp-json\/wp\/v2\/media\/21143"}],"wp:attachment":[{"href":"https:\/\/ilgiardinodicorten.it\/fr\/wp-json\/wp\/v2\/media?parent=22195"}],"wp:term":[{"taxonomy":"product_brand","embeddable":true,"href":"https:\/\/ilgiardinodicorten.it\/fr\/wp-json\/wp\/v2\/product_brand?post=22195"},{"taxonomy":"product_cat","embeddable":true,"href":"https:\/\/ilgiardinodicorten.it\/fr\/wp-json\/wp\/v2\/product_cat?post=22195"},{"taxonomy":"product_tag","embeddable":true,"href":"https:\/\/ilgiardinodicorten.it\/fr\/wp-json\/wp\/v2\/product_tag?post=22195"}],"curies":[{"name":"wp","href":"https:\/\/api.w.org\/{rel}","templated":true}]}}