{"id":22206,"date":"2022-07-12T11:21:18","date_gmt":"2022-07-12T09:21:18","guid":{"rendered":"https:\/\/ilgiardinodicorten.it\/prodotto\/docciart-grecata\/"},"modified":"2023-01-16T12:20:49","modified_gmt":"2023-01-16T11:20:49","slug":"docciart-grecata","status":"publish","type":"product","link":"https:\/\/ilgiardinodicorten.it\/fr\/produit\/docciart-grecata\/","title":{"rendered":"Docciart Grecata"},"content":{"rendered":"<p><span style=\"font-weight: 400;\">La hauteur importante en fait le protagoniste, mais cr\u00e9e en m\u00eame temps un sentiment d&#8217;intimit\u00e9 et de protection \u00e0 l&#8217;int\u00e9rieur.<\/span><\/p>\n<p><span style=\"font-weight: 400;\">La <strong>Docciart Grecata<\/strong> peut facilement \u00eatre install\u00e9e dans les espaces les plus divers, seule ou en combinaison avec d&#8217;autres \u00e9l\u00e9ments d&#8217;ameublement d&#8217;ext\u00e9rieur, pour donner vie \u00e0 une situation de bien-\u00eatre raffin\u00e9e et prestigieuse en harmonie avec la nature.<\/span><\/p>\n<p>&nbsp;<\/p>\n<p><strong>DIMENSIONS\u00a0: <\/strong>203 x 175 x 250 cm<\/p>\n","protected":false},"excerpt":{"rendered":"<p><span style=\"font-weight: 400;\">Une pr\u00e9sence sculpturale et imposante dans l&#8217;espace ext\u00e9rieur, un espace intime et accueillant qui peut \u00eatre utilis\u00e9 <strong>comme douche et vestiaire<\/strong>\u00a0: deux valeurs dans une architecture unique avec une spirale, comme la coquille d&#8217;un coquillage, avec un design ondul\u00e9 qui se coordonne parfaitement avec les autres \u00e9l\u00e9ments de la collection &#8220;Il Giardino di Corten&#8221;.<\/span><\/p>\n","protected":false},"featured_media":20420,"template":"","meta":{"_acf_changed":false},"product_brand":[],"product_cat":[288],"product_tag":[465],"class_list":{"0":"post-22206","1":"product","2":"type-product","3":"status-publish","4":"has-post-thumbnail","6":"product_cat-docciart-fr","7":"product_tag-docciart-fr","10":"first","11":"instock","12":"taxable","13":"shipping-taxable","14":"product-type-simple"},"acf":[],"yoast_head":"<!-- This site is optimized with the Yoast SEO plugin v27.1.1 - https:\/\/yoast.com\/product\/yoast-seo-wordpress\/ -->\n<title>Docciart Grecata - Il Giardino di Corten<\/title>\n<meta name=\"robots\" content=\"index, follow, max-snippet:-1, max-image-preview:large, max-video-preview:-1\" \/>\n<link rel=\"canonical\" href=\"https:\/\/ilgiardinodicorten.it\/fr\/produit\/docciart-grecata\/\" \/>\n<meta property=\"og:locale\" content=\"fr_FR\" \/>\n<meta property=\"og:type\" content=\"article\" \/>\n<meta property=\"og:title\" content=\"Docciart Grecata - Il Giardino di Corten\" \/>\n<meta property=\"og:description\" content=\"Une pr\u00e9sence sculpturale et imposante dans l&#039;espace ext\u00e9rieur, un espace intime et accueillant qui peut \u00eatre utilis\u00e9 comme douche et vestiaire\u00a0: deux valeurs dans une architecture unique avec une spirale, comme la coquille d&#039;un coquillage, avec un design ondul\u00e9 qui se coordonne parfaitement avec les autres \u00e9l\u00e9ments de la collection &quot;Il Giardino di Corten&quot;.\" \/>\n<meta property=\"og:url\" content=\"https:\/\/ilgiardinodicorten.it\/fr\/produit\/docciart-grecata\/\" \/>\n<meta property=\"og:site_name\" content=\"Il Giardino di Corten\" \/>\n<meta property=\"article:modified_time\" content=\"2023-01-16T11:20:49+00:00\" \/>\n<meta property=\"og:image\" content=\"https:\/\/ilgiardinodicorten.it\/wp-content\/uploads\/2021\/10\/docciart-grecata-BL5I3162.jpg\" \/>\n\t<meta property=\"og:image:width\" content=\"1313\" \/>\n\t<meta property=\"og:image:height\" content=\"876\" \/>\n\t<meta property=\"og:image:type\" content=\"image\/jpeg\" \/>\n<meta name=\"twitter:card\" content=\"summary_large_image\" \/>\n<script type=\"application\/ld+json\" class=\"yoast-schema-graph\">{\"@context\":\"https:\/\/schema.org\",\"@graph\":[{\"@type\":\"WebPage\",\"@id\":\"https:\/\/ilgiardinodicorten.it\/fr\/produit\/docciart-grecata\/\",\"url\":\"https:\/\/ilgiardinodicorten.it\/fr\/produit\/docciart-grecata\/\",\"name\":\"Docciart Grecata - Il Giardino di Corten\",\"isPartOf\":{\"@id\":\"https:\/\/ilgiardinodicorten.it\/#website\"},\"primaryImageOfPage\":{\"@id\":\"https:\/\/ilgiardinodicorten.it\/fr\/produit\/docciart-grecata\/#primaryimage\"},\"image\":{\"@id\":\"https:\/\/ilgiardinodicorten.it\/fr\/produit\/docciart-grecata\/#primaryimage\"},\"thumbnailUrl\":\"https:\/\/ilgiardinodicorten.it\/wp-content\/uploads\/2021\/10\/docciart-grecata-BL5I3162.jpg\",\"datePublished\":\"2022-07-12T09:21:18+00:00\",\"dateModified\":\"2023-01-16T11:20:49+00:00\",\"breadcrumb\":{\"@id\":\"https:\/\/ilgiardinodicorten.it\/fr\/produit\/docciart-grecata\/#breadcrumb\"},\"inLanguage\":\"fr-FR\",\"potentialAction\":[{\"@type\":\"ReadAction\",\"target\":[\"https:\/\/ilgiardinodicorten.it\/fr\/produit\/docciart-grecata\/\"]}]},{\"@type\":\"ImageObject\",\"inLanguage\":\"fr-FR\",\"@id\":\"https:\/\/ilgiardinodicorten.it\/fr\/produit\/docciart-grecata\/#primaryimage\",\"url\":\"https:\/\/ilgiardinodicorten.it\/wp-content\/uploads\/2021\/10\/docciart-grecata-BL5I3162.jpg\",\"contentUrl\":\"https:\/\/ilgiardinodicorten.it\/wp-content\/uploads\/2021\/10\/docciart-grecata-BL5I3162.jpg\",\"width\":1313,\"height\":876},{\"@type\":\"BreadcrumbList\",\"@id\":\"https:\/\/ilgiardinodicorten.it\/fr\/produit\/docciart-grecata\/#breadcrumb\",\"itemListElement\":[{\"@type\":\"ListItem\",\"position\":1,\"name\":\"Home\",\"item\":\"https:\/\/ilgiardinodicorten.it\/fr\/\"},{\"@type\":\"ListItem\",\"position\":2,\"name\":\"Boutique\",\"item\":\"https:\/\/ilgiardinodicorten.it\/fr\/boutique\/\"},{\"@type\":\"ListItem\",\"position\":3,\"name\":\"Docciart Grecata\"}]},{\"@type\":\"WebSite\",\"@id\":\"https:\/\/ilgiardinodicorten.it\/#website\",\"url\":\"https:\/\/ilgiardinodicorten.it\/\",\"name\":\"Il Giardino di Corten\",\"description\":\"\",\"potentialAction\":[{\"@type\":\"SearchAction\",\"target\":{\"@type\":\"EntryPoint\",\"urlTemplate\":\"https:\/\/ilgiardinodicorten.it\/?s={search_term_string}\"},\"query-input\":{\"@type\":\"PropertyValueSpecification\",\"valueRequired\":true,\"valueName\":\"search_term_string\"}}],\"inLanguage\":\"fr-FR\"}]}<\/script>\n<!-- \/ Yoast SEO plugin. -->","yoast_head_json":{"title":"Docciart Grecata - Il Giardino di Corten","robots":{"index":"index","follow":"follow","max-snippet":"max-snippet:-1","max-image-preview":"max-image-preview:large","max-video-preview":"max-video-preview:-1"},"canonical":"https:\/\/ilgiardinodicorten.it\/fr\/produit\/docciart-grecata\/","og_locale":"fr_FR","og_type":"article","og_title":"Docciart Grecata - Il Giardino di Corten","og_description":"Une pr\u00e9sence sculpturale et imposante dans l'espace ext\u00e9rieur, un espace intime et accueillant qui peut \u00eatre utilis\u00e9 comme douche et vestiaire\u00a0: deux valeurs dans une architecture unique avec une spirale, comme la coquille d'un coquillage, avec un design ondul\u00e9 qui se coordonne parfaitement avec les autres \u00e9l\u00e9ments de la collection \"Il Giardino di Corten\".","og_url":"https:\/\/ilgiardinodicorten.it\/fr\/produit\/docciart-grecata\/","og_site_name":"Il Giardino di Corten","article_modified_time":"2023-01-16T11:20:49+00:00","og_image":[{"width":1313,"height":876,"url":"https:\/\/ilgiardinodicorten.it\/wp-content\/uploads\/2021\/10\/docciart-grecata-BL5I3162.jpg","type":"image\/jpeg"}],"twitter_card":"summary_large_image","schema":{"@context":"https:\/\/schema.org","@graph":[{"@type":"WebPage","@id":"https:\/\/ilgiardinodicorten.it\/fr\/produit\/docciart-grecata\/","url":"https:\/\/ilgiardinodicorten.it\/fr\/produit\/docciart-grecata\/","name":"Docciart Grecata - Il Giardino di Corten","isPartOf":{"@id":"https:\/\/ilgiardinodicorten.it\/#website"},"primaryImageOfPage":{"@id":"https:\/\/ilgiardinodicorten.it\/fr\/produit\/docciart-grecata\/#primaryimage"},"image":{"@id":"https:\/\/ilgiardinodicorten.it\/fr\/produit\/docciart-grecata\/#primaryimage"},"thumbnailUrl":"https:\/\/ilgiardinodicorten.it\/wp-content\/uploads\/2021\/10\/docciart-grecata-BL5I3162.jpg","datePublished":"2022-07-12T09:21:18+00:00","dateModified":"2023-01-16T11:20:49+00:00","breadcrumb":{"@id":"https:\/\/ilgiardinodicorten.it\/fr\/produit\/docciart-grecata\/#breadcrumb"},"inLanguage":"fr-FR","potentialAction":[{"@type":"ReadAction","target":["https:\/\/ilgiardinodicorten.it\/fr\/produit\/docciart-grecata\/"]}]},{"@type":"ImageObject","inLanguage":"fr-FR","@id":"https:\/\/ilgiardinodicorten.it\/fr\/produit\/docciart-grecata\/#primaryimage","url":"https:\/\/ilgiardinodicorten.it\/wp-content\/uploads\/2021\/10\/docciart-grecata-BL5I3162.jpg","contentUrl":"https:\/\/ilgiardinodicorten.it\/wp-content\/uploads\/2021\/10\/docciart-grecata-BL5I3162.jpg","width":1313,"height":876},{"@type":"BreadcrumbList","@id":"https:\/\/ilgiardinodicorten.it\/fr\/produit\/docciart-grecata\/#breadcrumb","itemListElement":[{"@type":"ListItem","position":1,"name":"Home","item":"https:\/\/ilgiardinodicorten.it\/fr\/"},{"@type":"ListItem","position":2,"name":"Boutique","item":"https:\/\/ilgiardinodicorten.it\/fr\/boutique\/"},{"@type":"ListItem","position":3,"name":"Docciart Grecata"}]},{"@type":"WebSite","@id":"https:\/\/ilgiardinodicorten.it\/#website","url":"https:\/\/ilgiardinodicorten.it\/","name":"Il Giardino di Corten","description":"","potentialAction":[{"@type":"SearchAction","target":{"@type":"EntryPoint","urlTemplate":"https:\/\/ilgiardinodicorten.it\/?s={search_term_string}"},"query-input":{"@type":"PropertyValueSpecification","valueRequired":true,"valueName":"search_term_string"}}],"inLanguage":"fr-FR"}]}},"_links":{"self":[{"href":"https:\/\/ilgiardinodicorten.it\/fr\/wp-json\/wp\/v2\/product\/22206","targetHints":{"allow":["GET"]}}],"collection":[{"href":"https:\/\/ilgiardinodicorten.it\/fr\/wp-json\/wp\/v2\/product"}],"about":[{"href":"https:\/\/ilgiardinodicorten.it\/fr\/wp-json\/wp\/v2\/types\/product"}],"wp:featuredmedia":[{"embeddable":true,"href":"https:\/\/ilgiardinodicorten.it\/fr\/wp-json\/wp\/v2\/media\/20420"}],"wp:attachment":[{"href":"https:\/\/ilgiardinodicorten.it\/fr\/wp-json\/wp\/v2\/media?parent=22206"}],"wp:term":[{"taxonomy":"product_brand","embeddable":true,"href":"https:\/\/ilgiardinodicorten.it\/fr\/wp-json\/wp\/v2\/product_brand?post=22206"},{"taxonomy":"product_cat","embeddable":true,"href":"https:\/\/ilgiardinodicorten.it\/fr\/wp-json\/wp\/v2\/product_cat?post=22206"},{"taxonomy":"product_tag","embeddable":true,"href":"https:\/\/ilgiardinodicorten.it\/fr\/wp-json\/wp\/v2\/product_tag?post=22206"}],"curies":[{"name":"wp","href":"https:\/\/api.w.org\/{rel}","templated":true}]}}