{"id":22209,"date":"2021-10-28T12:56:27","date_gmt":"2021-10-28T10:56:27","guid":{"rendered":"https:\/\/ilgiardinodicorten.it\/prodotto\/docciart-liscia\/"},"modified":"2023-01-16T12:23:33","modified_gmt":"2023-01-16T11:23:33","slug":"docciart-liscia","status":"publish","type":"product","link":"https:\/\/ilgiardinodicorten.it\/fr\/produit\/docciart-liscia\/","title":{"rendered":"Docciart Liscia"},"content":{"rendered":"<p><strong>DIMENSIONS:<\/strong> 203 x 175 x 200 cm<\/p>\n","protected":false},"excerpt":{"rendered":"<p>Cela ressemble \u00e0 une sculpture contemporaine, mais c&#8217;est une structure con\u00e7ue comme une douche et un dressing.<\/p>\n<p>Docciart s&#8217;inspire de la nature pour offrir intimit\u00e9 et abri, s&#8217;harmonisant avec n&#8217;importe quel sc\u00e9nario ext\u00e9rieur.<\/p>\n<p>Trouvez une combinaison mat\u00e9rielle et esth\u00e9tique id\u00e9ale avec le Stanza Che Non C&#8217;\u00e8, en version sauna ou bien-\u00eatre.<\/p>\n","protected":false},"featured_media":20951,"template":"","meta":{"_acf_changed":false},"product_brand":[],"product_cat":[288],"product_tag":[465],"class_list":{"0":"post-22209","1":"product","2":"type-product","3":"status-publish","4":"has-post-thumbnail","6":"product_cat-docciart-fr","7":"product_tag-docciart-fr","10":"first","11":"instock","12":"taxable","13":"shipping-taxable","14":"product-type-simple"},"acf":[],"yoast_head":"<!-- This site is optimized with the Yoast SEO plugin v27.1.1 - https:\/\/yoast.com\/product\/yoast-seo-wordpress\/ -->\n<title>Docciart Liscia - Il Giardino di Corten<\/title>\n<meta name=\"robots\" content=\"index, follow, max-snippet:-1, max-image-preview:large, max-video-preview:-1\" \/>\n<link rel=\"canonical\" href=\"https:\/\/ilgiardinodicorten.it\/produit\/docciart-liscia\/\" \/>\n<meta property=\"og:locale\" content=\"fr_FR\" \/>\n<meta property=\"og:type\" content=\"article\" \/>\n<meta property=\"og:title\" content=\"Docciart Liscia - Il Giardino di Corten\" \/>\n<meta property=\"og:description\" content=\"Cela ressemble \u00e0 une sculpture contemporaine, mais c&#039;est une structure con\u00e7ue comme une douche et un dressing. Docciart s&#039;inspire de la nature pour offrir intimit\u00e9 et abri, s&#039;harmonisant avec n&#039;importe quel sc\u00e9nario ext\u00e9rieur. Trouvez une combinaison mat\u00e9rielle et esth\u00e9tique id\u00e9ale avec le Stanza Che Non C&#039;\u00e8, en version sauna ou bien-\u00eatre.\" \/>\n<meta property=\"og:url\" content=\"https:\/\/ilgiardinodicorten.it\/produit\/docciart-liscia\/\" \/>\n<meta property=\"og:site_name\" content=\"Il Giardino di Corten\" \/>\n<meta property=\"article:modified_time\" content=\"2023-01-16T11:23:33+00:00\" \/>\n<meta property=\"og:image\" content=\"https:\/\/ilgiardinodicorten.it\/wp-content\/uploads\/2022\/07\/Docciart_2.jpg\" \/>\n\t<meta property=\"og:image:width\" content=\"545\" \/>\n\t<meta property=\"og:image:height\" content=\"710\" \/>\n\t<meta property=\"og:image:type\" content=\"image\/jpeg\" \/>\n<meta name=\"twitter:card\" content=\"summary_large_image\" \/>\n<script type=\"application\/ld+json\" class=\"yoast-schema-graph\">{\"@context\":\"https:\/\/schema.org\",\"@graph\":[{\"@type\":\"WebPage\",\"@id\":\"https:\/\/ilgiardinodicorten.it\/produit\/docciart-liscia\/\",\"url\":\"https:\/\/ilgiardinodicorten.it\/produit\/docciart-liscia\/\",\"name\":\"Docciart Liscia - Il Giardino di Corten\",\"isPartOf\":{\"@id\":\"https:\/\/ilgiardinodicorten.it\/#website\"},\"primaryImageOfPage\":{\"@id\":\"https:\/\/ilgiardinodicorten.it\/produit\/docciart-liscia\/#primaryimage\"},\"image\":{\"@id\":\"https:\/\/ilgiardinodicorten.it\/produit\/docciart-liscia\/#primaryimage\"},\"thumbnailUrl\":\"https:\/\/ilgiardinodicorten.it\/wp-content\/uploads\/2022\/07\/Docciart_2.jpg\",\"datePublished\":\"2021-10-28T10:56:27+00:00\",\"dateModified\":\"2023-01-16T11:23:33+00:00\",\"breadcrumb\":{\"@id\":\"https:\/\/ilgiardinodicorten.it\/produit\/docciart-liscia\/#breadcrumb\"},\"inLanguage\":\"fr-FR\",\"potentialAction\":[{\"@type\":\"ReadAction\",\"target\":[\"https:\/\/ilgiardinodicorten.it\/produit\/docciart-liscia\/\"]}]},{\"@type\":\"ImageObject\",\"inLanguage\":\"fr-FR\",\"@id\":\"https:\/\/ilgiardinodicorten.it\/produit\/docciart-liscia\/#primaryimage\",\"url\":\"https:\/\/ilgiardinodicorten.it\/wp-content\/uploads\/2022\/07\/Docciart_2.jpg\",\"contentUrl\":\"https:\/\/ilgiardinodicorten.it\/wp-content\/uploads\/2022\/07\/Docciart_2.jpg\",\"width\":545,\"height\":710},{\"@type\":\"BreadcrumbList\",\"@id\":\"https:\/\/ilgiardinodicorten.it\/produit\/docciart-liscia\/#breadcrumb\",\"itemListElement\":[{\"@type\":\"ListItem\",\"position\":1,\"name\":\"Home\",\"item\":\"https:\/\/ilgiardinodicorten.it\/fr\/\"},{\"@type\":\"ListItem\",\"position\":2,\"name\":\"Boutique\",\"item\":\"https:\/\/ilgiardinodicorten.it\/fr\/boutique\/\"},{\"@type\":\"ListItem\",\"position\":3,\"name\":\"Docciart Liscia\"}]},{\"@type\":\"WebSite\",\"@id\":\"https:\/\/ilgiardinodicorten.it\/#website\",\"url\":\"https:\/\/ilgiardinodicorten.it\/\",\"name\":\"Il Giardino di Corten\",\"description\":\"\",\"potentialAction\":[{\"@type\":\"SearchAction\",\"target\":{\"@type\":\"EntryPoint\",\"urlTemplate\":\"https:\/\/ilgiardinodicorten.it\/?s={search_term_string}\"},\"query-input\":{\"@type\":\"PropertyValueSpecification\",\"valueRequired\":true,\"valueName\":\"search_term_string\"}}],\"inLanguage\":\"fr-FR\"}]}<\/script>\n<!-- \/ Yoast SEO plugin. -->","yoast_head_json":{"title":"Docciart Liscia - Il Giardino di Corten","robots":{"index":"index","follow":"follow","max-snippet":"max-snippet:-1","max-image-preview":"max-image-preview:large","max-video-preview":"max-video-preview:-1"},"canonical":"https:\/\/ilgiardinodicorten.it\/produit\/docciart-liscia\/","og_locale":"fr_FR","og_type":"article","og_title":"Docciart Liscia - Il Giardino di Corten","og_description":"Cela ressemble \u00e0 une sculpture contemporaine, mais c'est une structure con\u00e7ue comme une douche et un dressing. Docciart s'inspire de la nature pour offrir intimit\u00e9 et abri, s'harmonisant avec n'importe quel sc\u00e9nario ext\u00e9rieur. Trouvez une combinaison mat\u00e9rielle et esth\u00e9tique id\u00e9ale avec le Stanza Che Non C'\u00e8, en version sauna ou bien-\u00eatre.","og_url":"https:\/\/ilgiardinodicorten.it\/produit\/docciart-liscia\/","og_site_name":"Il Giardino di Corten","article_modified_time":"2023-01-16T11:23:33+00:00","og_image":[{"width":545,"height":710,"url":"https:\/\/ilgiardinodicorten.it\/wp-content\/uploads\/2022\/07\/Docciart_2.jpg","type":"image\/jpeg"}],"twitter_card":"summary_large_image","schema":{"@context":"https:\/\/schema.org","@graph":[{"@type":"WebPage","@id":"https:\/\/ilgiardinodicorten.it\/produit\/docciart-liscia\/","url":"https:\/\/ilgiardinodicorten.it\/produit\/docciart-liscia\/","name":"Docciart Liscia - Il Giardino di Corten","isPartOf":{"@id":"https:\/\/ilgiardinodicorten.it\/#website"},"primaryImageOfPage":{"@id":"https:\/\/ilgiardinodicorten.it\/produit\/docciart-liscia\/#primaryimage"},"image":{"@id":"https:\/\/ilgiardinodicorten.it\/produit\/docciart-liscia\/#primaryimage"},"thumbnailUrl":"https:\/\/ilgiardinodicorten.it\/wp-content\/uploads\/2022\/07\/Docciart_2.jpg","datePublished":"2021-10-28T10:56:27+00:00","dateModified":"2023-01-16T11:23:33+00:00","breadcrumb":{"@id":"https:\/\/ilgiardinodicorten.it\/produit\/docciart-liscia\/#breadcrumb"},"inLanguage":"fr-FR","potentialAction":[{"@type":"ReadAction","target":["https:\/\/ilgiardinodicorten.it\/produit\/docciart-liscia\/"]}]},{"@type":"ImageObject","inLanguage":"fr-FR","@id":"https:\/\/ilgiardinodicorten.it\/produit\/docciart-liscia\/#primaryimage","url":"https:\/\/ilgiardinodicorten.it\/wp-content\/uploads\/2022\/07\/Docciart_2.jpg","contentUrl":"https:\/\/ilgiardinodicorten.it\/wp-content\/uploads\/2022\/07\/Docciart_2.jpg","width":545,"height":710},{"@type":"BreadcrumbList","@id":"https:\/\/ilgiardinodicorten.it\/produit\/docciart-liscia\/#breadcrumb","itemListElement":[{"@type":"ListItem","position":1,"name":"Home","item":"https:\/\/ilgiardinodicorten.it\/fr\/"},{"@type":"ListItem","position":2,"name":"Boutique","item":"https:\/\/ilgiardinodicorten.it\/fr\/boutique\/"},{"@type":"ListItem","position":3,"name":"Docciart Liscia"}]},{"@type":"WebSite","@id":"https:\/\/ilgiardinodicorten.it\/#website","url":"https:\/\/ilgiardinodicorten.it\/","name":"Il Giardino di Corten","description":"","potentialAction":[{"@type":"SearchAction","target":{"@type":"EntryPoint","urlTemplate":"https:\/\/ilgiardinodicorten.it\/?s={search_term_string}"},"query-input":{"@type":"PropertyValueSpecification","valueRequired":true,"valueName":"search_term_string"}}],"inLanguage":"fr-FR"}]}},"_links":{"self":[{"href":"https:\/\/ilgiardinodicorten.it\/fr\/wp-json\/wp\/v2\/product\/22209","targetHints":{"allow":["GET"]}}],"collection":[{"href":"https:\/\/ilgiardinodicorten.it\/fr\/wp-json\/wp\/v2\/product"}],"about":[{"href":"https:\/\/ilgiardinodicorten.it\/fr\/wp-json\/wp\/v2\/types\/product"}],"wp:featuredmedia":[{"embeddable":true,"href":"https:\/\/ilgiardinodicorten.it\/fr\/wp-json\/wp\/v2\/media\/20951"}],"wp:attachment":[{"href":"https:\/\/ilgiardinodicorten.it\/fr\/wp-json\/wp\/v2\/media?parent=22209"}],"wp:term":[{"taxonomy":"product_brand","embeddable":true,"href":"https:\/\/ilgiardinodicorten.it\/fr\/wp-json\/wp\/v2\/product_brand?post=22209"},{"taxonomy":"product_cat","embeddable":true,"href":"https:\/\/ilgiardinodicorten.it\/fr\/wp-json\/wp\/v2\/product_cat?post=22209"},{"taxonomy":"product_tag","embeddable":true,"href":"https:\/\/ilgiardinodicorten.it\/fr\/wp-json\/wp\/v2\/product_tag?post=22209"}],"curies":[{"name":"wp","href":"https:\/\/api.w.org\/{rel}","templated":true}]}}