{"id":22215,"date":"2017-12-11T12:10:47","date_gmt":"2017-12-11T11:10:47","guid":{"rendered":"https:\/\/ilgiardinodicorten.it\/prodotto\/carrello-quadrato-sottopianta\/"},"modified":"2017-12-11T12:10:47","modified_gmt":"2017-12-11T11:10:47","slug":"carrello-quadrato-sottopianta","status":"publish","type":"product","link":"https:\/\/ilgiardinodicorten.it\/fr\/produit\/carrello-quadrato-sottopianta\/","title":{"rendered":"Carrello quadrato sottopianta"},"content":{"rendered":"<p>Chariot carr\u00e9 pratique \u00e9quip\u00e9 de roulettes pour faciliter le d\u00e9placement des pots.<br \/>\nLe chariot sous-plante peut \u00eatre combin\u00e9 avec la jardini\u00e8re \u00e0 translation Tebe ou utilis\u00e9 individuellement pour faciliter le d\u00e9placement des pots.<\/p>\n<p><strong>DIMENSIONS\u00a0:<\/strong><\/p>\n<p><strong>Petit chariot carr\u00e9 sous plante\u00a0:<br \/>\n<\/strong>Largeur\u00a0: 40 x 40 cm<br \/>\nHauteur\u00a0: 4\u00a0cm<\/p>\n<p><strong>Chariot carr\u00e9 moyen sous plante\u00a0:<br \/>\n<\/strong>Largeur\u00a0: 50&#215;50 cm<br \/>\nHauteur\u00a0: 4\u00a0cm<\/p>\n<p><strong>Grand chariot carr\u00e9 sous plante\u00a0:<\/strong><br \/>\nLargeur : 60x60cm<br \/>\nHauteur\u00a0: 4\u00a0cm<\/p>\n","protected":false},"excerpt":{"rendered":"<p>Chariot pratique \u00e9quip\u00e9 de roulettes pour faciliter le d\u00e9placement des pots.<\/p>\n","protected":false},"featured_media":20486,"template":"","meta":{"_acf_changed":false},"product_brand":[],"product_cat":[283],"product_tag":[],"class_list":{"0":"post-22215","1":"product","2":"type-product","3":"status-publish","4":"has-post-thumbnail","6":"product_cat-jardinieres","7":"product_shipping_class-spedizione-12-fr","10":"first","11":"instock","12":"taxable","13":"shipping-taxable","14":"purchasable","15":"product-type-variable"},"acf":[],"yoast_head":"<!-- This site is optimized with the Yoast SEO plugin v27.1.1 - https:\/\/yoast.com\/product\/yoast-seo-wordpress\/ -->\n<title>Carrello quadrato sottopianta - Il Giardino di Corten<\/title>\n<meta name=\"robots\" content=\"index, follow, max-snippet:-1, max-image-preview:large, max-video-preview:-1\" \/>\n<link rel=\"canonical\" href=\"https:\/\/ilgiardinodicorten.it\/produit\/carrello-quadrato-sottopianta\/\" \/>\n<meta property=\"og:locale\" content=\"fr_FR\" \/>\n<meta property=\"og:type\" content=\"article\" \/>\n<meta property=\"og:title\" content=\"Carrello quadrato sottopianta - Il Giardino di Corten\" \/>\n<meta property=\"og:description\" content=\"Chariot pratique \u00e9quip\u00e9 de roulettes pour faciliter le d\u00e9placement des pots.\" \/>\n<meta property=\"og:url\" content=\"https:\/\/ilgiardinodicorten.it\/produit\/carrello-quadrato-sottopianta\/\" \/>\n<meta property=\"og:site_name\" content=\"Il Giardino di Corten\" \/>\n<meta property=\"og:image\" content=\"https:\/\/ilgiardinodicorten.it\/wp-content\/uploads\/2017\/12\/Sottovaso-Tebe-Quadro.jpg\" \/>\n\t<meta property=\"og:image:width\" content=\"612\" \/>\n\t<meta property=\"og:image:height\" content=\"520\" \/>\n\t<meta property=\"og:image:type\" content=\"image\/jpeg\" \/>\n<meta name=\"twitter:card\" content=\"summary_large_image\" \/>\n<script type=\"application\/ld+json\" class=\"yoast-schema-graph\">{\"@context\":\"https:\/\/schema.org\",\"@graph\":[{\"@type\":\"WebPage\",\"@id\":\"https:\/\/ilgiardinodicorten.it\/produit\/carrello-quadrato-sottopianta\/\",\"url\":\"https:\/\/ilgiardinodicorten.it\/produit\/carrello-quadrato-sottopianta\/\",\"name\":\"Carrello quadrato sottopianta - Il Giardino di Corten\",\"isPartOf\":{\"@id\":\"https:\/\/ilgiardinodicorten.it\/#website\"},\"primaryImageOfPage\":{\"@id\":\"https:\/\/ilgiardinodicorten.it\/produit\/carrello-quadrato-sottopianta\/#primaryimage\"},\"image\":{\"@id\":\"https:\/\/ilgiardinodicorten.it\/produit\/carrello-quadrato-sottopianta\/#primaryimage\"},\"thumbnailUrl\":\"https:\/\/ilgiardinodicorten.it\/wp-content\/uploads\/2017\/12\/Sottovaso-Tebe-Quadro.jpg\",\"datePublished\":\"2017-12-11T11:10:47+00:00\",\"breadcrumb\":{\"@id\":\"https:\/\/ilgiardinodicorten.it\/produit\/carrello-quadrato-sottopianta\/#breadcrumb\"},\"inLanguage\":\"fr-FR\",\"potentialAction\":[{\"@type\":\"ReadAction\",\"target\":[\"https:\/\/ilgiardinodicorten.it\/produit\/carrello-quadrato-sottopianta\/\"]}]},{\"@type\":\"ImageObject\",\"inLanguage\":\"fr-FR\",\"@id\":\"https:\/\/ilgiardinodicorten.it\/produit\/carrello-quadrato-sottopianta\/#primaryimage\",\"url\":\"https:\/\/ilgiardinodicorten.it\/wp-content\/uploads\/2017\/12\/Sottovaso-Tebe-Quadro.jpg\",\"contentUrl\":\"https:\/\/ilgiardinodicorten.it\/wp-content\/uploads\/2017\/12\/Sottovaso-Tebe-Quadro.jpg\",\"width\":612,\"height\":520},{\"@type\":\"BreadcrumbList\",\"@id\":\"https:\/\/ilgiardinodicorten.it\/produit\/carrello-quadrato-sottopianta\/#breadcrumb\",\"itemListElement\":[{\"@type\":\"ListItem\",\"position\":1,\"name\":\"Home\",\"item\":\"https:\/\/ilgiardinodicorten.it\/fr\/\"},{\"@type\":\"ListItem\",\"position\":2,\"name\":\"Boutique\",\"item\":\"https:\/\/ilgiardinodicorten.it\/fr\/boutique\/\"},{\"@type\":\"ListItem\",\"position\":3,\"name\":\"Carrello quadrato sottopianta\"}]},{\"@type\":\"WebSite\",\"@id\":\"https:\/\/ilgiardinodicorten.it\/#website\",\"url\":\"https:\/\/ilgiardinodicorten.it\/\",\"name\":\"Il Giardino di Corten\",\"description\":\"\",\"potentialAction\":[{\"@type\":\"SearchAction\",\"target\":{\"@type\":\"EntryPoint\",\"urlTemplate\":\"https:\/\/ilgiardinodicorten.it\/?s={search_term_string}\"},\"query-input\":{\"@type\":\"PropertyValueSpecification\",\"valueRequired\":true,\"valueName\":\"search_term_string\"}}],\"inLanguage\":\"fr-FR\"}]}<\/script>\n<!-- \/ Yoast SEO plugin. -->","yoast_head_json":{"title":"Carrello quadrato sottopianta - Il Giardino di Corten","robots":{"index":"index","follow":"follow","max-snippet":"max-snippet:-1","max-image-preview":"max-image-preview:large","max-video-preview":"max-video-preview:-1"},"canonical":"https:\/\/ilgiardinodicorten.it\/produit\/carrello-quadrato-sottopianta\/","og_locale":"fr_FR","og_type":"article","og_title":"Carrello quadrato sottopianta - Il Giardino di Corten","og_description":"Chariot pratique \u00e9quip\u00e9 de roulettes pour faciliter le d\u00e9placement des pots.","og_url":"https:\/\/ilgiardinodicorten.it\/produit\/carrello-quadrato-sottopianta\/","og_site_name":"Il Giardino di Corten","og_image":[{"width":612,"height":520,"url":"https:\/\/ilgiardinodicorten.it\/wp-content\/uploads\/2017\/12\/Sottovaso-Tebe-Quadro.jpg","type":"image\/jpeg"}],"twitter_card":"summary_large_image","schema":{"@context":"https:\/\/schema.org","@graph":[{"@type":"WebPage","@id":"https:\/\/ilgiardinodicorten.it\/produit\/carrello-quadrato-sottopianta\/","url":"https:\/\/ilgiardinodicorten.it\/produit\/carrello-quadrato-sottopianta\/","name":"Carrello quadrato sottopianta - Il Giardino di Corten","isPartOf":{"@id":"https:\/\/ilgiardinodicorten.it\/#website"},"primaryImageOfPage":{"@id":"https:\/\/ilgiardinodicorten.it\/produit\/carrello-quadrato-sottopianta\/#primaryimage"},"image":{"@id":"https:\/\/ilgiardinodicorten.it\/produit\/carrello-quadrato-sottopianta\/#primaryimage"},"thumbnailUrl":"https:\/\/ilgiardinodicorten.it\/wp-content\/uploads\/2017\/12\/Sottovaso-Tebe-Quadro.jpg","datePublished":"2017-12-11T11:10:47+00:00","breadcrumb":{"@id":"https:\/\/ilgiardinodicorten.it\/produit\/carrello-quadrato-sottopianta\/#breadcrumb"},"inLanguage":"fr-FR","potentialAction":[{"@type":"ReadAction","target":["https:\/\/ilgiardinodicorten.it\/produit\/carrello-quadrato-sottopianta\/"]}]},{"@type":"ImageObject","inLanguage":"fr-FR","@id":"https:\/\/ilgiardinodicorten.it\/produit\/carrello-quadrato-sottopianta\/#primaryimage","url":"https:\/\/ilgiardinodicorten.it\/wp-content\/uploads\/2017\/12\/Sottovaso-Tebe-Quadro.jpg","contentUrl":"https:\/\/ilgiardinodicorten.it\/wp-content\/uploads\/2017\/12\/Sottovaso-Tebe-Quadro.jpg","width":612,"height":520},{"@type":"BreadcrumbList","@id":"https:\/\/ilgiardinodicorten.it\/produit\/carrello-quadrato-sottopianta\/#breadcrumb","itemListElement":[{"@type":"ListItem","position":1,"name":"Home","item":"https:\/\/ilgiardinodicorten.it\/fr\/"},{"@type":"ListItem","position":2,"name":"Boutique","item":"https:\/\/ilgiardinodicorten.it\/fr\/boutique\/"},{"@type":"ListItem","position":3,"name":"Carrello quadrato sottopianta"}]},{"@type":"WebSite","@id":"https:\/\/ilgiardinodicorten.it\/#website","url":"https:\/\/ilgiardinodicorten.it\/","name":"Il Giardino di Corten","description":"","potentialAction":[{"@type":"SearchAction","target":{"@type":"EntryPoint","urlTemplate":"https:\/\/ilgiardinodicorten.it\/?s={search_term_string}"},"query-input":{"@type":"PropertyValueSpecification","valueRequired":true,"valueName":"search_term_string"}}],"inLanguage":"fr-FR"}]}},"_links":{"self":[{"href":"https:\/\/ilgiardinodicorten.it\/fr\/wp-json\/wp\/v2\/product\/22215","targetHints":{"allow":["GET"]}}],"collection":[{"href":"https:\/\/ilgiardinodicorten.it\/fr\/wp-json\/wp\/v2\/product"}],"about":[{"href":"https:\/\/ilgiardinodicorten.it\/fr\/wp-json\/wp\/v2\/types\/product"}],"wp:featuredmedia":[{"embeddable":true,"href":"https:\/\/ilgiardinodicorten.it\/fr\/wp-json\/wp\/v2\/media\/20486"}],"wp:attachment":[{"href":"https:\/\/ilgiardinodicorten.it\/fr\/wp-json\/wp\/v2\/media?parent=22215"}],"wp:term":[{"taxonomy":"product_brand","embeddable":true,"href":"https:\/\/ilgiardinodicorten.it\/fr\/wp-json\/wp\/v2\/product_brand?post=22215"},{"taxonomy":"product_cat","embeddable":true,"href":"https:\/\/ilgiardinodicorten.it\/fr\/wp-json\/wp\/v2\/product_cat?post=22215"},{"taxonomy":"product_tag","embeddable":true,"href":"https:\/\/ilgiardinodicorten.it\/fr\/wp-json\/wp\/v2\/product_tag?post=22215"}],"curies":[{"name":"wp","href":"https:\/\/api.w.org\/{rel}","templated":true}]}}