{"id":22252,"date":"2017-11-29T16:42:23","date_gmt":"2017-11-29T15:42:23","guid":{"rendered":"https:\/\/ilgiardinodicorten.it\/prodotto\/fioriera-tebe-da-balcone\/"},"modified":"2017-11-29T16:42:23","modified_gmt":"2017-11-29T15:42:23","slug":"fioriera-tebe-da-balcone","status":"publish","type":"product","link":"https:\/\/ilgiardinodicorten.it\/fr\/produit\/fioriera-tebe-da-balcone\/","title":{"rendered":"Fioriera Tebe da balcone"},"content":{"rendered":"<p>La jardini\u00e8re de balcon Tebe est la solution id\u00e9ale pour embellir les balcons avec simplicit\u00e9 et \u00e9l\u00e9gance.<br \/>\nIl est disponible en quatre tailles diff\u00e9rentes.<\/p>\n<p><strong>DIMENSIONS\u00a0:\u00a0<\/strong><\/p>\n<p><strong>Jardini\u00e8re de balcon Tebe 40\u00a0:<br \/>\n<\/strong>Hauteur\u00a0: 18\u00a0cm<br \/>\nLongueur\u00a0: 43\u00a0cm<br \/>\nLargeur\u00a0: 21\u00a0cm<br \/>\nPoids\u00a0: 6\u00a0kg<\/p>\n<p><strong>Jardini\u00e8re de balcon Tebe 50\u00a0:<br \/>\n<\/strong>Hauteur\u00a0: 18\u00a0cm<br \/>\nLongueur\u00a0: 53\u00a0cm<br \/>\nLargeur\u00a0: 21\u00a0cm<br \/>\nPoids\u00a0: 6\u00a0kg<\/p>\n<p><strong>Jardini\u00e8re de balcon Tebe 60\u00a0:<br \/>\n<\/strong>Hauteur\u00a0: 18\u00a0cm<br \/>\nLongueur\u00a0: 63\u00a0cm<br \/>\nLargeur\u00a0: 21\u00a0cm<br \/>\nPoids\u00a0: 7\u00a0kg<\/p>\n<p><strong>Jardini\u00e8re de balcon Tebe 80\u00a0:<br \/>\n<\/strong>Hauteur\u00a0: 18\u00a0cm<br \/>\nLongueur\u00a0: 83\u00a0cm<br \/>\nLargeur\u00a0: 21\u00a0cm<br \/>\nPoids\u00a0: 8\u00a0kg<\/p>\n","protected":false},"excerpt":{"rendered":"<p>Disponible en quatre tailles diff\u00e9rentes, la jardini\u00e8re de balcon Tebe est parfaite pour accueillir des fleurs et des plantes.<br \/>\nLe design essentiel et contemporain lui permet d&#8217;\u00eatre plac\u00e9 dans n&#8217;importe quel contexte architectural.<\/p>\n","protected":false},"featured_media":20519,"template":"","meta":{"_acf_changed":false},"product_brand":[],"product_cat":[283],"product_tag":[],"class_list":{"0":"post-22252","1":"product","2":"type-product","3":"status-publish","4":"has-post-thumbnail","6":"product_cat-jardinieres","7":"product_shipping_class-spedizione-12-fr","10":"first","11":"instock","12":"taxable","13":"shipping-taxable","14":"purchasable","15":"product-type-variable"},"acf":[],"yoast_head":"<!-- This site is optimized with the Yoast SEO plugin v27.1.1 - https:\/\/yoast.com\/product\/yoast-seo-wordpress\/ -->\n<title>Fioriera Tebe da balcone - Il Giardino di Corten<\/title>\n<meta name=\"robots\" content=\"index, follow, max-snippet:-1, max-image-preview:large, max-video-preview:-1\" \/>\n<link rel=\"canonical\" href=\"https:\/\/ilgiardinodicorten.it\/fr\/produit\/fioriera-tebe-da-balcone\/\" \/>\n<meta property=\"og:locale\" content=\"fr_FR\" \/>\n<meta property=\"og:type\" content=\"article\" \/>\n<meta property=\"og:title\" content=\"Fioriera Tebe da balcone - Il Giardino di Corten\" \/>\n<meta property=\"og:description\" content=\"Disponible en quatre tailles diff\u00e9rentes, la jardini\u00e8re de balcon Tebe est parfaite pour accueillir des fleurs et des plantes. Le design essentiel et contemporain lui permet d&#039;\u00eatre plac\u00e9 dans n&#039;importe quel contexte architectural.\" \/>\n<meta property=\"og:url\" content=\"https:\/\/ilgiardinodicorten.it\/fr\/produit\/fioriera-tebe-da-balcone\/\" \/>\n<meta property=\"og:site_name\" content=\"Il Giardino di Corten\" \/>\n<meta property=\"og:image\" content=\"https:\/\/ilgiardinodicorten.it\/wp-content\/uploads\/2017\/11\/Fioriere-Tebe-da-balcone-1.jpg\" \/>\n\t<meta property=\"og:image:width\" content=\"780\" \/>\n\t<meta property=\"og:image:height\" content=\"619\" \/>\n\t<meta property=\"og:image:type\" content=\"image\/jpeg\" \/>\n<meta name=\"twitter:card\" content=\"summary_large_image\" \/>\n<script type=\"application\/ld+json\" class=\"yoast-schema-graph\">{\"@context\":\"https:\/\/schema.org\",\"@graph\":[{\"@type\":\"WebPage\",\"@id\":\"https:\/\/ilgiardinodicorten.it\/fr\/produit\/fioriera-tebe-da-balcone\/\",\"url\":\"https:\/\/ilgiardinodicorten.it\/fr\/produit\/fioriera-tebe-da-balcone\/\",\"name\":\"Fioriera Tebe da balcone - Il Giardino di Corten\",\"isPartOf\":{\"@id\":\"https:\/\/ilgiardinodicorten.it\/#website\"},\"primaryImageOfPage\":{\"@id\":\"https:\/\/ilgiardinodicorten.it\/fr\/produit\/fioriera-tebe-da-balcone\/#primaryimage\"},\"image\":{\"@id\":\"https:\/\/ilgiardinodicorten.it\/fr\/produit\/fioriera-tebe-da-balcone\/#primaryimage\"},\"thumbnailUrl\":\"https:\/\/ilgiardinodicorten.it\/wp-content\/uploads\/2017\/11\/Fioriere-Tebe-da-balcone-1.jpg\",\"datePublished\":\"2017-11-29T15:42:23+00:00\",\"breadcrumb\":{\"@id\":\"https:\/\/ilgiardinodicorten.it\/fr\/produit\/fioriera-tebe-da-balcone\/#breadcrumb\"},\"inLanguage\":\"fr-FR\",\"potentialAction\":[{\"@type\":\"ReadAction\",\"target\":[\"https:\/\/ilgiardinodicorten.it\/fr\/produit\/fioriera-tebe-da-balcone\/\"]}]},{\"@type\":\"ImageObject\",\"inLanguage\":\"fr-FR\",\"@id\":\"https:\/\/ilgiardinodicorten.it\/fr\/produit\/fioriera-tebe-da-balcone\/#primaryimage\",\"url\":\"https:\/\/ilgiardinodicorten.it\/wp-content\/uploads\/2017\/11\/Fioriere-Tebe-da-balcone-1.jpg\",\"contentUrl\":\"https:\/\/ilgiardinodicorten.it\/wp-content\/uploads\/2017\/11\/Fioriere-Tebe-da-balcone-1.jpg\",\"width\":780,\"height\":619},{\"@type\":\"BreadcrumbList\",\"@id\":\"https:\/\/ilgiardinodicorten.it\/fr\/produit\/fioriera-tebe-da-balcone\/#breadcrumb\",\"itemListElement\":[{\"@type\":\"ListItem\",\"position\":1,\"name\":\"Home\",\"item\":\"https:\/\/ilgiardinodicorten.it\/fr\/\"},{\"@type\":\"ListItem\",\"position\":2,\"name\":\"Boutique\",\"item\":\"https:\/\/ilgiardinodicorten.it\/fr\/boutique\/\"},{\"@type\":\"ListItem\",\"position\":3,\"name\":\"Fioriera Tebe da balcone\"}]},{\"@type\":\"WebSite\",\"@id\":\"https:\/\/ilgiardinodicorten.it\/#website\",\"url\":\"https:\/\/ilgiardinodicorten.it\/\",\"name\":\"Il Giardino di Corten\",\"description\":\"\",\"potentialAction\":[{\"@type\":\"SearchAction\",\"target\":{\"@type\":\"EntryPoint\",\"urlTemplate\":\"https:\/\/ilgiardinodicorten.it\/?s={search_term_string}\"},\"query-input\":{\"@type\":\"PropertyValueSpecification\",\"valueRequired\":true,\"valueName\":\"search_term_string\"}}],\"inLanguage\":\"fr-FR\"}]}<\/script>\n<!-- \/ Yoast SEO plugin. -->","yoast_head_json":{"title":"Fioriera Tebe da balcone - Il Giardino di Corten","robots":{"index":"index","follow":"follow","max-snippet":"max-snippet:-1","max-image-preview":"max-image-preview:large","max-video-preview":"max-video-preview:-1"},"canonical":"https:\/\/ilgiardinodicorten.it\/fr\/produit\/fioriera-tebe-da-balcone\/","og_locale":"fr_FR","og_type":"article","og_title":"Fioriera Tebe da balcone - Il Giardino di Corten","og_description":"Disponible en quatre tailles diff\u00e9rentes, la jardini\u00e8re de balcon Tebe est parfaite pour accueillir des fleurs et des plantes. Le design essentiel et contemporain lui permet d'\u00eatre plac\u00e9 dans n'importe quel contexte architectural.","og_url":"https:\/\/ilgiardinodicorten.it\/fr\/produit\/fioriera-tebe-da-balcone\/","og_site_name":"Il Giardino di Corten","og_image":[{"width":780,"height":619,"url":"https:\/\/ilgiardinodicorten.it\/wp-content\/uploads\/2017\/11\/Fioriere-Tebe-da-balcone-1.jpg","type":"image\/jpeg"}],"twitter_card":"summary_large_image","schema":{"@context":"https:\/\/schema.org","@graph":[{"@type":"WebPage","@id":"https:\/\/ilgiardinodicorten.it\/fr\/produit\/fioriera-tebe-da-balcone\/","url":"https:\/\/ilgiardinodicorten.it\/fr\/produit\/fioriera-tebe-da-balcone\/","name":"Fioriera Tebe da balcone - Il Giardino di Corten","isPartOf":{"@id":"https:\/\/ilgiardinodicorten.it\/#website"},"primaryImageOfPage":{"@id":"https:\/\/ilgiardinodicorten.it\/fr\/produit\/fioriera-tebe-da-balcone\/#primaryimage"},"image":{"@id":"https:\/\/ilgiardinodicorten.it\/fr\/produit\/fioriera-tebe-da-balcone\/#primaryimage"},"thumbnailUrl":"https:\/\/ilgiardinodicorten.it\/wp-content\/uploads\/2017\/11\/Fioriere-Tebe-da-balcone-1.jpg","datePublished":"2017-11-29T15:42:23+00:00","breadcrumb":{"@id":"https:\/\/ilgiardinodicorten.it\/fr\/produit\/fioriera-tebe-da-balcone\/#breadcrumb"},"inLanguage":"fr-FR","potentialAction":[{"@type":"ReadAction","target":["https:\/\/ilgiardinodicorten.it\/fr\/produit\/fioriera-tebe-da-balcone\/"]}]},{"@type":"ImageObject","inLanguage":"fr-FR","@id":"https:\/\/ilgiardinodicorten.it\/fr\/produit\/fioriera-tebe-da-balcone\/#primaryimage","url":"https:\/\/ilgiardinodicorten.it\/wp-content\/uploads\/2017\/11\/Fioriere-Tebe-da-balcone-1.jpg","contentUrl":"https:\/\/ilgiardinodicorten.it\/wp-content\/uploads\/2017\/11\/Fioriere-Tebe-da-balcone-1.jpg","width":780,"height":619},{"@type":"BreadcrumbList","@id":"https:\/\/ilgiardinodicorten.it\/fr\/produit\/fioriera-tebe-da-balcone\/#breadcrumb","itemListElement":[{"@type":"ListItem","position":1,"name":"Home","item":"https:\/\/ilgiardinodicorten.it\/fr\/"},{"@type":"ListItem","position":2,"name":"Boutique","item":"https:\/\/ilgiardinodicorten.it\/fr\/boutique\/"},{"@type":"ListItem","position":3,"name":"Fioriera Tebe da balcone"}]},{"@type":"WebSite","@id":"https:\/\/ilgiardinodicorten.it\/#website","url":"https:\/\/ilgiardinodicorten.it\/","name":"Il Giardino di Corten","description":"","potentialAction":[{"@type":"SearchAction","target":{"@type":"EntryPoint","urlTemplate":"https:\/\/ilgiardinodicorten.it\/?s={search_term_string}"},"query-input":{"@type":"PropertyValueSpecification","valueRequired":true,"valueName":"search_term_string"}}],"inLanguage":"fr-FR"}]}},"_links":{"self":[{"href":"https:\/\/ilgiardinodicorten.it\/fr\/wp-json\/wp\/v2\/product\/22252","targetHints":{"allow":["GET"]}}],"collection":[{"href":"https:\/\/ilgiardinodicorten.it\/fr\/wp-json\/wp\/v2\/product"}],"about":[{"href":"https:\/\/ilgiardinodicorten.it\/fr\/wp-json\/wp\/v2\/types\/product"}],"wp:featuredmedia":[{"embeddable":true,"href":"https:\/\/ilgiardinodicorten.it\/fr\/wp-json\/wp\/v2\/media\/20519"}],"wp:attachment":[{"href":"https:\/\/ilgiardinodicorten.it\/fr\/wp-json\/wp\/v2\/media?parent=22252"}],"wp:term":[{"taxonomy":"product_brand","embeddable":true,"href":"https:\/\/ilgiardinodicorten.it\/fr\/wp-json\/wp\/v2\/product_brand?post=22252"},{"taxonomy":"product_cat","embeddable":true,"href":"https:\/\/ilgiardinodicorten.it\/fr\/wp-json\/wp\/v2\/product_cat?post=22252"},{"taxonomy":"product_tag","embeddable":true,"href":"https:\/\/ilgiardinodicorten.it\/fr\/wp-json\/wp\/v2\/product_tag?post=22252"}],"curies":[{"name":"wp","href":"https:\/\/api.w.org\/{rel}","templated":true}]}}