{"id":22266,"date":"2017-11-28T15:18:14","date_gmt":"2017-11-28T14:18:14","guid":{"rendered":"https:\/\/ilgiardinodicorten.it\/prodotto\/ensemble-efeso-1-table-efeso-1-banc-venere-xl-2-bancs-venere-m\/"},"modified":"2017-11-28T15:18:14","modified_gmt":"2017-11-28T14:18:14","slug":"ensemble-efeso-1-table-efeso-1-banc-venere-xl-2-bancs-venere-m","status":"publish","type":"product","link":"https:\/\/ilgiardinodicorten.it\/fr\/produit\/ensemble-efeso-1-table-efeso-1-banc-venere-xl-2-bancs-venere-m\/","title":{"rendered":"Ensemble Efeso : 1 table Efeso + 1 banc Venere XL + 2 bancs Venere M"},"content":{"rendered":"<p>Les \u00e9paisseurs et les structures garantissent robustesse et confort, tandis que ses lignes \u00e9pur\u00e9es sont con\u00e7ues pour s&#8217;adapter parfaitement \u00e0 tout type de jardin. Une cr\u00e9ation unique et raffin\u00e9e, qui fait de la sobri\u00e9t\u00e9 et de l&#8217;\u00e9l\u00e9gance ses principales qualit\u00e9s.<br \/>\nEfeso est disponible sur demande avec une surface en bronze, cuivre et laiton.<\/p>\n<p><strong>DIMENSIONS\u00a0:<\/strong><\/p>\n<p><strong>Non. 1 table d&#8217;Eph\u00e8se :<br \/>\n<\/strong>Hauteur\u00a0: 80\u00a0cm<br \/>\nLargeur\u00a0: 90\u00a0cm<br \/>\nLongueur\u00a0: 270\u00a0cm<\/p>\n<p><strong>Non. 2 Banc V\u00e9nus M\u00a0:<br \/>\n<\/strong>Longueur\u00a0: 120\u00a0cm<br \/>\nLargeur\u00a0: 40\u00a0cm<br \/>\nHauteur\u00a0: 45\u00a0cm<br \/>\nPoids\u00a0: 13\u00a0kg<\/p>\n<p><strong>Non. 1 banc Venere XL\u00a0:<br \/>\n<\/strong>Longueur\u00a0: 160\u00a0cm<br \/>\nLargeur\u00a0: 40\u00a0cm<br \/>\nHauteur\u00a0: 45\u00a0cm<br \/>\nPoids\u00a0: 19\u00a0kg<\/p>\n","protected":false},"excerpt":{"rendered":"<p>Le kit compos\u00e9 de la table Efeso et de trois bancs Venere s&#8217;adapte \u00e0 n&#8217;importe quel contexte et donne une \u00e9l\u00e9gance contemporaine \u00e0 n&#8217;importe quel espace.<\/p>\n","protected":false},"featured_media":20618,"template":"","meta":{"_acf_changed":false},"product_brand":[],"product_cat":[351],"product_tag":[],"class_list":{"0":"post-22266","1":"product","2":"type-product","3":"status-publish","4":"has-post-thumbnail","6":"product_cat-tables-et-sieges","7":"product_shipping_class-spedizione-160-fr","10":"first","11":"instock","12":"taxable","13":"shipping-taxable","14":"purchasable","15":"product-type-simple"},"acf":[],"yoast_head":"<!-- This site is optimized with the Yoast SEO plugin v27.1.1 - https:\/\/yoast.com\/product\/yoast-seo-wordpress\/ -->\n<title>Ensemble Efeso : 1 table Efeso + 1 banc Venere XL + 2 bancs Venere M - Il Giardino di Corten<\/title>\n<meta name=\"robots\" content=\"index, follow, max-snippet:-1, max-image-preview:large, max-video-preview:-1\" \/>\n<link rel=\"canonical\" href=\"https:\/\/ilgiardinodicorten.it\/produit\/set-efeso-1-tavolo-efeso-1-panca-venere-xl-2-panche-venere-m\/\" \/>\n<meta property=\"og:locale\" content=\"fr_FR\" \/>\n<meta property=\"og:type\" content=\"article\" \/>\n<meta property=\"og:title\" content=\"Ensemble Efeso : 1 table Efeso + 1 banc Venere XL + 2 bancs Venere M - Il Giardino di Corten\" \/>\n<meta property=\"og:description\" content=\"Le kit compos\u00e9 de la table Efeso et de trois bancs Venere s&#039;adapte \u00e0 n&#039;importe quel contexte et donne une \u00e9l\u00e9gance contemporaine \u00e0 n&#039;importe quel espace.\" \/>\n<meta property=\"og:url\" content=\"https:\/\/ilgiardinodicorten.it\/produit\/set-efeso-1-tavolo-efeso-1-panca-venere-xl-2-panche-venere-m\/\" \/>\n<meta property=\"og:site_name\" content=\"Il Giardino di Corten\" \/>\n<meta property=\"og:image\" content=\"https:\/\/ilgiardinodicorten.it\/wp-content\/uploads\/2017\/11\/kit-efeso-Panca-Venere-2.jpg\" \/>\n\t<meta property=\"og:image:width\" content=\"780\" \/>\n\t<meta property=\"og:image:height\" content=\"619\" \/>\n\t<meta property=\"og:image:type\" content=\"image\/jpeg\" \/>\n<meta name=\"twitter:card\" content=\"summary_large_image\" \/>\n<script type=\"application\/ld+json\" class=\"yoast-schema-graph\">{\"@context\":\"https:\/\/schema.org\",\"@graph\":[{\"@type\":\"WebPage\",\"@id\":\"https:\/\/ilgiardinodicorten.it\/produit\/set-efeso-1-tavolo-efeso-1-panca-venere-xl-2-panche-venere-m\/\",\"url\":\"https:\/\/ilgiardinodicorten.it\/produit\/set-efeso-1-tavolo-efeso-1-panca-venere-xl-2-panche-venere-m\/\",\"name\":\"Ensemble Efeso : 1 table Efeso + 1 banc Venere XL + 2 bancs Venere M - Il Giardino di Corten\",\"isPartOf\":{\"@id\":\"https:\/\/ilgiardinodicorten.it\/#website\"},\"primaryImageOfPage\":{\"@id\":\"https:\/\/ilgiardinodicorten.it\/produit\/set-efeso-1-tavolo-efeso-1-panca-venere-xl-2-panche-venere-m\/#primaryimage\"},\"image\":{\"@id\":\"https:\/\/ilgiardinodicorten.it\/produit\/set-efeso-1-tavolo-efeso-1-panca-venere-xl-2-panche-venere-m\/#primaryimage\"},\"thumbnailUrl\":\"https:\/\/ilgiardinodicorten.it\/wp-content\/uploads\/2017\/11\/kit-efeso-Panca-Venere-2.jpg\",\"datePublished\":\"2017-11-28T14:18:14+00:00\",\"breadcrumb\":{\"@id\":\"https:\/\/ilgiardinodicorten.it\/produit\/set-efeso-1-tavolo-efeso-1-panca-venere-xl-2-panche-venere-m\/#breadcrumb\"},\"inLanguage\":\"fr-FR\",\"potentialAction\":[{\"@type\":\"ReadAction\",\"target\":[\"https:\/\/ilgiardinodicorten.it\/produit\/set-efeso-1-tavolo-efeso-1-panca-venere-xl-2-panche-venere-m\/\"]}]},{\"@type\":\"ImageObject\",\"inLanguage\":\"fr-FR\",\"@id\":\"https:\/\/ilgiardinodicorten.it\/produit\/set-efeso-1-tavolo-efeso-1-panca-venere-xl-2-panche-venere-m\/#primaryimage\",\"url\":\"https:\/\/ilgiardinodicorten.it\/wp-content\/uploads\/2017\/11\/kit-efeso-Panca-Venere-2.jpg\",\"contentUrl\":\"https:\/\/ilgiardinodicorten.it\/wp-content\/uploads\/2017\/11\/kit-efeso-Panca-Venere-2.jpg\",\"width\":780,\"height\":619},{\"@type\":\"BreadcrumbList\",\"@id\":\"https:\/\/ilgiardinodicorten.it\/produit\/set-efeso-1-tavolo-efeso-1-panca-venere-xl-2-panche-venere-m\/#breadcrumb\",\"itemListElement\":[{\"@type\":\"ListItem\",\"position\":1,\"name\":\"Home\",\"item\":\"https:\/\/ilgiardinodicorten.it\/fr\/\"},{\"@type\":\"ListItem\",\"position\":2,\"name\":\"Boutique\",\"item\":\"https:\/\/ilgiardinodicorten.it\/fr\/boutique\/\"},{\"@type\":\"ListItem\",\"position\":3,\"name\":\"Ensemble Efeso : 1 table Efeso + 1 banc Venere XL + 2 bancs Venere M\"}]},{\"@type\":\"WebSite\",\"@id\":\"https:\/\/ilgiardinodicorten.it\/#website\",\"url\":\"https:\/\/ilgiardinodicorten.it\/\",\"name\":\"Il Giardino di Corten\",\"description\":\"\",\"potentialAction\":[{\"@type\":\"SearchAction\",\"target\":{\"@type\":\"EntryPoint\",\"urlTemplate\":\"https:\/\/ilgiardinodicorten.it\/?s={search_term_string}\"},\"query-input\":{\"@type\":\"PropertyValueSpecification\",\"valueRequired\":true,\"valueName\":\"search_term_string\"}}],\"inLanguage\":\"fr-FR\"}]}<\/script>\n<!-- \/ Yoast SEO plugin. -->","yoast_head_json":{"title":"Ensemble Efeso : 1 table Efeso + 1 banc Venere XL + 2 bancs Venere M - Il Giardino di Corten","robots":{"index":"index","follow":"follow","max-snippet":"max-snippet:-1","max-image-preview":"max-image-preview:large","max-video-preview":"max-video-preview:-1"},"canonical":"https:\/\/ilgiardinodicorten.it\/produit\/set-efeso-1-tavolo-efeso-1-panca-venere-xl-2-panche-venere-m\/","og_locale":"fr_FR","og_type":"article","og_title":"Ensemble Efeso : 1 table Efeso + 1 banc Venere XL + 2 bancs Venere M - Il Giardino di Corten","og_description":"Le kit compos\u00e9 de la table Efeso et de trois bancs Venere s'adapte \u00e0 n'importe quel contexte et donne une \u00e9l\u00e9gance contemporaine \u00e0 n'importe quel espace.","og_url":"https:\/\/ilgiardinodicorten.it\/produit\/set-efeso-1-tavolo-efeso-1-panca-venere-xl-2-panche-venere-m\/","og_site_name":"Il Giardino di Corten","og_image":[{"width":780,"height":619,"url":"https:\/\/ilgiardinodicorten.it\/wp-content\/uploads\/2017\/11\/kit-efeso-Panca-Venere-2.jpg","type":"image\/jpeg"}],"twitter_card":"summary_large_image","schema":{"@context":"https:\/\/schema.org","@graph":[{"@type":"WebPage","@id":"https:\/\/ilgiardinodicorten.it\/produit\/set-efeso-1-tavolo-efeso-1-panca-venere-xl-2-panche-venere-m\/","url":"https:\/\/ilgiardinodicorten.it\/produit\/set-efeso-1-tavolo-efeso-1-panca-venere-xl-2-panche-venere-m\/","name":"Ensemble Efeso : 1 table Efeso + 1 banc Venere XL + 2 bancs Venere M - Il Giardino di Corten","isPartOf":{"@id":"https:\/\/ilgiardinodicorten.it\/#website"},"primaryImageOfPage":{"@id":"https:\/\/ilgiardinodicorten.it\/produit\/set-efeso-1-tavolo-efeso-1-panca-venere-xl-2-panche-venere-m\/#primaryimage"},"image":{"@id":"https:\/\/ilgiardinodicorten.it\/produit\/set-efeso-1-tavolo-efeso-1-panca-venere-xl-2-panche-venere-m\/#primaryimage"},"thumbnailUrl":"https:\/\/ilgiardinodicorten.it\/wp-content\/uploads\/2017\/11\/kit-efeso-Panca-Venere-2.jpg","datePublished":"2017-11-28T14:18:14+00:00","breadcrumb":{"@id":"https:\/\/ilgiardinodicorten.it\/produit\/set-efeso-1-tavolo-efeso-1-panca-venere-xl-2-panche-venere-m\/#breadcrumb"},"inLanguage":"fr-FR","potentialAction":[{"@type":"ReadAction","target":["https:\/\/ilgiardinodicorten.it\/produit\/set-efeso-1-tavolo-efeso-1-panca-venere-xl-2-panche-venere-m\/"]}]},{"@type":"ImageObject","inLanguage":"fr-FR","@id":"https:\/\/ilgiardinodicorten.it\/produit\/set-efeso-1-tavolo-efeso-1-panca-venere-xl-2-panche-venere-m\/#primaryimage","url":"https:\/\/ilgiardinodicorten.it\/wp-content\/uploads\/2017\/11\/kit-efeso-Panca-Venere-2.jpg","contentUrl":"https:\/\/ilgiardinodicorten.it\/wp-content\/uploads\/2017\/11\/kit-efeso-Panca-Venere-2.jpg","width":780,"height":619},{"@type":"BreadcrumbList","@id":"https:\/\/ilgiardinodicorten.it\/produit\/set-efeso-1-tavolo-efeso-1-panca-venere-xl-2-panche-venere-m\/#breadcrumb","itemListElement":[{"@type":"ListItem","position":1,"name":"Home","item":"https:\/\/ilgiardinodicorten.it\/fr\/"},{"@type":"ListItem","position":2,"name":"Boutique","item":"https:\/\/ilgiardinodicorten.it\/fr\/boutique\/"},{"@type":"ListItem","position":3,"name":"Ensemble Efeso : 1 table Efeso + 1 banc Venere XL + 2 bancs Venere M"}]},{"@type":"WebSite","@id":"https:\/\/ilgiardinodicorten.it\/#website","url":"https:\/\/ilgiardinodicorten.it\/","name":"Il Giardino di Corten","description":"","potentialAction":[{"@type":"SearchAction","target":{"@type":"EntryPoint","urlTemplate":"https:\/\/ilgiardinodicorten.it\/?s={search_term_string}"},"query-input":{"@type":"PropertyValueSpecification","valueRequired":true,"valueName":"search_term_string"}}],"inLanguage":"fr-FR"}]}},"_links":{"self":[{"href":"https:\/\/ilgiardinodicorten.it\/fr\/wp-json\/wp\/v2\/product\/22266","targetHints":{"allow":["GET"]}}],"collection":[{"href":"https:\/\/ilgiardinodicorten.it\/fr\/wp-json\/wp\/v2\/product"}],"about":[{"href":"https:\/\/ilgiardinodicorten.it\/fr\/wp-json\/wp\/v2\/types\/product"}],"wp:featuredmedia":[{"embeddable":true,"href":"https:\/\/ilgiardinodicorten.it\/fr\/wp-json\/wp\/v2\/media\/20618"}],"wp:attachment":[{"href":"https:\/\/ilgiardinodicorten.it\/fr\/wp-json\/wp\/v2\/media?parent=22266"}],"wp:term":[{"taxonomy":"product_brand","embeddable":true,"href":"https:\/\/ilgiardinodicorten.it\/fr\/wp-json\/wp\/v2\/product_brand?post=22266"},{"taxonomy":"product_cat","embeddable":true,"href":"https:\/\/ilgiardinodicorten.it\/fr\/wp-json\/wp\/v2\/product_cat?post=22266"},{"taxonomy":"product_tag","embeddable":true,"href":"https:\/\/ilgiardinodicorten.it\/fr\/wp-json\/wp\/v2\/product_tag?post=22266"}],"curies":[{"name":"wp","href":"https:\/\/api.w.org\/{rel}","templated":true}]}}