{"id":22272,"date":"2017-10-11T10:24:38","date_gmt":"2017-10-11T08:24:38","guid":{"rendered":"https:\/\/ilgiardinodicorten.it\/prodotto\/recinzione-hera\/"},"modified":"2017-10-11T10:24:38","modified_gmt":"2017-10-11T08:24:38","slug":"recinzione-hera","status":"publish","type":"product","link":"https:\/\/ilgiardinodicorten.it\/fr\/produit\/recinzione-hera\/","title":{"rendered":"Recinzione Hera"},"content":{"rendered":"<p>La cl\u00f4ture Hera est compos\u00e9e d&#8217;\u00e9l\u00e9ments modulaires et peut \u00eatre fix\u00e9e directement sur un mur d&#8217;enceinte, ou sur une fondation qui dispara\u00eet sous le niveau du sol.<br \/>\nSa conception est \u00e9tudi\u00e9e pour bloquer la vue de l&#8217;ext\u00e9rieur, sans interrompre le passage de l&#8217;air.<\/p>\n<p>Construit sur mesure, il assure la discr\u00e9tion recherch\u00e9e et garantit une s\u00e9curit\u00e9 maximale.<\/p>\n","protected":false},"excerpt":{"rendered":"<p>Gr\u00e2ce \u00e0 sa conception particuli\u00e8re, la cl\u00f4ture Hera garantit un blindage total vis-\u00e0-vis de l&#8217;ext\u00e9rieur tout en vous permettant de profiter de la vue du c\u00f4t\u00e9 oppos\u00e9.<\/p>\n","protected":false},"featured_media":20645,"template":"","meta":{"_acf_changed":false},"product_brand":[],"product_cat":[325],"product_tag":[],"class_list":{"0":"post-22272","1":"product","2":"type-product","3":"status-publish","4":"has-post-thumbnail","6":"product_cat-clotures-et-bordures","9":"first","10":"instock","11":"taxable","12":"shipping-taxable","13":"product-type-simple"},"acf":[],"yoast_head":"<!-- This site is optimized with the Yoast SEO plugin v27.6 - https:\/\/yoast.com\/product\/yoast-seo-wordpress\/ -->\n<title>Recinzione Hera - Il Giardino di Corten<\/title>\n<meta name=\"robots\" content=\"index, follow, max-snippet:-1, max-image-preview:large, max-video-preview:-1\" \/>\n<link rel=\"canonical\" href=\"https:\/\/ilgiardinodicorten.it\/produit\/recinzione-hera\/\" \/>\n<meta property=\"og:locale\" content=\"fr_FR\" \/>\n<meta property=\"og:type\" content=\"article\" \/>\n<meta property=\"og:title\" content=\"Recinzione Hera - Il Giardino di Corten\" \/>\n<meta property=\"og:description\" content=\"Gr\u00e2ce \u00e0 sa conception particuli\u00e8re, la cl\u00f4ture Hera garantit un blindage total vis-\u00e0-vis de l&#039;ext\u00e9rieur tout en vous permettant de profiter de la vue du c\u00f4t\u00e9 oppos\u00e9.\" \/>\n<meta property=\"og:url\" content=\"https:\/\/ilgiardinodicorten.it\/produit\/recinzione-hera\/\" \/>\n<meta property=\"og:site_name\" content=\"Il Giardino di Corten\" \/>\n<meta property=\"og:image\" content=\"https:\/\/ilgiardinodicorten.it\/wp-content\/uploads\/2017\/10\/recinzione-hera-4.jpg\" \/>\n\t<meta property=\"og:image:width\" content=\"800\" \/>\n\t<meta property=\"og:image:height\" content=\"533\" \/>\n\t<meta property=\"og:image:type\" content=\"image\/jpeg\" \/>\n<meta name=\"twitter:card\" content=\"summary_large_image\" \/>\n<script type=\"application\/ld+json\" class=\"yoast-schema-graph\">{\"@context\":\"https:\\\/\\\/schema.org\",\"@graph\":[{\"@type\":\"WebPage\",\"@id\":\"https:\\\/\\\/ilgiardinodicorten.it\\\/produit\\\/recinzione-hera\\\/\",\"url\":\"https:\\\/\\\/ilgiardinodicorten.it\\\/produit\\\/recinzione-hera\\\/\",\"name\":\"Recinzione Hera - Il Giardino di Corten\",\"isPartOf\":{\"@id\":\"https:\\\/\\\/ilgiardinodicorten.it\\\/#website\"},\"primaryImageOfPage\":{\"@id\":\"https:\\\/\\\/ilgiardinodicorten.it\\\/produit\\\/recinzione-hera\\\/#primaryimage\"},\"image\":{\"@id\":\"https:\\\/\\\/ilgiardinodicorten.it\\\/produit\\\/recinzione-hera\\\/#primaryimage\"},\"thumbnailUrl\":\"https:\\\/\\\/ilgiardinodicorten.it\\\/wp-content\\\/uploads\\\/2017\\\/10\\\/recinzione-hera-4.jpg\",\"datePublished\":\"2017-10-11T08:24:38+00:00\",\"breadcrumb\":{\"@id\":\"https:\\\/\\\/ilgiardinodicorten.it\\\/produit\\\/recinzione-hera\\\/#breadcrumb\"},\"inLanguage\":\"fr-FR\",\"potentialAction\":[{\"@type\":\"ReadAction\",\"target\":[\"https:\\\/\\\/ilgiardinodicorten.it\\\/produit\\\/recinzione-hera\\\/\"]}]},{\"@type\":\"ImageObject\",\"inLanguage\":\"fr-FR\",\"@id\":\"https:\\\/\\\/ilgiardinodicorten.it\\\/produit\\\/recinzione-hera\\\/#primaryimage\",\"url\":\"https:\\\/\\\/ilgiardinodicorten.it\\\/wp-content\\\/uploads\\\/2017\\\/10\\\/recinzione-hera-4.jpg\",\"contentUrl\":\"https:\\\/\\\/ilgiardinodicorten.it\\\/wp-content\\\/uploads\\\/2017\\\/10\\\/recinzione-hera-4.jpg\",\"width\":800,\"height\":533},{\"@type\":\"BreadcrumbList\",\"@id\":\"https:\\\/\\\/ilgiardinodicorten.it\\\/produit\\\/recinzione-hera\\\/#breadcrumb\",\"itemListElement\":[{\"@type\":\"ListItem\",\"position\":1,\"name\":\"Home\",\"item\":\"https:\\\/\\\/ilgiardinodicorten.it\\\/fr\\\/\"},{\"@type\":\"ListItem\",\"position\":2,\"name\":\"Boutique\",\"item\":\"https:\\\/\\\/ilgiardinodicorten.it\\\/fr\\\/boutique\\\/\"},{\"@type\":\"ListItem\",\"position\":3,\"name\":\"Recinzione Hera\"}]},{\"@type\":\"WebSite\",\"@id\":\"https:\\\/\\\/ilgiardinodicorten.it\\\/#website\",\"url\":\"https:\\\/\\\/ilgiardinodicorten.it\\\/\",\"name\":\"Il Giardino di Corten\",\"description\":\"\",\"potentialAction\":[{\"@type\":\"SearchAction\",\"target\":{\"@type\":\"EntryPoint\",\"urlTemplate\":\"https:\\\/\\\/ilgiardinodicorten.it\\\/?s={search_term_string}\"},\"query-input\":{\"@type\":\"PropertyValueSpecification\",\"valueRequired\":true,\"valueName\":\"search_term_string\"}}],\"inLanguage\":\"fr-FR\"}]}<\/script>\n<!-- \/ Yoast SEO plugin. -->","yoast_head_json":{"title":"Recinzione Hera - Il Giardino di Corten","robots":{"index":"index","follow":"follow","max-snippet":"max-snippet:-1","max-image-preview":"max-image-preview:large","max-video-preview":"max-video-preview:-1"},"canonical":"https:\/\/ilgiardinodicorten.it\/produit\/recinzione-hera\/","og_locale":"fr_FR","og_type":"article","og_title":"Recinzione Hera - Il Giardino di Corten","og_description":"Gr\u00e2ce \u00e0 sa conception particuli\u00e8re, la cl\u00f4ture Hera garantit un blindage total vis-\u00e0-vis de l'ext\u00e9rieur tout en vous permettant de profiter de la vue du c\u00f4t\u00e9 oppos\u00e9.","og_url":"https:\/\/ilgiardinodicorten.it\/produit\/recinzione-hera\/","og_site_name":"Il Giardino di Corten","og_image":[{"width":800,"height":533,"url":"https:\/\/ilgiardinodicorten.it\/wp-content\/uploads\/2017\/10\/recinzione-hera-4.jpg","type":"image\/jpeg"}],"twitter_card":"summary_large_image","schema":{"@context":"https:\/\/schema.org","@graph":[{"@type":"WebPage","@id":"https:\/\/ilgiardinodicorten.it\/produit\/recinzione-hera\/","url":"https:\/\/ilgiardinodicorten.it\/produit\/recinzione-hera\/","name":"Recinzione Hera - Il Giardino di Corten","isPartOf":{"@id":"https:\/\/ilgiardinodicorten.it\/#website"},"primaryImageOfPage":{"@id":"https:\/\/ilgiardinodicorten.it\/produit\/recinzione-hera\/#primaryimage"},"image":{"@id":"https:\/\/ilgiardinodicorten.it\/produit\/recinzione-hera\/#primaryimage"},"thumbnailUrl":"https:\/\/ilgiardinodicorten.it\/wp-content\/uploads\/2017\/10\/recinzione-hera-4.jpg","datePublished":"2017-10-11T08:24:38+00:00","breadcrumb":{"@id":"https:\/\/ilgiardinodicorten.it\/produit\/recinzione-hera\/#breadcrumb"},"inLanguage":"fr-FR","potentialAction":[{"@type":"ReadAction","target":["https:\/\/ilgiardinodicorten.it\/produit\/recinzione-hera\/"]}]},{"@type":"ImageObject","inLanguage":"fr-FR","@id":"https:\/\/ilgiardinodicorten.it\/produit\/recinzione-hera\/#primaryimage","url":"https:\/\/ilgiardinodicorten.it\/wp-content\/uploads\/2017\/10\/recinzione-hera-4.jpg","contentUrl":"https:\/\/ilgiardinodicorten.it\/wp-content\/uploads\/2017\/10\/recinzione-hera-4.jpg","width":800,"height":533},{"@type":"BreadcrumbList","@id":"https:\/\/ilgiardinodicorten.it\/produit\/recinzione-hera\/#breadcrumb","itemListElement":[{"@type":"ListItem","position":1,"name":"Home","item":"https:\/\/ilgiardinodicorten.it\/fr\/"},{"@type":"ListItem","position":2,"name":"Boutique","item":"https:\/\/ilgiardinodicorten.it\/fr\/boutique\/"},{"@type":"ListItem","position":3,"name":"Recinzione Hera"}]},{"@type":"WebSite","@id":"https:\/\/ilgiardinodicorten.it\/#website","url":"https:\/\/ilgiardinodicorten.it\/","name":"Il Giardino di Corten","description":"","potentialAction":[{"@type":"SearchAction","target":{"@type":"EntryPoint","urlTemplate":"https:\/\/ilgiardinodicorten.it\/?s={search_term_string}"},"query-input":{"@type":"PropertyValueSpecification","valueRequired":true,"valueName":"search_term_string"}}],"inLanguage":"fr-FR"}]}},"_links":{"self":[{"href":"https:\/\/ilgiardinodicorten.it\/fr\/wp-json\/wp\/v2\/product\/22272","targetHints":{"allow":["GET"]}}],"collection":[{"href":"https:\/\/ilgiardinodicorten.it\/fr\/wp-json\/wp\/v2\/product"}],"about":[{"href":"https:\/\/ilgiardinodicorten.it\/fr\/wp-json\/wp\/v2\/types\/product"}],"wp:featuredmedia":[{"embeddable":true,"href":"https:\/\/ilgiardinodicorten.it\/fr\/wp-json\/wp\/v2\/media\/20645"}],"wp:attachment":[{"href":"https:\/\/ilgiardinodicorten.it\/fr\/wp-json\/wp\/v2\/media?parent=22272"}],"wp:term":[{"taxonomy":"product_brand","embeddable":true,"href":"https:\/\/ilgiardinodicorten.it\/fr\/wp-json\/wp\/v2\/product_brand?post=22272"},{"taxonomy":"product_cat","embeddable":true,"href":"https:\/\/ilgiardinodicorten.it\/fr\/wp-json\/wp\/v2\/product_cat?post=22272"},{"taxonomy":"product_tag","embeddable":true,"href":"https:\/\/ilgiardinodicorten.it\/fr\/wp-json\/wp\/v2\/product_tag?post=22272"}],"curies":[{"name":"wp","href":"https:\/\/api.w.org\/{rel}","templated":true}]}}