{"id":22275,"date":"2017-10-11T08:43:43","date_gmt":"2017-10-11T06:43:43","guid":{"rendered":"https:\/\/ilgiardinodicorten.it\/prodotto\/fioriera-tebe-a-ponte\/"},"modified":"2017-10-11T08:43:43","modified_gmt":"2017-10-11T06:43:43","slug":"fioriera-tebe-a-ponte","status":"publish","type":"product","link":"https:\/\/ilgiardinodicorten.it\/fr\/produit\/fioriera-tebe-a-ponte\/","title":{"rendered":"Fioriera Tebe a Ponte"},"content":{"rendered":"<p><span style=\"font-weight: 400;\">Pr\u00e9curseur en forme de pont aux lignes carr\u00e9es et rigoureuses. <\/span><span style=\"font-weight: 400;\">Il peut \u00eatre plac\u00e9 pour compl\u00e9ter des cl\u00f4tures ou des parties de p\u00e9rim\u00e8tre, se pr\u00eatant \u00e0 diff\u00e9rentes combinaisons et appariements car il est modulaire, mais il peut \u00e9galement \u00eatre utilis\u00e9 seul . <\/span><\/p>\n<p><span style=\"font-weight: 400;\">Il est id\u00e9al pour la culture de plantes et de petits arbustes\u00a0: gr\u00e2ce au &#8220;trou de trop-plein&#8221;, qui emp\u00eache l&#8217;eau de d\u00e9passer un certain niveau, emp\u00eache la pourriture plante. Lorsqu&#8217;il pleut, l&#8217;exc\u00e8s d&#8217;eau est drain\u00e9 par le trou tandis que, lorsque la jardini\u00e8re est positionn\u00e9e au soleil, l&#8217;eau \u00e0 l&#8217;int\u00e9rieur reste fra\u00eeche et dure au moins une semaine gr\u00e2ce au refroidissement par \u00e9vaporation. <\/span><\/p>\n<p><strong>DIMENSIONS\u00a0:<\/strong><\/p>\n<p>Hauteur\u00a0: 90,5\u00a0cm<\/p>\n<p>Largeur\u00a0: 65,5\u00a0cm<\/p>\n<p>Profondeur\u00a0: 25\u00a0cm<\/p>\n<p>Poids\u00a0: 19\u00a0kg<\/p>\n","protected":false},"excerpt":{"rendered":"<p>Pr\u00e9curseur en forme de U invers\u00e9 aux lignes carr\u00e9es et rigoureuses avec un syst\u00e8me interne pour stocker l&#8217;eau et la lib\u00e9rer progressivement dans le sol.<\/p>\n","protected":false},"featured_media":20744,"template":"","meta":{"_acf_changed":false},"product_brand":[],"product_cat":[283],"product_tag":[],"class_list":{"0":"post-22275","1":"product","2":"type-product","3":"status-publish","4":"has-post-thumbnail","6":"product_cat-jardinieres","7":"product_shipping_class-spedizione-48-fr","10":"first","11":"instock","12":"taxable","13":"shipping-taxable","14":"purchasable","15":"product-type-simple"},"acf":[],"yoast_head":"<!-- This site is optimized with the Yoast SEO plugin v27.1.1 - https:\/\/yoast.com\/product\/yoast-seo-wordpress\/ -->\n<title>Fioriera Tebe a Ponte - Il Giardino di Corten<\/title>\n<meta name=\"robots\" content=\"index, follow, max-snippet:-1, max-image-preview:large, max-video-preview:-1\" \/>\n<link rel=\"canonical\" href=\"https:\/\/ilgiardinodicorten.it\/produit\/fioriera-tebe-a-ponte\/\" \/>\n<meta property=\"og:locale\" content=\"fr_FR\" \/>\n<meta property=\"og:type\" content=\"article\" \/>\n<meta property=\"og:title\" content=\"Fioriera Tebe a Ponte - Il Giardino di Corten\" \/>\n<meta property=\"og:description\" content=\"Pr\u00e9curseur en forme de U invers\u00e9 aux lignes carr\u00e9es et rigoureuses avec un syst\u00e8me interne pour stocker l&#039;eau et la lib\u00e9rer progressivement dans le sol.\" \/>\n<meta property=\"og:url\" content=\"https:\/\/ilgiardinodicorten.it\/produit\/fioriera-tebe-a-ponte\/\" \/>\n<meta property=\"og:site_name\" content=\"Il Giardino di Corten\" \/>\n<meta property=\"og:image\" content=\"https:\/\/ilgiardinodicorten.it\/wp-content\/uploads\/2017\/10\/Fioriere-Tebe-a-ponte-U-4.jpg\" \/>\n\t<meta property=\"og:image:width\" content=\"780\" \/>\n\t<meta property=\"og:image:height\" content=\"619\" \/>\n\t<meta property=\"og:image:type\" content=\"image\/jpeg\" \/>\n<meta name=\"twitter:card\" content=\"summary_large_image\" \/>\n<meta name=\"twitter:label1\" content=\"Dur\u00e9e de lecture estim\u00e9e\" \/>\n\t<meta name=\"twitter:data1\" content=\"1 minute\" \/>\n<script type=\"application\/ld+json\" class=\"yoast-schema-graph\">{\"@context\":\"https:\/\/schema.org\",\"@graph\":[{\"@type\":\"WebPage\",\"@id\":\"https:\/\/ilgiardinodicorten.it\/produit\/fioriera-tebe-a-ponte\/\",\"url\":\"https:\/\/ilgiardinodicorten.it\/produit\/fioriera-tebe-a-ponte\/\",\"name\":\"Fioriera Tebe a Ponte - Il Giardino di Corten\",\"isPartOf\":{\"@id\":\"https:\/\/ilgiardinodicorten.it\/#website\"},\"primaryImageOfPage\":{\"@id\":\"https:\/\/ilgiardinodicorten.it\/produit\/fioriera-tebe-a-ponte\/#primaryimage\"},\"image\":{\"@id\":\"https:\/\/ilgiardinodicorten.it\/produit\/fioriera-tebe-a-ponte\/#primaryimage\"},\"thumbnailUrl\":\"https:\/\/ilgiardinodicorten.it\/wp-content\/uploads\/2017\/10\/Fioriere-Tebe-a-ponte-U-4.jpg\",\"datePublished\":\"2017-10-11T06:43:43+00:00\",\"breadcrumb\":{\"@id\":\"https:\/\/ilgiardinodicorten.it\/produit\/fioriera-tebe-a-ponte\/#breadcrumb\"},\"inLanguage\":\"fr-FR\",\"potentialAction\":[{\"@type\":\"ReadAction\",\"target\":[\"https:\/\/ilgiardinodicorten.it\/produit\/fioriera-tebe-a-ponte\/\"]}]},{\"@type\":\"ImageObject\",\"inLanguage\":\"fr-FR\",\"@id\":\"https:\/\/ilgiardinodicorten.it\/produit\/fioriera-tebe-a-ponte\/#primaryimage\",\"url\":\"https:\/\/ilgiardinodicorten.it\/wp-content\/uploads\/2017\/10\/Fioriere-Tebe-a-ponte-U-4.jpg\",\"contentUrl\":\"https:\/\/ilgiardinodicorten.it\/wp-content\/uploads\/2017\/10\/Fioriere-Tebe-a-ponte-U-4.jpg\",\"width\":780,\"height\":619},{\"@type\":\"BreadcrumbList\",\"@id\":\"https:\/\/ilgiardinodicorten.it\/produit\/fioriera-tebe-a-ponte\/#breadcrumb\",\"itemListElement\":[{\"@type\":\"ListItem\",\"position\":1,\"name\":\"Home\",\"item\":\"https:\/\/ilgiardinodicorten.it\/fr\/\"},{\"@type\":\"ListItem\",\"position\":2,\"name\":\"Boutique\",\"item\":\"https:\/\/ilgiardinodicorten.it\/fr\/boutique\/\"},{\"@type\":\"ListItem\",\"position\":3,\"name\":\"Fioriera Tebe a Ponte\"}]},{\"@type\":\"WebSite\",\"@id\":\"https:\/\/ilgiardinodicorten.it\/#website\",\"url\":\"https:\/\/ilgiardinodicorten.it\/\",\"name\":\"Il Giardino di Corten\",\"description\":\"\",\"potentialAction\":[{\"@type\":\"SearchAction\",\"target\":{\"@type\":\"EntryPoint\",\"urlTemplate\":\"https:\/\/ilgiardinodicorten.it\/?s={search_term_string}\"},\"query-input\":{\"@type\":\"PropertyValueSpecification\",\"valueRequired\":true,\"valueName\":\"search_term_string\"}}],\"inLanguage\":\"fr-FR\"}]}<\/script>\n<!-- \/ Yoast SEO plugin. -->","yoast_head_json":{"title":"Fioriera Tebe a Ponte - Il Giardino di Corten","robots":{"index":"index","follow":"follow","max-snippet":"max-snippet:-1","max-image-preview":"max-image-preview:large","max-video-preview":"max-video-preview:-1"},"canonical":"https:\/\/ilgiardinodicorten.it\/produit\/fioriera-tebe-a-ponte\/","og_locale":"fr_FR","og_type":"article","og_title":"Fioriera Tebe a Ponte - Il Giardino di Corten","og_description":"Pr\u00e9curseur en forme de U invers\u00e9 aux lignes carr\u00e9es et rigoureuses avec un syst\u00e8me interne pour stocker l'eau et la lib\u00e9rer progressivement dans le sol.","og_url":"https:\/\/ilgiardinodicorten.it\/produit\/fioriera-tebe-a-ponte\/","og_site_name":"Il Giardino di Corten","og_image":[{"width":780,"height":619,"url":"https:\/\/ilgiardinodicorten.it\/wp-content\/uploads\/2017\/10\/Fioriere-Tebe-a-ponte-U-4.jpg","type":"image\/jpeg"}],"twitter_card":"summary_large_image","twitter_misc":{"Dur\u00e9e de lecture estim\u00e9e":"1 minute"},"schema":{"@context":"https:\/\/schema.org","@graph":[{"@type":"WebPage","@id":"https:\/\/ilgiardinodicorten.it\/produit\/fioriera-tebe-a-ponte\/","url":"https:\/\/ilgiardinodicorten.it\/produit\/fioriera-tebe-a-ponte\/","name":"Fioriera Tebe a Ponte - Il Giardino di Corten","isPartOf":{"@id":"https:\/\/ilgiardinodicorten.it\/#website"},"primaryImageOfPage":{"@id":"https:\/\/ilgiardinodicorten.it\/produit\/fioriera-tebe-a-ponte\/#primaryimage"},"image":{"@id":"https:\/\/ilgiardinodicorten.it\/produit\/fioriera-tebe-a-ponte\/#primaryimage"},"thumbnailUrl":"https:\/\/ilgiardinodicorten.it\/wp-content\/uploads\/2017\/10\/Fioriere-Tebe-a-ponte-U-4.jpg","datePublished":"2017-10-11T06:43:43+00:00","breadcrumb":{"@id":"https:\/\/ilgiardinodicorten.it\/produit\/fioriera-tebe-a-ponte\/#breadcrumb"},"inLanguage":"fr-FR","potentialAction":[{"@type":"ReadAction","target":["https:\/\/ilgiardinodicorten.it\/produit\/fioriera-tebe-a-ponte\/"]}]},{"@type":"ImageObject","inLanguage":"fr-FR","@id":"https:\/\/ilgiardinodicorten.it\/produit\/fioriera-tebe-a-ponte\/#primaryimage","url":"https:\/\/ilgiardinodicorten.it\/wp-content\/uploads\/2017\/10\/Fioriere-Tebe-a-ponte-U-4.jpg","contentUrl":"https:\/\/ilgiardinodicorten.it\/wp-content\/uploads\/2017\/10\/Fioriere-Tebe-a-ponte-U-4.jpg","width":780,"height":619},{"@type":"BreadcrumbList","@id":"https:\/\/ilgiardinodicorten.it\/produit\/fioriera-tebe-a-ponte\/#breadcrumb","itemListElement":[{"@type":"ListItem","position":1,"name":"Home","item":"https:\/\/ilgiardinodicorten.it\/fr\/"},{"@type":"ListItem","position":2,"name":"Boutique","item":"https:\/\/ilgiardinodicorten.it\/fr\/boutique\/"},{"@type":"ListItem","position":3,"name":"Fioriera Tebe a Ponte"}]},{"@type":"WebSite","@id":"https:\/\/ilgiardinodicorten.it\/#website","url":"https:\/\/ilgiardinodicorten.it\/","name":"Il Giardino di Corten","description":"","potentialAction":[{"@type":"SearchAction","target":{"@type":"EntryPoint","urlTemplate":"https:\/\/ilgiardinodicorten.it\/?s={search_term_string}"},"query-input":{"@type":"PropertyValueSpecification","valueRequired":true,"valueName":"search_term_string"}}],"inLanguage":"fr-FR"}]}},"_links":{"self":[{"href":"https:\/\/ilgiardinodicorten.it\/fr\/wp-json\/wp\/v2\/product\/22275","targetHints":{"allow":["GET"]}}],"collection":[{"href":"https:\/\/ilgiardinodicorten.it\/fr\/wp-json\/wp\/v2\/product"}],"about":[{"href":"https:\/\/ilgiardinodicorten.it\/fr\/wp-json\/wp\/v2\/types\/product"}],"wp:featuredmedia":[{"embeddable":true,"href":"https:\/\/ilgiardinodicorten.it\/fr\/wp-json\/wp\/v2\/media\/20744"}],"wp:attachment":[{"href":"https:\/\/ilgiardinodicorten.it\/fr\/wp-json\/wp\/v2\/media?parent=22275"}],"wp:term":[{"taxonomy":"product_brand","embeddable":true,"href":"https:\/\/ilgiardinodicorten.it\/fr\/wp-json\/wp\/v2\/product_brand?post=22275"},{"taxonomy":"product_cat","embeddable":true,"href":"https:\/\/ilgiardinodicorten.it\/fr\/wp-json\/wp\/v2\/product_cat?post=22275"},{"taxonomy":"product_tag","embeddable":true,"href":"https:\/\/ilgiardinodicorten.it\/fr\/wp-json\/wp\/v2\/product_tag?post=22275"}],"curies":[{"name":"wp","href":"https:\/\/api.w.org\/{rel}","templated":true}]}}