{"id":22293,"date":"2017-10-11T08:31:21","date_gmt":"2017-10-11T06:31:21","guid":{"rendered":"https:\/\/ilgiardinodicorten.it\/prodotto\/fioriera-tebe-trapezio\/"},"modified":"2017-10-11T08:31:21","modified_gmt":"2017-10-11T06:31:21","slug":"fioriera-tebe-trapezio","status":"publish","type":"product","link":"https:\/\/ilgiardinodicorten.it\/fr\/produit\/fioriera-tebe-trapezio\/","title":{"rendered":"Fioriera Tebe Trapezio"},"content":{"rendered":"<p>Avec des lignes \u00e9pur\u00e9es et carr\u00e9es, il peut \u00eatre plac\u00e9 sur des murs existants afin d&#8217;augmenter la hauteur d&#8217;une cl\u00f4ture, donnant un effet esth\u00e9tique agr\u00e9able. Il est \u00e9quip\u00e9 d&#8217;un syst\u00e8me interne pour stocker l&#8217;eau et la restituer progressivement dans le sol.<\/p>\n<p><strong>DIMENSIONS\u00a0:<br \/>\n<\/strong>Hauteur\u00a0: 100\u00a0cm<br \/>\nLargeur\u00a0: 70\u00a0cm<br \/>\nProfondeur\u00a0: 42\u00a0cm<br \/>\nPoids\u00a0: 38\u00a0kg<\/p>\n","protected":false},"excerpt":{"rendered":"<p>La jardini\u00e8re Tebe Trapezio est un vase autoportant \u00e0 poser sur un mur pour prolonger sa hauteur ou am\u00e9liorer son esth\u00e9tique.<\/p>\n","protected":false},"featured_media":20777,"template":"","meta":{"_acf_changed":false},"product_brand":[],"product_cat":[283],"product_tag":[],"class_list":{"0":"post-22293","1":"product","2":"type-product","3":"status-publish","4":"has-post-thumbnail","6":"product_cat-jardinieres","7":"product_shipping_class-spedizione-48-fr","10":"first","11":"instock","12":"taxable","13":"shipping-taxable","14":"purchasable","15":"product-type-simple"},"acf":[],"yoast_head":"<!-- This site is optimized with the Yoast SEO plugin v27.1.1 - https:\/\/yoast.com\/product\/yoast-seo-wordpress\/ -->\n<title>Fioriera Tebe Trapezio - Il Giardino di Corten<\/title>\n<meta name=\"robots\" content=\"index, follow, max-snippet:-1, max-image-preview:large, max-video-preview:-1\" \/>\n<link rel=\"canonical\" href=\"https:\/\/ilgiardinodicorten.it\/produit\/fioriera-tebe-trapezio\/\" \/>\n<meta property=\"og:locale\" content=\"fr_FR\" \/>\n<meta property=\"og:type\" content=\"article\" \/>\n<meta property=\"og:title\" content=\"Fioriera Tebe Trapezio - Il Giardino di Corten\" \/>\n<meta property=\"og:description\" content=\"La jardini\u00e8re Tebe Trapezio est un vase autoportant \u00e0 poser sur un mur pour prolonger sa hauteur ou am\u00e9liorer son esth\u00e9tique.\" \/>\n<meta property=\"og:url\" content=\"https:\/\/ilgiardinodicorten.it\/produit\/fioriera-tebe-trapezio\/\" \/>\n<meta property=\"og:site_name\" content=\"Il Giardino di Corten\" \/>\n<meta property=\"og:image\" content=\"https:\/\/ilgiardinodicorten.it\/wp-content\/uploads\/2017\/10\/fioriera-tebe-trapezio-fiorerie-clori.jpg\" \/>\n\t<meta property=\"og:image:width\" content=\"800\" \/>\n\t<meta property=\"og:image:height\" content=\"533\" \/>\n\t<meta property=\"og:image:type\" content=\"image\/jpeg\" \/>\n<meta name=\"twitter:card\" content=\"summary_large_image\" \/>\n<script type=\"application\/ld+json\" class=\"yoast-schema-graph\">{\"@context\":\"https:\/\/schema.org\",\"@graph\":[{\"@type\":\"WebPage\",\"@id\":\"https:\/\/ilgiardinodicorten.it\/produit\/fioriera-tebe-trapezio\/\",\"url\":\"https:\/\/ilgiardinodicorten.it\/produit\/fioriera-tebe-trapezio\/\",\"name\":\"Fioriera Tebe Trapezio - Il Giardino di Corten\",\"isPartOf\":{\"@id\":\"https:\/\/ilgiardinodicorten.it\/#website\"},\"primaryImageOfPage\":{\"@id\":\"https:\/\/ilgiardinodicorten.it\/produit\/fioriera-tebe-trapezio\/#primaryimage\"},\"image\":{\"@id\":\"https:\/\/ilgiardinodicorten.it\/produit\/fioriera-tebe-trapezio\/#primaryimage\"},\"thumbnailUrl\":\"https:\/\/ilgiardinodicorten.it\/wp-content\/uploads\/2017\/10\/fioriera-tebe-trapezio-fiorerie-clori.jpg\",\"datePublished\":\"2017-10-11T06:31:21+00:00\",\"breadcrumb\":{\"@id\":\"https:\/\/ilgiardinodicorten.it\/produit\/fioriera-tebe-trapezio\/#breadcrumb\"},\"inLanguage\":\"fr-FR\",\"potentialAction\":[{\"@type\":\"ReadAction\",\"target\":[\"https:\/\/ilgiardinodicorten.it\/produit\/fioriera-tebe-trapezio\/\"]}]},{\"@type\":\"ImageObject\",\"inLanguage\":\"fr-FR\",\"@id\":\"https:\/\/ilgiardinodicorten.it\/produit\/fioriera-tebe-trapezio\/#primaryimage\",\"url\":\"https:\/\/ilgiardinodicorten.it\/wp-content\/uploads\/2017\/10\/fioriera-tebe-trapezio-fiorerie-clori.jpg\",\"contentUrl\":\"https:\/\/ilgiardinodicorten.it\/wp-content\/uploads\/2017\/10\/fioriera-tebe-trapezio-fiorerie-clori.jpg\",\"width\":800,\"height\":533},{\"@type\":\"BreadcrumbList\",\"@id\":\"https:\/\/ilgiardinodicorten.it\/produit\/fioriera-tebe-trapezio\/#breadcrumb\",\"itemListElement\":[{\"@type\":\"ListItem\",\"position\":1,\"name\":\"Home\",\"item\":\"https:\/\/ilgiardinodicorten.it\/fr\/\"},{\"@type\":\"ListItem\",\"position\":2,\"name\":\"Boutique\",\"item\":\"https:\/\/ilgiardinodicorten.it\/fr\/boutique\/\"},{\"@type\":\"ListItem\",\"position\":3,\"name\":\"Fioriera Tebe Trapezio\"}]},{\"@type\":\"WebSite\",\"@id\":\"https:\/\/ilgiardinodicorten.it\/#website\",\"url\":\"https:\/\/ilgiardinodicorten.it\/\",\"name\":\"Il Giardino di Corten\",\"description\":\"\",\"potentialAction\":[{\"@type\":\"SearchAction\",\"target\":{\"@type\":\"EntryPoint\",\"urlTemplate\":\"https:\/\/ilgiardinodicorten.it\/?s={search_term_string}\"},\"query-input\":{\"@type\":\"PropertyValueSpecification\",\"valueRequired\":true,\"valueName\":\"search_term_string\"}}],\"inLanguage\":\"fr-FR\"}]}<\/script>\n<!-- \/ Yoast SEO plugin. -->","yoast_head_json":{"title":"Fioriera Tebe Trapezio - Il Giardino di Corten","robots":{"index":"index","follow":"follow","max-snippet":"max-snippet:-1","max-image-preview":"max-image-preview:large","max-video-preview":"max-video-preview:-1"},"canonical":"https:\/\/ilgiardinodicorten.it\/produit\/fioriera-tebe-trapezio\/","og_locale":"fr_FR","og_type":"article","og_title":"Fioriera Tebe Trapezio - Il Giardino di Corten","og_description":"La jardini\u00e8re Tebe Trapezio est un vase autoportant \u00e0 poser sur un mur pour prolonger sa hauteur ou am\u00e9liorer son esth\u00e9tique.","og_url":"https:\/\/ilgiardinodicorten.it\/produit\/fioriera-tebe-trapezio\/","og_site_name":"Il Giardino di Corten","og_image":[{"width":800,"height":533,"url":"https:\/\/ilgiardinodicorten.it\/wp-content\/uploads\/2017\/10\/fioriera-tebe-trapezio-fiorerie-clori.jpg","type":"image\/jpeg"}],"twitter_card":"summary_large_image","schema":{"@context":"https:\/\/schema.org","@graph":[{"@type":"WebPage","@id":"https:\/\/ilgiardinodicorten.it\/produit\/fioriera-tebe-trapezio\/","url":"https:\/\/ilgiardinodicorten.it\/produit\/fioriera-tebe-trapezio\/","name":"Fioriera Tebe Trapezio - Il Giardino di Corten","isPartOf":{"@id":"https:\/\/ilgiardinodicorten.it\/#website"},"primaryImageOfPage":{"@id":"https:\/\/ilgiardinodicorten.it\/produit\/fioriera-tebe-trapezio\/#primaryimage"},"image":{"@id":"https:\/\/ilgiardinodicorten.it\/produit\/fioriera-tebe-trapezio\/#primaryimage"},"thumbnailUrl":"https:\/\/ilgiardinodicorten.it\/wp-content\/uploads\/2017\/10\/fioriera-tebe-trapezio-fiorerie-clori.jpg","datePublished":"2017-10-11T06:31:21+00:00","breadcrumb":{"@id":"https:\/\/ilgiardinodicorten.it\/produit\/fioriera-tebe-trapezio\/#breadcrumb"},"inLanguage":"fr-FR","potentialAction":[{"@type":"ReadAction","target":["https:\/\/ilgiardinodicorten.it\/produit\/fioriera-tebe-trapezio\/"]}]},{"@type":"ImageObject","inLanguage":"fr-FR","@id":"https:\/\/ilgiardinodicorten.it\/produit\/fioriera-tebe-trapezio\/#primaryimage","url":"https:\/\/ilgiardinodicorten.it\/wp-content\/uploads\/2017\/10\/fioriera-tebe-trapezio-fiorerie-clori.jpg","contentUrl":"https:\/\/ilgiardinodicorten.it\/wp-content\/uploads\/2017\/10\/fioriera-tebe-trapezio-fiorerie-clori.jpg","width":800,"height":533},{"@type":"BreadcrumbList","@id":"https:\/\/ilgiardinodicorten.it\/produit\/fioriera-tebe-trapezio\/#breadcrumb","itemListElement":[{"@type":"ListItem","position":1,"name":"Home","item":"https:\/\/ilgiardinodicorten.it\/fr\/"},{"@type":"ListItem","position":2,"name":"Boutique","item":"https:\/\/ilgiardinodicorten.it\/fr\/boutique\/"},{"@type":"ListItem","position":3,"name":"Fioriera Tebe Trapezio"}]},{"@type":"WebSite","@id":"https:\/\/ilgiardinodicorten.it\/#website","url":"https:\/\/ilgiardinodicorten.it\/","name":"Il Giardino di Corten","description":"","potentialAction":[{"@type":"SearchAction","target":{"@type":"EntryPoint","urlTemplate":"https:\/\/ilgiardinodicorten.it\/?s={search_term_string}"},"query-input":{"@type":"PropertyValueSpecification","valueRequired":true,"valueName":"search_term_string"}}],"inLanguage":"fr-FR"}]}},"_links":{"self":[{"href":"https:\/\/ilgiardinodicorten.it\/fr\/wp-json\/wp\/v2\/product\/22293","targetHints":{"allow":["GET"]}}],"collection":[{"href":"https:\/\/ilgiardinodicorten.it\/fr\/wp-json\/wp\/v2\/product"}],"about":[{"href":"https:\/\/ilgiardinodicorten.it\/fr\/wp-json\/wp\/v2\/types\/product"}],"wp:featuredmedia":[{"embeddable":true,"href":"https:\/\/ilgiardinodicorten.it\/fr\/wp-json\/wp\/v2\/media\/20777"}],"wp:attachment":[{"href":"https:\/\/ilgiardinodicorten.it\/fr\/wp-json\/wp\/v2\/media?parent=22293"}],"wp:term":[{"taxonomy":"product_brand","embeddable":true,"href":"https:\/\/ilgiardinodicorten.it\/fr\/wp-json\/wp\/v2\/product_brand?post=22293"},{"taxonomy":"product_cat","embeddable":true,"href":"https:\/\/ilgiardinodicorten.it\/fr\/wp-json\/wp\/v2\/product_cat?post=22293"},{"taxonomy":"product_tag","embeddable":true,"href":"https:\/\/ilgiardinodicorten.it\/fr\/wp-json\/wp\/v2\/product_tag?post=22293"}],"curies":[{"name":"wp","href":"https:\/\/api.w.org\/{rel}","templated":true}]}}