{"id":22302,"date":"2022-12-14T12:15:18","date_gmt":"2022-12-14T11:15:18","guid":{"rendered":"https:\/\/ilgiardinodicorten.it\/prodotto\/conviviumensemble-de-base-gril-a-bois\/"},"modified":"2024-05-10T17:06:07","modified_gmt":"2024-05-10T15:06:07","slug":"conviviumensemble-de-base-gril-a-bois","status":"publish","type":"product","link":"https:\/\/ilgiardinodicorten.it\/fr\/produit\/conviviumensemble-de-base-gril-a-bois\/","title":{"rendered":"Convivium<br>Ensemble de base Gril \u00e0 bois"},"content":{"rendered":"<p><span style=\"font-weight: 400;\">Personnalisable en taille et en \u00e9quipement gr\u00e2ce \u00e0 sa structure modulaire, il pr\u00e9sente une fa\u00e7ade ondul\u00e9e qui caract\u00e9rise le design, cr\u00e9ant un jeu d&#8217;ombre et de lumi\u00e8re en perspective, en harmonie avec le paysage et avec l&#8217;architecture ext\u00e9rieure.<\/span><\/p>\n<p><span style=\"font-weight: 400;\">\u00a0La surface chaude de l&#8217;acier Corten se combine avec les reflets de l&#8217;acier inoxydable, cr\u00e9ant un ensemble raffin\u00e9 qui est en m\u00eame temps inalt\u00e9rable aux agents atmosph\u00e9riques.<\/span><\/p>\n<p><span style=\"font-weight: 400;\">Les compartiments sous comptoir, avec portes en acier Corten et poign\u00e9es verticales en acier inoxydable, r\u00e9pondent \u00e0 tous les besoins de confinement et permettent de conserver tous les accessoires pour la pr\u00e9paration et le service .<\/span><\/p>\n<p><span style=\"font-weight: 400;\">L&#8217;\u00e9vier en acier inoxydable est dot\u00e9 de robinets r\u00e9tractables qui deviennent coplanaires lorsqu&#8217;ils sont r\u00e9tract\u00e9s et peuvent \u00eatre raccord\u00e9s \u00e0 la plomberie r\u00e9sidentielle ou \u00e0 un tuyau d&#8217;arrosage ordinaire, avec un drain au sol qui glisse \u00e0 l&#8217;int\u00e9rieur de l&#8217;armoire.<\/span><\/p>\n","protected":false},"excerpt":{"rendered":"<p>Gr\u00e2ce \u00e0 sa texture et \u00e0 sa r\u00e9sistance, l&#8217;acier Corten constitue le v\u00e9ritable point fort de ce syst\u00e8me modulaire exclusif con\u00e7u pour cuisiner et servir des cocktails en plein air.<br \/>\nPersonnalisable \u00e0 volont\u00e9 avec grils \u00e9lectriques, \u00e0 charbon ou \u00e0 gaz, \u00e9vier inox, robinet amovible, planches \u00e0 d\u00e9couper en bois et r\u00e9cipients pour les \u00e9pices et les gla\u00e7ons, il s&#8217;agit d&#8217;un v\u00e9ritable laboratoire vous permettant de lib\u00e9rer votre cr\u00e9ativit\u00e9 et d&#8217;offrir, avec classe, des moments de convivialit\u00e9 agr\u00e9ables, en contact avec la nature.<\/p>\n","protected":false},"featured_media":21509,"template":"","meta":{"_acf_changed":false},"product_brand":[],"product_cat":[291],"product_tag":[],"class_list":{"0":"post-22302","1":"product","2":"type-product","3":"status-publish","4":"has-post-thumbnail","6":"product_cat-convivium-fr","9":"first","10":"instock","11":"taxable","12":"shipping-taxable","13":"product-type-simple"},"acf":[],"yoast_head":"<!-- This site is optimized with the Yoast SEO plugin v27.1.1 - https:\/\/yoast.com\/product\/yoast-seo-wordpress\/ -->\n<title>ConviviumEnsemble de base Gril \u00e0 bois - Il Giardino di Corten<\/title>\n<meta name=\"robots\" content=\"index, follow, max-snippet:-1, max-image-preview:large, max-video-preview:-1\" \/>\n<link rel=\"canonical\" href=\"https:\/\/ilgiardinodicorten.it\/produit\/conviviumset-base-griglia-a-legna\/\" \/>\n<meta property=\"og:locale\" content=\"fr_FR\" \/>\n<meta property=\"og:type\" content=\"article\" \/>\n<meta property=\"og:title\" content=\"ConviviumEnsemble de base Gril \u00e0 bois - Il Giardino di Corten\" \/>\n<meta property=\"og:description\" content=\"Gr\u00e2ce \u00e0 sa texture et \u00e0 sa r\u00e9sistance, l&#039;acier Corten constitue le v\u00e9ritable point fort de ce syst\u00e8me modulaire exclusif con\u00e7u pour cuisiner et servir des cocktails en plein air. Personnalisable \u00e0 volont\u00e9 avec grils \u00e9lectriques, \u00e0 charbon ou \u00e0 gaz, \u00e9vier inox, robinet amovible, planches \u00e0 d\u00e9couper en bois et r\u00e9cipients pour les \u00e9pices et les gla\u00e7ons, il s&#039;agit d&#039;un v\u00e9ritable laboratoire vous permettant de lib\u00e9rer votre cr\u00e9ativit\u00e9 et d&#039;offrir, avec classe, des moments de convivialit\u00e9 agr\u00e9ables, en contact avec la nature.\" \/>\n<meta property=\"og:url\" content=\"https:\/\/ilgiardinodicorten.it\/produit\/conviviumset-base-griglia-a-legna\/\" \/>\n<meta property=\"og:site_name\" content=\"Il Giardino di Corten\" \/>\n<meta property=\"article:modified_time\" content=\"2024-05-10T15:06:07+00:00\" \/>\n<meta property=\"og:image\" content=\"https:\/\/ilgiardinodicorten.it\/wp-content\/uploads\/2022\/12\/convivium-set-base-griglia-a-legna.jpg\" \/>\n\t<meta property=\"og:image:width\" content=\"546\" \/>\n\t<meta property=\"og:image:height\" content=\"368\" \/>\n\t<meta property=\"og:image:type\" content=\"image\/jpeg\" \/>\n<meta name=\"twitter:card\" content=\"summary_large_image\" \/>\n<meta name=\"twitter:label1\" content=\"Dur\u00e9e de lecture estim\u00e9e\" \/>\n\t<meta name=\"twitter:data1\" content=\"1 minute\" \/>\n<script type=\"application\/ld+json\" class=\"yoast-schema-graph\">{\"@context\":\"https:\/\/schema.org\",\"@graph\":[{\"@type\":\"WebPage\",\"@id\":\"https:\/\/ilgiardinodicorten.it\/produit\/conviviumset-base-griglia-a-legna\/\",\"url\":\"https:\/\/ilgiardinodicorten.it\/produit\/conviviumset-base-griglia-a-legna\/\",\"name\":\"Convivium Ensemble de base Gril \u00e0 bois - Il Giardino di Corten\",\"isPartOf\":{\"@id\":\"https:\/\/ilgiardinodicorten.it\/#website\"},\"primaryImageOfPage\":{\"@id\":\"https:\/\/ilgiardinodicorten.it\/produit\/conviviumset-base-griglia-a-legna\/#primaryimage\"},\"image\":{\"@id\":\"https:\/\/ilgiardinodicorten.it\/produit\/conviviumset-base-griglia-a-legna\/#primaryimage\"},\"thumbnailUrl\":\"https:\/\/ilgiardinodicorten.it\/wp-content\/uploads\/2022\/12\/convivium-set-base-griglia-a-legna.jpg\",\"datePublished\":\"2022-12-14T11:15:18+00:00\",\"dateModified\":\"2024-05-10T15:06:07+00:00\",\"breadcrumb\":{\"@id\":\"https:\/\/ilgiardinodicorten.it\/produit\/conviviumset-base-griglia-a-legna\/#breadcrumb\"},\"inLanguage\":\"fr-FR\",\"potentialAction\":[{\"@type\":\"ReadAction\",\"target\":[\"https:\/\/ilgiardinodicorten.it\/produit\/conviviumset-base-griglia-a-legna\/\"]}]},{\"@type\":\"ImageObject\",\"inLanguage\":\"fr-FR\",\"@id\":\"https:\/\/ilgiardinodicorten.it\/produit\/conviviumset-base-griglia-a-legna\/#primaryimage\",\"url\":\"https:\/\/ilgiardinodicorten.it\/wp-content\/uploads\/2022\/12\/convivium-set-base-griglia-a-legna.jpg\",\"contentUrl\":\"https:\/\/ilgiardinodicorten.it\/wp-content\/uploads\/2022\/12\/convivium-set-base-griglia-a-legna.jpg\",\"width\":546,\"height\":368},{\"@type\":\"BreadcrumbList\",\"@id\":\"https:\/\/ilgiardinodicorten.it\/produit\/conviviumset-base-griglia-a-legna\/#breadcrumb\",\"itemListElement\":[{\"@type\":\"ListItem\",\"position\":1,\"name\":\"Home\",\"item\":\"https:\/\/ilgiardinodicorten.it\/fr\/\"},{\"@type\":\"ListItem\",\"position\":2,\"name\":\"Boutique\",\"item\":\"https:\/\/ilgiardinodicorten.it\/fr\/boutique\/\"},{\"@type\":\"ListItem\",\"position\":3,\"name\":\"ConviviumEnsemble de base Gril \u00e0 bois\"}]},{\"@type\":\"WebSite\",\"@id\":\"https:\/\/ilgiardinodicorten.it\/#website\",\"url\":\"https:\/\/ilgiardinodicorten.it\/\",\"name\":\"Il Giardino di Corten\",\"description\":\"\",\"potentialAction\":[{\"@type\":\"SearchAction\",\"target\":{\"@type\":\"EntryPoint\",\"urlTemplate\":\"https:\/\/ilgiardinodicorten.it\/?s={search_term_string}\"},\"query-input\":{\"@type\":\"PropertyValueSpecification\",\"valueRequired\":true,\"valueName\":\"search_term_string\"}}],\"inLanguage\":\"fr-FR\"}]}<\/script>\n<!-- \/ Yoast SEO plugin. -->","yoast_head_json":{"title":"ConviviumEnsemble de base Gril \u00e0 bois - Il Giardino di Corten","robots":{"index":"index","follow":"follow","max-snippet":"max-snippet:-1","max-image-preview":"max-image-preview:large","max-video-preview":"max-video-preview:-1"},"canonical":"https:\/\/ilgiardinodicorten.it\/produit\/conviviumset-base-griglia-a-legna\/","og_locale":"fr_FR","og_type":"article","og_title":"ConviviumEnsemble de base Gril \u00e0 bois - Il Giardino di Corten","og_description":"Gr\u00e2ce \u00e0 sa texture et \u00e0 sa r\u00e9sistance, l'acier Corten constitue le v\u00e9ritable point fort de ce syst\u00e8me modulaire exclusif con\u00e7u pour cuisiner et servir des cocktails en plein air. Personnalisable \u00e0 volont\u00e9 avec grils \u00e9lectriques, \u00e0 charbon ou \u00e0 gaz, \u00e9vier inox, robinet amovible, planches \u00e0 d\u00e9couper en bois et r\u00e9cipients pour les \u00e9pices et les gla\u00e7ons, il s'agit d'un v\u00e9ritable laboratoire vous permettant de lib\u00e9rer votre cr\u00e9ativit\u00e9 et d'offrir, avec classe, des moments de convivialit\u00e9 agr\u00e9ables, en contact avec la nature.","og_url":"https:\/\/ilgiardinodicorten.it\/produit\/conviviumset-base-griglia-a-legna\/","og_site_name":"Il Giardino di Corten","article_modified_time":"2024-05-10T15:06:07+00:00","og_image":[{"width":546,"height":368,"url":"https:\/\/ilgiardinodicorten.it\/wp-content\/uploads\/2022\/12\/convivium-set-base-griglia-a-legna.jpg","type":"image\/jpeg"}],"twitter_card":"summary_large_image","twitter_misc":{"Dur\u00e9e de lecture estim\u00e9e":"1 minute"},"schema":{"@context":"https:\/\/schema.org","@graph":[{"@type":"WebPage","@id":"https:\/\/ilgiardinodicorten.it\/produit\/conviviumset-base-griglia-a-legna\/","url":"https:\/\/ilgiardinodicorten.it\/produit\/conviviumset-base-griglia-a-legna\/","name":"Convivium Ensemble de base Gril \u00e0 bois - Il Giardino di Corten","isPartOf":{"@id":"https:\/\/ilgiardinodicorten.it\/#website"},"primaryImageOfPage":{"@id":"https:\/\/ilgiardinodicorten.it\/produit\/conviviumset-base-griglia-a-legna\/#primaryimage"},"image":{"@id":"https:\/\/ilgiardinodicorten.it\/produit\/conviviumset-base-griglia-a-legna\/#primaryimage"},"thumbnailUrl":"https:\/\/ilgiardinodicorten.it\/wp-content\/uploads\/2022\/12\/convivium-set-base-griglia-a-legna.jpg","datePublished":"2022-12-14T11:15:18+00:00","dateModified":"2024-05-10T15:06:07+00:00","breadcrumb":{"@id":"https:\/\/ilgiardinodicorten.it\/produit\/conviviumset-base-griglia-a-legna\/#breadcrumb"},"inLanguage":"fr-FR","potentialAction":[{"@type":"ReadAction","target":["https:\/\/ilgiardinodicorten.it\/produit\/conviviumset-base-griglia-a-legna\/"]}]},{"@type":"ImageObject","inLanguage":"fr-FR","@id":"https:\/\/ilgiardinodicorten.it\/produit\/conviviumset-base-griglia-a-legna\/#primaryimage","url":"https:\/\/ilgiardinodicorten.it\/wp-content\/uploads\/2022\/12\/convivium-set-base-griglia-a-legna.jpg","contentUrl":"https:\/\/ilgiardinodicorten.it\/wp-content\/uploads\/2022\/12\/convivium-set-base-griglia-a-legna.jpg","width":546,"height":368},{"@type":"BreadcrumbList","@id":"https:\/\/ilgiardinodicorten.it\/produit\/conviviumset-base-griglia-a-legna\/#breadcrumb","itemListElement":[{"@type":"ListItem","position":1,"name":"Home","item":"https:\/\/ilgiardinodicorten.it\/fr\/"},{"@type":"ListItem","position":2,"name":"Boutique","item":"https:\/\/ilgiardinodicorten.it\/fr\/boutique\/"},{"@type":"ListItem","position":3,"name":"ConviviumEnsemble de base Gril \u00e0 bois"}]},{"@type":"WebSite","@id":"https:\/\/ilgiardinodicorten.it\/#website","url":"https:\/\/ilgiardinodicorten.it\/","name":"Il Giardino di Corten","description":"","potentialAction":[{"@type":"SearchAction","target":{"@type":"EntryPoint","urlTemplate":"https:\/\/ilgiardinodicorten.it\/?s={search_term_string}"},"query-input":{"@type":"PropertyValueSpecification","valueRequired":true,"valueName":"search_term_string"}}],"inLanguage":"fr-FR"}]}},"_links":{"self":[{"href":"https:\/\/ilgiardinodicorten.it\/fr\/wp-json\/wp\/v2\/product\/22302","targetHints":{"allow":["GET"]}}],"collection":[{"href":"https:\/\/ilgiardinodicorten.it\/fr\/wp-json\/wp\/v2\/product"}],"about":[{"href":"https:\/\/ilgiardinodicorten.it\/fr\/wp-json\/wp\/v2\/types\/product"}],"wp:featuredmedia":[{"embeddable":true,"href":"https:\/\/ilgiardinodicorten.it\/fr\/wp-json\/wp\/v2\/media\/21509"}],"wp:attachment":[{"href":"https:\/\/ilgiardinodicorten.it\/fr\/wp-json\/wp\/v2\/media?parent=22302"}],"wp:term":[{"taxonomy":"product_brand","embeddable":true,"href":"https:\/\/ilgiardinodicorten.it\/fr\/wp-json\/wp\/v2\/product_brand?post=22302"},{"taxonomy":"product_cat","embeddable":true,"href":"https:\/\/ilgiardinodicorten.it\/fr\/wp-json\/wp\/v2\/product_cat?post=22302"},{"taxonomy":"product_tag","embeddable":true,"href":"https:\/\/ilgiardinodicorten.it\/fr\/wp-json\/wp\/v2\/product_tag?post=22302"}],"curies":[{"name":"wp","href":"https:\/\/api.w.org\/{rel}","templated":true}]}}